{"id":1615,"date":"2025-07-22T16:07:27","date_gmt":"2025-07-22T14:07:27","guid":{"rendered":"https:\/\/shemejisafari.com\/grosse-migration\/"},"modified":"2025-11-14T13:41:21","modified_gmt":"2025-11-14T12:41:21","slug":"grosse-migration","status":"publish","type":"page","link":"https:\/\/shemejisafari.com\/de\/grosse-migration\/","title":{"rendered":"Gro\u00dfe Migration"},"content":{"rendered":"\n\t<section class=\"section hero content-bottom dark\" id=\"section_1929232989\">\n\t\t<div class=\"section-bg fill\" >\n\t\t\t<img decoding=\"async\" width=\"2560\" height=\"939\" data-src=\"https:\/\/shemejisafari.com\/wp-content\/smush-webp\/2025\/10\/46661895244_aeef389983_o-scaled.jpg.webp\" class=\"bg attachment-original size-original lazyload\" alt=\"\" src=\"data:image\/svg+xml;base64,PHN2ZyB3aWR0aD0iMSIgaGVpZ2h0PSIxIiB4bWxucz0iaHR0cDovL3d3dy53My5vcmcvMjAwMC9zdmciPjwvc3ZnPg==\" style=\"--smush-placeholder-width: 2560px; --smush-placeholder-aspect-ratio: 2560\/939;\" data-srcset=\"https:\/\/shemejisafari.com\/wp-content\/smush-webp\/2025\/10\/46661895244_aeef389983_o-scaled.jpg.webp 2560w, https:\/\/shemejisafari.com\/wp-content\/smush-webp\/2025\/10\/46661895244_aeef389983_o-300x110.jpg.webp 300w, https:\/\/shemejisafari.com\/wp-content\/smush-webp\/2025\/10\/46661895244_aeef389983_o-1024x375.jpg.webp 1024w, https:\/\/shemejisafari.com\/wp-content\/smush-webp\/2025\/10\/46661895244_aeef389983_o-768x282.jpg.webp 768w, https:\/\/shemejisafari.com\/wp-content\/smush-webp\/2025\/10\/46661895244_aeef389983_o-1536x563.jpg.webp 1536w, https:\/\/shemejisafari.com\/wp-content\/smush-webp\/2025\/10\/46661895244_aeef389983_o-2048x751.jpg.webp 2048w\" data-sizes=\"auto\" data-original-sizes=\"(max-width: 2560px) 100vw, 2560px\" \/>\t\t\t\t\t\t<div class=\"section-bg-overlay absolute fill\"><\/div>\n\t\t\t\n\n\t\t<\/div>\n\n\t\t\n\n\t\t<div class=\"section-content relative\">\n\t\t\t\n<div class=\"row\"  id=\"row-538834577\">\n\n\t<div id=\"col-454307265\" class=\"col medium-6 small-12 large-6\"  >\n\t\t\t\t<div class=\"col-inner text-shadow-2\"  >\n\t\t\t\n\t\t\t\n<h1>Gro\u00dfe Migration<\/h1>\n<p>Die Gro\u00dfe Gnuwanderung: Ein Naturwunder in Tansania<\/p>\n\t\t<\/div>\n\t\t\t\t\t<\/div>\n\n\t\n<\/div>\n\t\t<\/div>\n\n\t\t\n<style>\n#section_1929232989 {\n  padding-top: 30px;\n  padding-bottom: 30px;\n  min-height: 400px;\n}\n#section_1929232989 .section-bg-overlay {\n  background-color: rgba(0, 0, 0, 0);\n}\n#section_1929232989 .section-bg img {\n  object-position: 50% 100%;\n}\n@media (min-width:550px) {\n  #section_1929232989 {\n    min-height: 600px;\n  }\n}\n<\/style>\n\t<\/section>\n\t\n\n\t<section class=\"section\" id=\"section_1456380566\">\n\t\t<div class=\"section-bg fill\" >\n\t\t\t\t\t\t\t\t\t\n\t\t\t\n\n\t\t<\/div>\n\n\t\t\n\n\t\t<div class=\"section-content relative\">\n\t\t\t\n<div class=\"row\"  id=\"row-659554114\">\n\n\t<div id=\"col-43372729\" class=\"col small-12 large-12\"  >\n\t\t\t\t<div class=\"col-inner\"  >\n\t\t\t\n\t\t\t\n\n\n\n\t\t<\/div>\n\t\t\t\t\t<\/div>\n\n\t\n<\/div>\n<div class=\"row align-middle\"  id=\"row-1489791345\">\n\n\t<div id=\"col-1574900559\" class=\"col medium-6 small-12 large-6\"  >\n\t\t\t\t<div class=\"col-inner\"  >\n\t\t\t\n\t\t\t\n<p>Die Gro\u00dfe Gnuwanderung in Tansania ist eines der spektakul\u00e4rsten Naturereignisse der Erde. Jedes Jahr ziehen \u00fcber 1,5 Millionen Gnus, Zebras und Gazellen auf der Suche nach frischem Weideland durch die Serengeti. Diese unglaubliche Wanderung bringt dramatische Fluss\u00fcberquerungen, Begegnungen mit Raubtieren und atemberaubende Landschaften mit sich. Die beste Zeit, um dieses Naturph\u00e4nomen zu beobachten, ist von Juli bis Oktober, wenn die Gnus den Mara-Fluss \u00fcberqueren.   <\/p>\n<p>Unsere Partnerunterk\u00fcnfte liegen strategisch g\u00fcnstig entlang der Migrationsroute, so dass Sie die Herden das ganze Jahr \u00fcber verfolgen k\u00f6nnen. Von wichtigen Aussichtspunkten in der Serengeti k\u00f6nnen Sie die Migration in verschiedenen Phasen erleben, was jeden Besuch zu einem einzigartigen Abenteuer macht. Neben der Migration selbst bietet die Serengeti eine F\u00fclle von Wildtieren, darunter L\u00f6wen, Geparden und Elefanten, sowie atemberaubende Sonnenunterg\u00e4nge \u00fcber der weiten Savanne. Gef\u00fchrte Pirschfahrten und Hei\u00dfluftballon-Safaris bieten unvergessliche Perspektiven auf diese sich st\u00e4ndig ver\u00e4ndernde Landschaft.   <\/p>\n\t<div id=\"gap-792349424\" class=\"gap-element clearfix\" style=\"display:block; height:auto;\">\n\t\t\n<style>\n#gap-792349424 {\n  padding-top: 30px;\n}\n<\/style>\n\t<\/div>\n\t\n<a href=\"https:\/\/shemejisafari.com\/de\/shemeji-pakete\/safari-pakete\/\" class=\"button success\" style=\"border-radius:99px;\">\n\t\t<span>Unsere Safari-Pakete ansehen<\/span>\n\t<\/a>\n\n\t\t<\/div>\n\t\t\t\t\t<\/div>\n\n\t\n\n\t<div id=\"col-730150063\" class=\"col medium-6 small-12 large-6 small-col-first\"  >\n\t\t\t\t<div class=\"col-inner\"  >\n\t\t\t\n\t\t\t\n\n  <div class=\"banner has-hover overlay-brush\" id=\"banner-876284710\">\n          <div class=\"banner-inner fill\">\n        <div class=\"banner-bg fill\" >\n            <img decoding=\"async\" width=\"1020\" height=\"765\" data-src=\"https:\/\/shemejisafari.com\/wp-content\/smush-webp\/2025\/10\/46696111354_469dbd3902_o-1024x768.jpg.webp\" class=\"bg attachment-large size-large lazyload\" alt=\"\" src=\"data:image\/svg+xml;base64,PHN2ZyB3aWR0aD0iMSIgaGVpZ2h0PSIxIiB4bWxucz0iaHR0cDovL3d3dy53My5vcmcvMjAwMC9zdmciPjwvc3ZnPg==\" style=\"--smush-placeholder-width: 1020px; --smush-placeholder-aspect-ratio: 1020\/765;\" data-srcset=\"https:\/\/shemejisafari.com\/wp-content\/smush-webp\/2025\/10\/46696111354_469dbd3902_o-1024x768.jpg.webp 1024w, https:\/\/shemejisafari.com\/wp-content\/smush-webp\/2025\/10\/46696111354_469dbd3902_o-300x225.jpg.webp 300w, https:\/\/shemejisafari.com\/wp-content\/smush-webp\/2025\/10\/46696111354_469dbd3902_o-768x576.jpg.webp 768w, https:\/\/shemejisafari.com\/wp-content\/smush-webp\/2025\/10\/46696111354_469dbd3902_o-1536x1152.jpg.webp 1536w, https:\/\/shemejisafari.com\/wp-content\/smush-webp\/2025\/10\/46696111354_469dbd3902_o-2048x1536.jpg.webp 2048w\" data-sizes=\"auto\" data-original-sizes=\"(max-width: 1020px) 100vw, 1020px\" \/>                        <div class=\"overlay\"><\/div>            \n                    <\/div>\n\t\t\n        <div class=\"banner-layers container\">\n            <div class=\"fill banner-link\"><\/div>            \n   <div id=\"text-box-1476832197\" class=\"text-box banner-layer x50 md-x50 lg-x50 y50 md-y50 lg-y50 res-text\">\n                                <div class=\"text-box-content text dark\">\n              \n              <div class=\"text-inner text-center\">\n                  \n              <\/div>\n           <\/div>\n                            \n<style>\n#text-box-1476832197 {\n  width: 60%;\n}\n#text-box-1476832197 .text-box-content {\n  font-size: 100%;\n}\n@media (min-width:550px) {\n  #text-box-1476832197 {\n    width: 60%;\n  }\n}\n<\/style>\n    <\/div>\n \n        <\/div>\n      <\/div>\n\n            \n<style>\n#banner-876284710 {\n  padding-top: 250px;\n}\n#banner-876284710 .overlay {\n  background-color: rgba(0, 0, 0, 0);\n}\n@media (min-width:550px) {\n  #banner-876284710 {\n    padding-top: 500px;\n  }\n}\n<\/style>\n  <\/div>\n\n\n\t\t<\/div>\n\t\t\t\t\t<\/div>\n\n\t\n<\/div>\n\t\t<\/div>\n\n\t\t\n<style>\n#section_1456380566 {\n  padding-top: 30px;\n  padding-bottom: 30px;\n}\n<\/style>\n\t<\/section>\n\t\n","protected":false},"excerpt":{"rendered":"","protected":false},"author":1,"featured_media":0,"parent":0,"menu_order":0,"comment_status":"closed","ping_status":"closed","template":"","meta":{"_acf_changed":false,"content-type":"","footnotes":""},"class_list":["post-1615","page","type-page","status-publish","hentry"],"acf":[],"_links":{"self":[{"href":"https:\/\/shemejisafari.com\/de\/wp-json\/wp\/v2\/pages\/1615","targetHints":{"allow":["GET"]}}],"collection":[{"href":"https:\/\/shemejisafari.com\/de\/wp-json\/wp\/v2\/pages"}],"about":[{"href":"https:\/\/shemejisafari.com\/de\/wp-json\/wp\/v2\/types\/page"}],"author":[{"embeddable":true,"href":"https:\/\/shemejisafari.com\/de\/wp-json\/wp\/v2\/users\/1"}],"replies":[{"embeddable":true,"href":"https:\/\/shemejisafari.com\/de\/wp-json\/wp\/v2\/comments?post=1615"}],"version-history":[{"count":11,"href":"https:\/\/shemejisafari.com\/de\/wp-json\/wp\/v2\/pages\/1615\/revisions"}],"predecessor-version":[{"id":6308,"href":"https:\/\/shemejisafari.com\/de\/wp-json\/wp\/v2\/pages\/1615\/revisions\/6308"}],"wp:attachment":[{"href":"https:\/\/shemejisafari.com\/de\/wp-json\/wp\/v2\/media?parent=1615"}],"curies":[{"name":"wp","href":"https:\/\/api.w.org\/{rel}","templated":true}]}}