{"id":1629,"date":"2025-07-22T15:57:15","date_gmt":"2025-07-22T13:57:15","guid":{"rendered":"https:\/\/shemejisafari.com\/tagesausfluege\/"},"modified":"2025-11-14T13:39:29","modified_gmt":"2025-11-14T12:39:29","slug":"tagesausfluege","status":"publish","type":"page","link":"https:\/\/shemejisafari.com\/de\/tagesausfluege\/","title":{"rendered":"Tagesausfl\u00fcge"},"content":{"rendered":"\n\t<section class=\"section hero content-bottom dark\" id=\"section_491840132\">\n\t\t<div class=\"section-bg fill\" >\n\t\t\t<img decoding=\"async\" width=\"2560\" height=\"1441\" data-src=\"https:\/\/shemejisafari.com\/wp-content\/smush-webp\/2025\/10\/53273928814_51806ffaaf_o-scaled.jpg.webp\" class=\"bg attachment-original size-original lazyload\" alt=\"\" src=\"data:image\/svg+xml;base64,PHN2ZyB3aWR0aD0iMSIgaGVpZ2h0PSIxIiB4bWxucz0iaHR0cDovL3d3dy53My5vcmcvMjAwMC9zdmciPjwvc3ZnPg==\" style=\"--smush-placeholder-width: 2560px; --smush-placeholder-aspect-ratio: 2560\/1441;\" data-srcset=\"https:\/\/shemejisafari.com\/wp-content\/smush-webp\/2025\/10\/53273928814_51806ffaaf_o-scaled.jpg.webp 2560w, https:\/\/shemejisafari.com\/wp-content\/smush-webp\/2025\/10\/53273928814_51806ffaaf_o-300x169.jpg.webp 300w, https:\/\/shemejisafari.com\/wp-content\/smush-webp\/2025\/10\/53273928814_51806ffaaf_o-1024x577.jpg.webp 1024w, https:\/\/shemejisafari.com\/wp-content\/smush-webp\/2025\/10\/53273928814_51806ffaaf_o-768x432.jpg.webp 768w, https:\/\/shemejisafari.com\/wp-content\/smush-webp\/2025\/10\/53273928814_51806ffaaf_o-1536x865.jpg.webp 1536w, https:\/\/shemejisafari.com\/wp-content\/smush-webp\/2025\/10\/53273928814_51806ffaaf_o-2048x1153.jpg.webp 2048w\" data-sizes=\"auto\" data-original-sizes=\"(max-width: 2560px) 100vw, 2560px\" \/>\t\t\t\t\t\t<div class=\"section-bg-overlay absolute fill\"><\/div>\n\t\t\t\n\n\t\t<\/div>\n\n\t\t\n\n\t\t<div class=\"section-content relative\">\n\t\t\t\n<div class=\"row\"  id=\"row-873269885\">\n\n\t<div id=\"col-1596997307\" class=\"col medium-6 small-12 large-6\"  >\n\t\t\t\t<div class=\"col-inner text-shadow-2\"  >\n\t\t\t\n\t\t\t\n<h1>Tagesausfl\u00fcge<\/h1>\n<p>Entdecken Sie unvergessliche Tagesausfl\u00fcge mit Shemeji Safari Tanzania: ab Arusha und Sansibar<\/p>\n\t\t<\/div>\n\t\t\t\t\t<\/div>\n\n\t\n<\/div>\n\t\t<\/div>\n\n\t\t\n<style>\n#section_491840132 {\n  padding-top: 30px;\n  padding-bottom: 30px;\n  min-height: 400px;\n}\n#section_491840132 .section-bg-overlay {\n  background-color: rgba(0, 0, 0, 0);\n}\n#section_491840132 .section-bg img {\n  object-position: 56% 57%;\n}\n@media (min-width:550px) {\n  #section_491840132 {\n    min-height: 600px;\n  }\n}\n<\/style>\n\t<\/section>\n\t\n\n\t<section class=\"section\" id=\"section_2124158857\">\n\t\t<div class=\"section-bg fill\" >\n\t\t\t\t\t\t\t\t\t\n\t\t\t\n\n\t\t<\/div>\n\n\t\t\n\n\t\t<div class=\"section-content relative\">\n\t\t\t\n<div class=\"row\"  id=\"row-1904464752\">\n\n\t<div id=\"col-679423855\" class=\"col small-12 large-12\"  >\n\t\t\t\t<div class=\"col-inner\"  >\n\t\t\t\n\t\t\t\n\n\n\n\t\t<\/div>\n\t\t\t\t\t<\/div>\n\n\t\n<\/div>\n<div class=\"row align-middle\"  id=\"row-1255929037\">\n\n\t<div id=\"col-1984126215\" class=\"col medium-6 small-12 large-6\"  >\n\t\t\t\t<div class=\"col-inner\"  >\n\t\t\t\n\t\t\t\n<p>M\u00f6chten Sie ein aufregendes Safari-Abenteuer erleben, haben aber nur wenig Zeit? Shemeji Safari Tanzania bietet unvergessliche Tagesausfl\u00fcge sowohl von Arusha als auch von Sansibar aus an. So k\u00f6nnen Sie die unglaubliche Tierwelt und die Landschaften Tansanias genie\u00dfen, ohne sich f\u00fcr mehrere Tage binden zu m\u00fcssen. <\/p>\n\t<div id=\"gap-2034738338\" class=\"gap-element clearfix\" style=\"display:block; height:auto;\">\n\t\t\n<style>\n#gap-2034738338 {\n  padding-top: 30px;\n}\n<\/style>\n\t<\/div>\n\t\n\t\t<\/div>\n\t\t\t\t\t<\/div>\n\n\t\n\n\t<div id=\"col-1440261598\" class=\"col medium-6 small-12 large-6 small-col-first\"  >\n\t\t\t\t<div class=\"col-inner\"  >\n\t\t\t\n\t\t\t\n\n  <div class=\"banner has-hover overlay-brush\" id=\"banner-732215482\">\n          <div class=\"banner-inner fill\">\n        <div class=\"banner-bg fill\" >\n            <img decoding=\"async\" width=\"1800\" height=\"1200\" data-src=\"https:\/\/shemejisafari.com\/wp-content\/smush-webp\/2025\/07\/shutterstock_2355439047.jpg.webp\" class=\"bg attachment-2048x2048 size-2048x2048 lazyload\" alt=\"\" src=\"data:image\/svg+xml;base64,PHN2ZyB3aWR0aD0iMSIgaGVpZ2h0PSIxIiB4bWxucz0iaHR0cDovL3d3dy53My5vcmcvMjAwMC9zdmciPjwvc3ZnPg==\" style=\"--smush-placeholder-width: 1800px; --smush-placeholder-aspect-ratio: 1800\/1200;\" data-srcset=\"https:\/\/shemejisafari.com\/wp-content\/smush-webp\/2025\/07\/shutterstock_2355439047.jpg.webp 1800w, https:\/\/shemejisafari.com\/wp-content\/smush-webp\/2025\/07\/shutterstock_2355439047-300x200.jpg.webp 300w, https:\/\/shemejisafari.com\/wp-content\/smush-webp\/2025\/07\/shutterstock_2355439047-1024x683.jpg.webp 1024w, https:\/\/shemejisafari.com\/wp-content\/smush-webp\/2025\/07\/shutterstock_2355439047-768x512.jpg.webp 768w, https:\/\/shemejisafari.com\/wp-content\/smush-webp\/2025\/07\/shutterstock_2355439047-1536x1024.jpg.webp 1536w\" data-sizes=\"auto\" data-original-sizes=\"(max-width: 1800px) 100vw, 1800px\" \/>                        <div class=\"overlay\"><\/div>            \n                    <\/div>\n\t\t\n        <div class=\"banner-layers container\">\n            <div class=\"fill banner-link\"><\/div>            \n   <div id=\"text-box-2079539765\" class=\"text-box banner-layer x50 md-x50 lg-x50 y50 md-y50 lg-y50 res-text\">\n                                <div class=\"text-box-content text dark\">\n              \n              <div class=\"text-inner text-center\">\n                  \n              <\/div>\n           <\/div>\n                            \n<style>\n#text-box-2079539765 {\n  width: 60%;\n}\n#text-box-2079539765 .text-box-content {\n  font-size: 100%;\n}\n@media (min-width:550px) {\n  #text-box-2079539765 {\n    width: 60%;\n  }\n}\n<\/style>\n    <\/div>\n \n        <\/div>\n      <\/div>\n\n            \n<style>\n#banner-732215482 {\n  padding-top: 250px;\n}\n#banner-732215482 .overlay {\n  background-color: rgba(0, 0, 0, 0);\n}\n@media (min-width:550px) {\n  #banner-732215482 {\n    padding-top: 350px;\n  }\n}\n<\/style>\n  <\/div>\n\n\n\t\t<\/div>\n\t\t\t\t\t<\/div>\n\n\t\n<\/div>\n\t<div id=\"gap-1881831829\" class=\"gap-element clearfix\" style=\"display:block; height:auto;\">\n\t\t\n<style>\n#gap-1881831829 {\n  padding-top: 60px;\n}\n<\/style>\n\t<\/div>\n\t\n<div class=\"row align-middle\"  id=\"row-288954075\">\n\n\t<div id=\"col-1137253845\" class=\"col medium-6 small-12 large-6 small-col-first\"  >\n\t\t\t\t<div class=\"col-inner\"  >\n\t\t\t\n\t\t\t\n\n  <div class=\"banner has-hover overlay-brush\" id=\"banner-339069047\">\n          <div class=\"banner-inner fill\">\n        <div class=\"banner-bg fill\" >\n            <img decoding=\"async\" width=\"1800\" height=\"1200\" data-src=\"https:\/\/shemejisafari.com\/wp-content\/smush-webp\/2025\/08\/PARK-TARANGIRE-NATIONAL-PARK.jpg.webp\" class=\"bg attachment-2048x2048 size-2048x2048 lazyload\" alt=\"\" src=\"data:image\/svg+xml;base64,PHN2ZyB3aWR0aD0iMSIgaGVpZ2h0PSIxIiB4bWxucz0iaHR0cDovL3d3dy53My5vcmcvMjAwMC9zdmciPjwvc3ZnPg==\" style=\"--smush-placeholder-width: 1800px; --smush-placeholder-aspect-ratio: 1800\/1200;\" data-srcset=\"https:\/\/shemejisafari.com\/wp-content\/smush-webp\/2025\/08\/PARK-TARANGIRE-NATIONAL-PARK.jpg.webp 1800w, https:\/\/shemejisafari.com\/wp-content\/smush-webp\/2025\/08\/PARK-TARANGIRE-NATIONAL-PARK-600x400.jpg.webp 600w, https:\/\/shemejisafari.com\/wp-content\/smush-webp\/2025\/08\/PARK-TARANGIRE-NATIONAL-PARK-300x200.jpg.webp 300w, https:\/\/shemejisafari.com\/wp-content\/smush-webp\/2025\/08\/PARK-TARANGIRE-NATIONAL-PARK-1024x683.jpg.webp 1024w, https:\/\/shemejisafari.com\/wp-content\/smush-webp\/2025\/08\/PARK-TARANGIRE-NATIONAL-PARK-768x512.jpg.webp 768w, https:\/\/shemejisafari.com\/wp-content\/smush-webp\/2025\/08\/PARK-TARANGIRE-NATIONAL-PARK-1536x1024.jpg.webp 1536w\" data-sizes=\"auto\" data-original-sizes=\"(max-width: 1800px) 100vw, 1800px\" \/>                        <div class=\"overlay\"><\/div>            \n                    <\/div>\n\t\t\n        <div class=\"banner-layers container\">\n            <div class=\"fill banner-link\"><\/div>            \n   <div id=\"text-box-987623223\" class=\"text-box banner-layer x50 md-x50 lg-x50 y50 md-y50 lg-y50 res-text\">\n                                <div class=\"text-box-content text dark\">\n              \n              <div class=\"text-inner text-center\">\n                  \n              <\/div>\n           <\/div>\n                            \n<style>\n#text-box-987623223 {\n  width: 60%;\n}\n#text-box-987623223 .text-box-content {\n  font-size: 100%;\n}\n@media (min-width:550px) {\n  #text-box-987623223 {\n    width: 60%;\n  }\n}\n<\/style>\n    <\/div>\n \n        <\/div>\n      <\/div>\n\n            \n<style>\n#banner-339069047 {\n  padding-top: 250px;\n}\n#banner-339069047 .overlay {\n  background-color: rgba(0, 0, 0, 0);\n}\n#banner-339069047 .banner-bg img {\n  object-position: 52% 46%;\n}\n@media (min-width:550px) {\n  #banner-339069047 {\n    padding-top: 500px;\n  }\n}\n<\/style>\n  <\/div>\n\n\n\t\t<\/div>\n\t\t\t\t\t<\/div>\n\n\t\n\n\t<div id=\"col-1541326892\" class=\"col medium-6 small-12 large-6\"  >\n\t\t\t\t<div class=\"col-inner\"  >\n\t\t\t\n\t\t\t\n<h2>Tagesausfl\u00fcge von Arusha<\/h2>\n<p>Arusha ist der perfekte Ausgangspunkt, um den faszinierenden n\u00f6rdlichen Teil Tansanias zu erkunden. Am Fu\u00dfe des Kilimandscharo und in der N\u00e4he der Serengeti gelegen, ist diese Stadt ideal, um mehrere Nationalparks zu erreichen, die nur eine kurze Strecke entfernt sind. In nur wenigen Stunden werden Sie in einige der ber\u00fchmtesten Parks des Landes eintauchen k\u00f6nnen.  <\/p>\n<p>Die Ausfl\u00fcge sind so konzipiert, dass Sie m\u00f6glichst viel Zeit haben. Deshalb werden Sie von Experten gef\u00fchrt, die Ihnen alles erkl\u00e4ren. Wir garantieren, dass Sie ein intensives Erlebnis voller Emotionen und Entdeckungen genie\u00dfen werden. <\/p>\n<ul>\n<li><a href=\"https:\/\/shemejisafari.com\/de\/reisen\/tagessafari-ab-arusha-ngorongoro-krater\/\"><strong>Tagessafari zum Ngorongoro-Krater<\/strong><\/a><\/li>\n<li><a href=\"https:\/\/shemejisafari.com\/de\/reisen\/tagessafari-ab-arusha-lake-manyara-national-park\/\"><strong>Tagessafari zum Lake Manyara National Park<\/strong><\/a><\/li>\n<li><a href=\"https:\/\/shemejisafari.com\/de\/reisen\/tagessafari-von-arusha-arusha-national-park\/\"><strong>Tagessafari zum Arusha National Park<\/strong><\/a><\/li>\n<li><a href=\"https:\/\/shemejisafari.com\/de\/reisen\/tagessafari-ab-arusha-tarangire-nationalpark\/\"><strong>Tagessafari zum Tarangire-Nationalpark<\/strong><\/a><\/li>\n<\/ul>\n\t<div id=\"gap-1962114155\" class=\"gap-element clearfix\" style=\"display:block; height:auto;\">\n\t\t\n<style>\n#gap-1962114155 {\n  padding-top: 30px;\n}\n<\/style>\n\t<\/div>\n\t\n\t\t<\/div>\n\t\t\t\t\t<\/div>\n\n\t\n<\/div>\n\t<div id=\"gap-1117567790\" class=\"gap-element clearfix\" style=\"display:block; height:auto;\">\n\t\t\n<style>\n#gap-1117567790 {\n  padding-top: 60px;\n}\n<\/style>\n\t<\/div>\n\t\n<div class=\"row align-middle\"  id=\"row-334827661\">\n\n\t<div id=\"col-938184791\" class=\"col medium-6 small-12 large-6\"  >\n\t\t\t\t<div class=\"col-inner\"  >\n\t\t\t\n\t\t\t\n<h2>Tagesausfl\u00fcge von Sansibar<\/h2>\n<p>Wenn Sie auf Sansibar bleiben, k\u00f6nnen Sie auch ein echtes Safari-Abenteuer erleben, ohne die Insel zu verlassen. Shemeji bietet Direktfl\u00fcge von Sansibar zu Safarizielen im Selous-Reservat und im Mikumi-Nationalpark an, wo Sie an nur einem Tag eine spektakul\u00e4re Safari erleben k\u00f6nnen. <\/p>\n<p>Unsere Tagesausfl\u00fcge von Sansibar aus erm\u00f6glichen es Ihnen, den Tag an den wei\u00dfen Sandstr\u00e4nden der Insel zu beginnen und ihn im Herzen der afrikanischen Savanne zu beenden und ein unvergessliches Wildtierabenteuer zu erleben &#8211; und das alles in Rekordzeit!<\/p>\n<p>Machen Sie Ihren Aufenthalt in Arusha oder Sansibar zu einem unvergesslichen Erlebnis!<\/p>\n<ul>\n<li><a href=\"https:\/\/shemejisafari.com\/de\/reisen\/von-sansibar-aus-tagesausflug-zum-mikumi-national-park\/\"><strong>Tagessafari Mikumi<\/strong><\/a><\/li>\n<li>Tagessafari Selous<\/li>\n<\/ul>\n\t<div id=\"gap-1322804568\" class=\"gap-element clearfix\" style=\"display:block; height:auto;\">\n\t\t\n<style>\n#gap-1322804568 {\n  padding-top: 30px;\n}\n<\/style>\n\t<\/div>\n\t\n\t\t<\/div>\n\t\t\t\t\t<\/div>\n\n\t\n\n\t<div id=\"col-1665057079\" class=\"col medium-6 small-12 large-6 small-col-first\"  >\n\t\t\t\t<div class=\"col-inner\"  >\n\t\t\t\n\t\t\t\n\n  <div class=\"banner has-hover overlay-brush\" id=\"banner-1526107656\">\n          <div class=\"banner-inner fill\">\n        <div class=\"banner-bg fill\" >\n            <img decoding=\"async\" width=\"1800\" height=\"1200\" data-src=\"https:\/\/shemejisafari.com\/wp-content\/smush-webp\/2025\/08\/From-Zanzibar-Day-Safari-Mikumi.jpg.webp\" class=\"bg attachment-2048x2048 size-2048x2048 lazyload\" alt=\"\" src=\"data:image\/svg+xml;base64,PHN2ZyB3aWR0aD0iMSIgaGVpZ2h0PSIxIiB4bWxucz0iaHR0cDovL3d3dy53My5vcmcvMjAwMC9zdmciPjwvc3ZnPg==\" style=\"--smush-placeholder-width: 1800px; --smush-placeholder-aspect-ratio: 1800\/1200;\" data-srcset=\"https:\/\/shemejisafari.com\/wp-content\/smush-webp\/2025\/08\/From-Zanzibar-Day-Safari-Mikumi.jpg.webp 1800w, https:\/\/shemejisafari.com\/wp-content\/smush-webp\/2025\/08\/From-Zanzibar-Day-Safari-Mikumi-300x200.jpg.webp 300w, https:\/\/shemejisafari.com\/wp-content\/smush-webp\/2025\/08\/From-Zanzibar-Day-Safari-Mikumi-1024x683.jpg.webp 1024w, https:\/\/shemejisafari.com\/wp-content\/smush-webp\/2025\/08\/From-Zanzibar-Day-Safari-Mikumi-768x512.jpg.webp 768w, https:\/\/shemejisafari.com\/wp-content\/smush-webp\/2025\/08\/From-Zanzibar-Day-Safari-Mikumi-1536x1024.jpg.webp 1536w\" data-sizes=\"auto\" data-original-sizes=\"(max-width: 1800px) 100vw, 1800px\" \/>                        <div class=\"overlay\"><\/div>            \n                    <\/div>\n\t\t\n        <div class=\"banner-layers container\">\n            <div class=\"fill banner-link\"><\/div>            \n   <div id=\"text-box-878627676\" class=\"text-box banner-layer x50 md-x50 lg-x50 y50 md-y50 lg-y50 res-text\">\n                                <div class=\"text-box-content text dark\">\n              \n              <div class=\"text-inner text-center\">\n                  \n              <\/div>\n           <\/div>\n                            \n<style>\n#text-box-878627676 {\n  width: 60%;\n}\n#text-box-878627676 .text-box-content {\n  font-size: 100%;\n}\n@media (min-width:550px) {\n  #text-box-878627676 {\n    width: 60%;\n  }\n}\n<\/style>\n    <\/div>\n \n        <\/div>\n      <\/div>\n\n            \n<style>\n#banner-1526107656 {\n  padding-top: 250px;\n}\n#banner-1526107656 .overlay {\n  background-color: rgba(0, 0, 0, 0);\n}\n@media (min-width:550px) {\n  #banner-1526107656 {\n    padding-top: 500px;\n  }\n}\n<\/style>\n  <\/div>\n\n\n\t\t<\/div>\n\t\t\t\t\t<\/div>\n\n\t\n<\/div>\n\t\t<\/div>\n\n\t\t\n<style>\n#section_2124158857 {\n  padding-top: 30px;\n  padding-bottom: 30px;\n}\n<\/style>\n\t<\/section>\n\t\n","protected":false},"excerpt":{"rendered":"","protected":false},"author":1,"featured_media":0,"parent":0,"menu_order":0,"comment_status":"closed","ping_status":"closed","template":"","meta":{"_acf_changed":false,"content-type":"","footnotes":""},"class_list":["post-1629","page","type-page","status-publish","hentry"],"acf":[],"_links":{"self":[{"href":"https:\/\/shemejisafari.com\/de\/wp-json\/wp\/v2\/pages\/1629","targetHints":{"allow":["GET"]}}],"collection":[{"href":"https:\/\/shemejisafari.com\/de\/wp-json\/wp\/v2\/pages"}],"about":[{"href":"https:\/\/shemejisafari.com\/de\/wp-json\/wp\/v2\/types\/page"}],"author":[{"embeddable":true,"href":"https:\/\/shemejisafari.com\/de\/wp-json\/wp\/v2\/users\/1"}],"replies":[{"embeddable":true,"href":"https:\/\/shemejisafari.com\/de\/wp-json\/wp\/v2\/comments?post=1629"}],"version-history":[{"count":13,"href":"https:\/\/shemejisafari.com\/de\/wp-json\/wp\/v2\/pages\/1629\/revisions"}],"predecessor-version":[{"id":6293,"href":"https:\/\/shemejisafari.com\/de\/wp-json\/wp\/v2\/pages\/1629\/revisions\/6293"}],"wp:attachment":[{"href":"https:\/\/shemejisafari.com\/de\/wp-json\/wp\/v2\/media?parent=1629"}],"curies":[{"name":"wp","href":"https:\/\/api.w.org\/{rel}","templated":true}]}}