{"id":1683,"date":"2025-07-21T09:46:05","date_gmt":"2025-07-21T07:46:05","guid":{"rendered":"https:\/\/shemejisafari.com\/inseln\/"},"modified":"2025-11-14T16:15:35","modified_gmt":"2025-11-14T15:15:35","slug":"inseln","status":"publish","type":"page","link":"https:\/\/shemejisafari.com\/de\/inseln\/","title":{"rendered":"Inseln"},"content":{"rendered":"\n\t<section class=\"section hero content-bottom dark\" id=\"section_1329380472\">\n\t\t<div class=\"section-bg fill\" >\n\t\t\t<img decoding=\"async\" width=\"2560\" height=\"1707\" data-src=\"https:\/\/shemejisafari.com\/wp-content\/smush-webp\/2025\/10\/54643422149_197da1278f_o-scaled.jpg.webp\" class=\"bg attachment-original size-original lazyload\" alt=\"\" src=\"data:image\/svg+xml;base64,PHN2ZyB3aWR0aD0iMSIgaGVpZ2h0PSIxIiB4bWxucz0iaHR0cDovL3d3dy53My5vcmcvMjAwMC9zdmciPjwvc3ZnPg==\" style=\"--smush-placeholder-width: 2560px; --smush-placeholder-aspect-ratio: 2560\/1707;\" data-srcset=\"https:\/\/shemejisafari.com\/wp-content\/smush-webp\/2025\/10\/54643422149_197da1278f_o-scaled.jpg.webp 2560w, https:\/\/shemejisafari.com\/wp-content\/smush-webp\/2025\/10\/54643422149_197da1278f_o-300x200.jpg.webp 300w, https:\/\/shemejisafari.com\/wp-content\/smush-webp\/2025\/10\/54643422149_197da1278f_o-1024x683.jpg.webp 1024w, https:\/\/shemejisafari.com\/wp-content\/smush-webp\/2025\/10\/54643422149_197da1278f_o-768x512.jpg.webp 768w, https:\/\/shemejisafari.com\/wp-content\/smush-webp\/2025\/10\/54643422149_197da1278f_o-1536x1024.jpg.webp 1536w, https:\/\/shemejisafari.com\/wp-content\/smush-webp\/2025\/10\/54643422149_197da1278f_o-2048x1365.jpg.webp 2048w\" data-sizes=\"auto\" data-original-sizes=\"(max-width: 2560px) 100vw, 2560px\" \/>\t\t\t\t\t\t<div class=\"section-bg-overlay absolute fill\"><\/div>\n\t\t\t\n\n\t\t<\/div>\n\n\t\t\n\n\t\t<div class=\"section-content relative\">\n\t\t\t\n<div class=\"row\"  id=\"row-1541769476\">\n\n\t<div id=\"col-623786869\" class=\"col medium-6 small-12 large-6\"  >\n\t\t\t\t<div class=\"col-inner text-shadow-2\"  >\n\t\t\t\n\t\t\t\n<h1>Inseln<\/h1>\n<p>Entdecken Sie Tansanias spektakul\u00e4re Inseln: Sansibar, Pemba, Mafia &amp; mehr<\/p>\n\t\t<\/div>\n\t\t\t\t\t<\/div>\n\n\t\n<\/div>\n\t\t<\/div>\n\n\t\t\n<style>\n#section_1329380472 {\n  padding-top: 30px;\n  padding-bottom: 30px;\n  min-height: 400px;\n}\n#section_1329380472 .section-bg-overlay {\n  background-color: rgba(0, 0, 0, 0);\n}\n#section_1329380472 .section-bg img {\n  object-position: 89% 60%;\n}\n@media (min-width:550px) {\n  #section_1329380472 {\n    min-height: 600px;\n  }\n}\n<\/style>\n\t<\/section>\n\t\n\n\t<section class=\"section\" id=\"section_1917305236\">\n\t\t<div class=\"section-bg fill\" >\n\t\t\t\t\t\t\t\t\t\n\t\t\t\n\n\t\t<\/div>\n\n\t\t\n\n\t\t<div class=\"section-content relative\">\n\t\t\t\n<div class=\"row\"  id=\"row-883351003\">\n\n\t<div id=\"col-1124471871\" class=\"col small-12 large-12\"  >\n\t\t\t\t<div class=\"col-inner\"  >\n\t\t\t\n\t\t\t\n\n\n\n\t\t<\/div>\n\t\t\t\t\t<\/div>\n\n\t\n<\/div>\n<div class=\"row align-middle\"  id=\"row-1151587810\">\n\n\t<div id=\"col-651862385\" class=\"col medium-6 small-12 large-6\"  >\n\t\t\t\t<div class=\"col-inner\"  >\n\t\t\t\n\t\t\t\n<p>Die Inseln Tansanias bieten eine einzigartige Mischung aus nat\u00fcrlicher Sch\u00f6nheit und Abenteuer. Der Sansibar-Archipel mit seinen Hauptinseln Unguja und Pemba bietet wei\u00dfe Sandstr\u00e4nde, t\u00fcrkisfarbenes Wasser und lebhafte Korallenriffe, die sich perfekt zum Tauchen und Schnorcheln eignen. Die Insel Mafia ist ein ruhigerer R\u00fcckzugsort, der f\u00fcr seine Walhaie und sein reiches Meeresleben bekannt ist.  <\/p>\n\t\t<\/div>\n\t\t\t\t\t<\/div>\n\n\t\n\n\t<div id=\"col-2091877972\" class=\"col medium-6 small-12 large-6 small-col-first\"  >\n\t\t\t\t<div class=\"col-inner\"  >\n\t\t\t\n\t\t\t\n\n  <div class=\"banner has-hover overlay-brush\" id=\"banner-1972193902\">\n          <div class=\"banner-inner fill\">\n        <div class=\"banner-bg fill\" >\n            <img decoding=\"async\" width=\"1800\" height=\"1200\" data-src=\"https:\/\/shemejisafari.com\/wp-content\/smush-webp\/2025\/09\/shutterstock_2287550639.jpg.webp\" class=\"bg attachment-2048x2048 size-2048x2048 lazyload\" alt=\"\" src=\"data:image\/svg+xml;base64,PHN2ZyB3aWR0aD0iMSIgaGVpZ2h0PSIxIiB4bWxucz0iaHR0cDovL3d3dy53My5vcmcvMjAwMC9zdmciPjwvc3ZnPg==\" style=\"--smush-placeholder-width: 1800px; --smush-placeholder-aspect-ratio: 1800\/1200;\" data-srcset=\"https:\/\/shemejisafari.com\/wp-content\/smush-webp\/2025\/09\/shutterstock_2287550639.jpg.webp 1800w, https:\/\/shemejisafari.com\/wp-content\/smush-webp\/2025\/09\/shutterstock_2287550639-300x200.jpg.webp 300w, https:\/\/shemejisafari.com\/wp-content\/smush-webp\/2025\/09\/shutterstock_2287550639-1024x683.jpg.webp 1024w, https:\/\/shemejisafari.com\/wp-content\/smush-webp\/2025\/09\/shutterstock_2287550639-768x512.jpg.webp 768w, https:\/\/shemejisafari.com\/wp-content\/smush-webp\/2025\/09\/shutterstock_2287550639-1536x1024.jpg.webp 1536w\" data-sizes=\"auto\" data-original-sizes=\"(max-width: 1800px) 100vw, 1800px\" \/>                        <div class=\"overlay\"><\/div>            \n                    <\/div>\n\t\t\n        <div class=\"banner-layers container\">\n            <div class=\"fill banner-link\"><\/div>            \n   <div id=\"text-box-166975158\" class=\"text-box banner-layer x50 md-x50 lg-x50 y50 md-y50 lg-y50 res-text\">\n                                <div class=\"text-box-content text dark\">\n              \n              <div class=\"text-inner text-center\">\n                  \n              <\/div>\n           <\/div>\n                            \n<style>\n#text-box-166975158 {\n  width: 60%;\n}\n#text-box-166975158 .text-box-content {\n  font-size: 100%;\n}\n@media (min-width:550px) {\n  #text-box-166975158 {\n    width: 60%;\n  }\n}\n<\/style>\n    <\/div>\n \n        <\/div>\n      <\/div>\n\n            \n<style>\n#banner-1972193902 {\n  padding-top: 250px;\n}\n#banner-1972193902 .overlay {\n  background-color: rgba(0, 0, 0, 0);\n}\n@media (min-width:550px) {\n  #banner-1972193902 {\n    padding-top: 350px;\n  }\n}\n<\/style>\n  <\/div>\n\n\n\t\t<\/div>\n\t\t\t\t\t<\/div>\n\n\t\n<\/div>\n<div class=\"row align-middle\"  id=\"row-86708352\">\n\n\t<div id=\"col-508102372\" class=\"col medium-6 small-12 large-6 small-col-first\"  >\n\t\t\t\t<div class=\"col-inner\"  >\n\t\t\t\n\t\t\t\n\n  <div class=\"banner has-hover overlay-brush\" id=\"banner-1467959211\">\n          <div class=\"banner-inner fill\">\n        <div class=\"banner-bg fill\" >\n            <img decoding=\"async\" width=\"2048\" height=\"1535\" data-src=\"https:\/\/shemejisafari.com\/wp-content\/smush-webp\/2025\/07\/zanzibar-placeholder-2048x1535.jpg.webp\" class=\"bg attachment-2048x2048 size-2048x2048 lazyload\" alt=\"\" src=\"data:image\/svg+xml;base64,PHN2ZyB3aWR0aD0iMSIgaGVpZ2h0PSIxIiB4bWxucz0iaHR0cDovL3d3dy53My5vcmcvMjAwMC9zdmciPjwvc3ZnPg==\" style=\"--smush-placeholder-width: 2048px; --smush-placeholder-aspect-ratio: 2048\/1535;\" data-srcset=\"https:\/\/shemejisafari.com\/wp-content\/smush-webp\/2025\/07\/zanzibar-placeholder-2048x1535.jpg.webp 2048w, https:\/\/shemejisafari.com\/wp-content\/smush-webp\/2025\/07\/zanzibar-placeholder-300x225.jpg.webp 300w, https:\/\/shemejisafari.com\/wp-content\/smush-webp\/2025\/07\/zanzibar-placeholder-1024x767.jpg.webp 1024w, https:\/\/shemejisafari.com\/wp-content\/smush-webp\/2025\/07\/zanzibar-placeholder-768x576.jpg.webp 768w, https:\/\/shemejisafari.com\/wp-content\/smush-webp\/2025\/07\/zanzibar-placeholder-1536x1151.jpg.webp 1536w\" data-sizes=\"auto\" data-original-sizes=\"(max-width: 2048px) 100vw, 2048px\" \/>                        <div class=\"overlay\"><\/div>            \n                    <\/div>\n\t\t\n        <div class=\"banner-layers container\">\n            <div class=\"fill banner-link\"><\/div>            \n   <div id=\"text-box-2131841486\" class=\"text-box banner-layer x50 md-x50 lg-x50 y50 md-y50 lg-y50 res-text\">\n                                <div class=\"text-box-content text dark\">\n              \n              <div class=\"text-inner text-center\">\n                  \n              <\/div>\n           <\/div>\n                            \n<style>\n#text-box-2131841486 {\n  width: 60%;\n}\n#text-box-2131841486 .text-box-content {\n  font-size: 100%;\n}\n@media (min-width:550px) {\n  #text-box-2131841486 {\n    width: 60%;\n  }\n}\n<\/style>\n    <\/div>\n \n        <\/div>\n      <\/div>\n\n            \n<style>\n#banner-1467959211 {\n  padding-top: 250px;\n}\n#banner-1467959211 .overlay {\n  background-color: rgba(0, 0, 0, 0);\n}\n#banner-1467959211 .banner-bg img {\n  object-position: 27% 46%;\n}\n@media (min-width:550px) {\n  #banner-1467959211 {\n    padding-top: 500px;\n  }\n}\n<\/style>\n  <\/div>\n\n\n\t\t<\/div>\n\t\t\t\t\t<\/div>\n\n\t\n\n\t<div id=\"col-1271223258\" class=\"col medium-6 small-12 large-6\"  >\n\t\t\t\t<div class=\"col-inner\"  >\n\t\t\t\n\t\t\t\n<h2>Sansibar<\/h2>\n<p class=\"lead\">Sansibars unber\u00fchrtes Paradies!<\/p>\n<p>Es gibt keine bessere Art, Ihre Safari zu beenden, als ein paar Tage an den unber\u00fchrten Str\u00e4nden der exotischen Insel Sansibar zu entspannen. Sansibar ist ber\u00fchmt f\u00fcr seinen tropischen Charakter. Die K\u00fcste Sansibars besteht haupts\u00e4chlich aus wei\u00dfen Sandstr\u00e4nden und klarem, blauem Wasser. Schlendern Sie durch die gepflasterten Gassen der historischen Steinstadt und wenn Sie an einer der vielen Palastruinen und persischen B\u00e4der vorbeikommen, ist es unm\u00f6glich, nicht von dem starken arabischen Einfluss und der Romantik der Insel gefangen genommen zu werden.   <\/p>\n<a href=\"https:\/\/shemejisafari.com\/de\/sansibar\/\" class=\"button primary\" style=\"border-radius:99px;\">\n\t\t<span>Unsere Unterk\u00fcnfte ansehen<\/span>\n\t<\/a>\n\n<a href=\"https:\/\/shemejisafari.com\/de\/sansibar\/\" class=\"button success\" style=\"border-radius:99px;\">\n\t\t<span>Aktivit\u00e4ten in Sansibar anzeigen<\/span>\n\t<\/a>\n\n\t\t<\/div>\n\t\t\t\t\t<\/div>\n\n\t\n<\/div>\n<div class=\"row align-middle\"  id=\"row-311437344\">\n\n\t<div id=\"col-1262939382\" class=\"col medium-6 small-12 large-6\"  >\n\t\t\t\t<div class=\"col-inner\"  >\n\t\t\t\n\t\t\t\n<h2>Pemba<\/h2>\n<p class=\"lead\">Das Juwel des Indischen Ozeans!<\/p>\n<p>Die Insel Pemba, die weniger bekannte Schwester Sansibars, ist eine Oase der Ruhe und nat\u00fcrlichen Sch\u00f6nheit. Mit ihren unber\u00fchrten Str\u00e4nden, \u00fcppigen Mangroven und lebhaften Korallenriffen ist sie perfekt f\u00fcr Entspannung oder Abenteuer. Tauchen Sie in das kristallklare Wasser und entdecken Sie einige der artenreichsten Meeresbewohner Ostafrikas, oder erkunden Sie die Gew\u00fcrzfarmen und W\u00e4lder, die Pemba seinen besonderen Charme verleihen. Mit weniger Touristen als Sansibar bietet Pemba einen ruhigen Zufluchtsort, an dem Sie in die Natur eintauchen und die wahre Essenz des Insellebens erleben k\u00f6nnen.   <\/p>\n\t\t<\/div>\n\t\t\t\t\t<\/div>\n\n\t\n\n\t<div id=\"col-637013629\" class=\"col medium-6 small-12 large-6 small-col-first\"  >\n\t\t\t\t<div class=\"col-inner\"  >\n\t\t\t\n\t\t\t\n\n  <div class=\"banner has-hover overlay-brush\" id=\"banner-101778040\">\n          <div class=\"banner-inner fill\">\n        <div class=\"banner-bg fill\" >\n            <img decoding=\"async\" width=\"2048\" height=\"1153\" data-src=\"https:\/\/shemejisafari.com\/wp-content\/smush-webp\/2025\/10\/52556245240_f2674bfd7b_o-2048x1153.jpg.webp\" class=\"bg attachment-2048x2048 size-2048x2048 lazyload\" alt=\"\" src=\"data:image\/svg+xml;base64,PHN2ZyB3aWR0aD0iMSIgaGVpZ2h0PSIxIiB4bWxucz0iaHR0cDovL3d3dy53My5vcmcvMjAwMC9zdmciPjwvc3ZnPg==\" style=\"--smush-placeholder-width: 2048px; --smush-placeholder-aspect-ratio: 2048\/1153;\" data-srcset=\"https:\/\/shemejisafari.com\/wp-content\/smush-webp\/2025\/10\/52556245240_f2674bfd7b_o-2048x1153.jpg.webp 2048w, https:\/\/shemejisafari.com\/wp-content\/smush-webp\/2025\/10\/52556245240_f2674bfd7b_o-300x169.jpg.webp 300w, https:\/\/shemejisafari.com\/wp-content\/smush-webp\/2025\/10\/52556245240_f2674bfd7b_o-1024x577.jpg.webp 1024w, https:\/\/shemejisafari.com\/wp-content\/smush-webp\/2025\/10\/52556245240_f2674bfd7b_o-768x432.jpg.webp 768w, https:\/\/shemejisafari.com\/wp-content\/smush-webp\/2025\/10\/52556245240_f2674bfd7b_o-1536x865.jpg.webp 1536w\" data-sizes=\"auto\" data-original-sizes=\"(max-width: 2048px) 100vw, 2048px\" \/>                        <div class=\"overlay\"><\/div>            \n                    <\/div>\n\t\t\n        <div class=\"banner-layers container\">\n            <div class=\"fill banner-link\"><\/div>            \n   <div id=\"text-box-444493088\" class=\"text-box banner-layer x50 md-x50 lg-x50 y50 md-y50 lg-y50 res-text\">\n                                <div class=\"text-box-content text dark\">\n              \n              <div class=\"text-inner text-center\">\n                  \n              <\/div>\n           <\/div>\n                            \n<style>\n#text-box-444493088 {\n  width: 60%;\n}\n#text-box-444493088 .text-box-content {\n  font-size: 100%;\n}\n@media (min-width:550px) {\n  #text-box-444493088 {\n    width: 60%;\n  }\n}\n<\/style>\n    <\/div>\n \n        <\/div>\n      <\/div>\n\n            \n<style>\n#banner-101778040 {\n  padding-top: 250px;\n}\n#banner-101778040 .overlay {\n  background-color: rgba(0, 0, 0, 0);\n}\n#banner-101778040 .banner-bg img {\n  object-position: 35% 29%;\n}\n@media (min-width:550px) {\n  #banner-101778040 {\n    padding-top: 500px;\n  }\n}\n<\/style>\n  <\/div>\n\n\n\t\t<\/div>\n\t\t\t\t\t<\/div>\n\n\t\n<\/div>\n<div class=\"row align-middle\"  id=\"row-749507697\">\n\n\t<div id=\"col-1279873218\" class=\"col medium-6 small-12 large-6 small-col-first\"  >\n\t\t\t\t<div class=\"col-inner\"  >\n\t\t\t\n\t\t\t\n\n  <div class=\"banner has-hover overlay-brush\" id=\"banner-1394011345\">\n          <div class=\"banner-inner fill\">\n        <div class=\"banner-bg fill\" >\n            <img decoding=\"async\" width=\"1800\" height=\"1200\" data-src=\"https:\/\/shemejisafari.com\/wp-content\/smush-webp\/2025\/07\/whaleshark-placeholder.jpg.webp\" class=\"bg attachment-2048x2048 size-2048x2048 lazyload\" alt=\"\" src=\"data:image\/svg+xml;base64,PHN2ZyB3aWR0aD0iMSIgaGVpZ2h0PSIxIiB4bWxucz0iaHR0cDovL3d3dy53My5vcmcvMjAwMC9zdmciPjwvc3ZnPg==\" style=\"--smush-placeholder-width: 1800px; --smush-placeholder-aspect-ratio: 1800\/1200;\" data-srcset=\"https:\/\/shemejisafari.com\/wp-content\/smush-webp\/2025\/07\/whaleshark-placeholder.jpg.webp 1800w, https:\/\/shemejisafari.com\/wp-content\/smush-webp\/2025\/07\/whaleshark-placeholder-300x200.jpg.webp 300w, https:\/\/shemejisafari.com\/wp-content\/smush-webp\/2025\/07\/whaleshark-placeholder-1024x683.jpg.webp 1024w, https:\/\/shemejisafari.com\/wp-content\/smush-webp\/2025\/07\/whaleshark-placeholder-768x512.jpg.webp 768w, https:\/\/shemejisafari.com\/wp-content\/smush-webp\/2025\/07\/whaleshark-placeholder-1536x1024.jpg.webp 1536w\" data-sizes=\"auto\" data-original-sizes=\"(max-width: 1800px) 100vw, 1800px\" \/>                        <div class=\"overlay\"><\/div>            \n                    <\/div>\n\t\t\n        <div class=\"banner-layers container\">\n            <div class=\"fill banner-link\"><\/div>            \n   <div id=\"text-box-1704121595\" class=\"text-box banner-layer x50 md-x50 lg-x50 y50 md-y50 lg-y50 res-text\">\n                                <div class=\"text-box-content text dark\">\n              \n              <div class=\"text-inner text-center\">\n                  \n              <\/div>\n           <\/div>\n                            \n<style>\n#text-box-1704121595 {\n  width: 60%;\n}\n#text-box-1704121595 .text-box-content {\n  font-size: 100%;\n}\n@media (min-width:550px) {\n  #text-box-1704121595 {\n    width: 60%;\n  }\n}\n<\/style>\n    <\/div>\n \n        <\/div>\n      <\/div>\n\n            \n<style>\n#banner-1394011345 {\n  padding-top: 250px;\n}\n#banner-1394011345 .overlay {\n  background-color: rgba(0, 0, 0, 0);\n}\n#banner-1394011345 .banner-bg img {\n  object-position: 54% 46%;\n}\n@media (min-width:550px) {\n  #banner-1394011345 {\n    padding-top: 500px;\n  }\n}\n<\/style>\n  <\/div>\n\n\n\t\t<\/div>\n\t\t\t\t\t<\/div>\n\n\t\n\n\t<div id=\"col-2114226174\" class=\"col medium-6 small-12 large-6\"  >\n\t\t\t\t<div class=\"col-inner\"  >\n\t\t\t\n\t\t\t\n<h2>Mafia<\/h2>\n<p class=\"lead\">Ein versteckter tropischer R\u00fcckzugsort<\/p>\n<p>Mafia Island, ein unber\u00fchrter Schatz vor der tansanischen K\u00fcste, bietet eine ruhige Flucht vor dem Trubel beliebterer Reiseziele. Das kristallklare Wasser beherbergt eine vielf\u00e4ltige Unterwasserwelt und ist damit ein Paradies f\u00fcr Schnorchel- und Tauchbegeisterte. Erkunden Sie die atemberaubenden Korallenriffe des Mafia Island Marine Park, schwimmen Sie mit Walhaien oder entspannen Sie sich an abgelegenen Str\u00e4nden. Mit seinen charmanten D\u00f6rfern und seiner reichen Geschichte bietet Mafia Island eine friedliche, authentische Erfahrung f\u00fcr alle, die eine echte Verbindung zur Natur und zum Inselleben suchen.   <\/p>\n\t\t<\/div>\n\t\t\t\t\t<\/div>\n\n\t\n<\/div>\n\t\t<\/div>\n\n\t\t\n<style>\n#section_1917305236 {\n  padding-top: 30px;\n  padding-bottom: 30px;\n}\n<\/style>\n\t<\/section>\n\t\n","protected":false},"excerpt":{"rendered":"","protected":false},"author":1,"featured_media":0,"parent":0,"menu_order":0,"comment_status":"closed","ping_status":"closed","template":"","meta":{"_acf_changed":false,"content-type":"","footnotes":""},"class_list":["post-1683","page","type-page","status-publish","hentry"],"acf":[],"_links":{"self":[{"href":"https:\/\/shemejisafari.com\/de\/wp-json\/wp\/v2\/pages\/1683","targetHints":{"allow":["GET"]}}],"collection":[{"href":"https:\/\/shemejisafari.com\/de\/wp-json\/wp\/v2\/pages"}],"about":[{"href":"https:\/\/shemejisafari.com\/de\/wp-json\/wp\/v2\/types\/page"}],"author":[{"embeddable":true,"href":"https:\/\/shemejisafari.com\/de\/wp-json\/wp\/v2\/users\/1"}],"replies":[{"embeddable":true,"href":"https:\/\/shemejisafari.com\/de\/wp-json\/wp\/v2\/comments?post=1683"}],"version-history":[{"count":9,"href":"https:\/\/shemejisafari.com\/de\/wp-json\/wp\/v2\/pages\/1683\/revisions"}],"predecessor-version":[{"id":6487,"href":"https:\/\/shemejisafari.com\/de\/wp-json\/wp\/v2\/pages\/1683\/revisions\/6487"}],"wp:attachment":[{"href":"https:\/\/shemejisafari.com\/de\/wp-json\/wp\/v2\/media?parent=1683"}],"curies":[{"name":"wp","href":"https:\/\/api.w.org\/{rel}","templated":true}]}}