{"id":1694,"date":"2025-04-07T10:25:39","date_gmt":"2025-04-07T08:25:39","guid":{"rendered":"https:\/\/shemejisafari.com\/datenschutzbestimmungen\/"},"modified":"2025-12-09T13:05:42","modified_gmt":"2025-12-09T12:05:42","slug":"datenschutzbestimmungen","status":"publish","type":"page","link":"https:\/\/shemejisafari.com\/de\/datenschutzbestimmungen\/","title":{"rendered":"Datenschutzbestimmungen"},"content":{"rendered":"\n\t<section class=\"section hero content-bottom dark\" id=\"section_1428630495\">\n\t\t<div class=\"section-bg fill\" >\n\t\t\t<img decoding=\"async\" width=\"1200\" height=\"800\" data-src=\"https:\/\/shemejisafari.com\/wp-content\/smush-webp\/2025\/06\/Africa-Safari-Nyerere-02.jpg.webp\" class=\"bg attachment-2048x2048 size-2048x2048 lazyload\" alt=\"\" src=\"data:image\/svg+xml;base64,PHN2ZyB3aWR0aD0iMSIgaGVpZ2h0PSIxIiB4bWxucz0iaHR0cDovL3d3dy53My5vcmcvMjAwMC9zdmciPjwvc3ZnPg==\" style=\"--smush-placeholder-width: 1200px; --smush-placeholder-aspect-ratio: 1200\/800;\" data-srcset=\"https:\/\/shemejisafari.com\/wp-content\/smush-webp\/2025\/06\/Africa-Safari-Nyerere-02.jpg.webp 1200w, https:\/\/shemejisafari.com\/wp-content\/smush-webp\/2025\/06\/Africa-Safari-Nyerere-02-300x200.jpg.webp 300w, https:\/\/shemejisafari.com\/wp-content\/smush-webp\/2025\/06\/Africa-Safari-Nyerere-02-1024x683.jpg.webp 1024w, https:\/\/shemejisafari.com\/wp-content\/smush-webp\/2025\/06\/Africa-Safari-Nyerere-02-768x512.jpg.webp 768w\" data-sizes=\"auto\" data-original-sizes=\"(max-width: 1200px) 100vw, 1200px\" \/>\t\t\t\t\t\t<div class=\"section-bg-overlay absolute fill\"><\/div>\n\t\t\t\n\n\t\t<\/div>\n\n\t\t\n\n\t\t<div class=\"section-content relative\">\n\t\t\t\n<div class=\"row\"  id=\"row-330599688\">\n\n\t<div id=\"col-2091961153\" class=\"col medium-7 small-12 large-7\"  >\n\t\t\t\t<div class=\"col-inner text-shadow-2\"  >\n\t\t\t\n\t\t\t\n<h1>Datenschutzbestimmungen<\/h1>\n\t\t<\/div>\n\t\t\t\t\t<\/div>\n\n\t\n<\/div>\n\t\t<\/div>\n\n\t\t\n<style>\n#section_1428630495 {\n  padding-top: 30px;\n  padding-bottom: 30px;\n  min-height: 125px;\n}\n#section_1428630495 .section-bg-overlay {\n  background-color: rgba(0, 0, 0, 0);\n}\n#section_1428630495 .section-bg img {\n  object-position: 48% 93%;\n}\n@media (min-width:550px) {\n  #section_1428630495 {\n    min-height: 250px;\n  }\n}\n@media (min-width:850px) {\n  #section_1428630495 {\n    min-height: 325px;\n  }\n}\n<\/style>\n\t<\/section>\n\t\n\n\t<section class=\"section\" id=\"section_825616460\">\n\t\t<div class=\"section-bg fill\" >\n\t\t\t\t\t\t\t\t\t\n\t\t\t\n\n\t\t<\/div>\n\n\t\t\n\n\t\t<div class=\"section-content relative\">\n\t\t\t\n<div class=\"row\"  id=\"row-1836042839\">\n\n\t<div id=\"col-236385174\" class=\"col small-12 large-12\"  >\n\t\t\t\t<div class=\"col-inner\"  >\n\t\t\t\n\t\t\t\n\n\n\n\t\t<\/div>\n\t\t\t\t\t<\/div>\n\n\t\n<\/div>\n<div class=\"row align-center\"  id=\"row-541567752\">\n\n\t<div id=\"col-399290406\" class=\"col small-12 large-12\"  >\n\t\t\t\t<div class=\"col-inner text-center\"  >\n\t\t\t\n\t\t\t\n\t<div id=\"text-4263922077\" class=\"text\">\n\t\t\n<p>Shemeji Safari (&#8222;wir&#8220;, &#8222;uns&#8220;, &#8222;unser&#8220;) verpflichtet sich, Ihre Privatsph\u00e4re und Ihre pers\u00f6nlichen Daten zu sch\u00fctzen. Diese Datenschutzerkl\u00e4rung erl\u00e4utert, wie wir Ihre pers\u00f6nlichen Daten in \u00dcbereinstimmung mit der General Data Protection Regulation (GDPR) und anderen anwendbaren Datenschutzgesetzen der EU und Tansanias sammeln, verwenden, weitergeben und sch\u00fctzen. <\/p>\n<h2>Data Controller<\/h2>\n<p>Shemeji Safari ist der Verantwortliche f\u00fcr die Verarbeitung Ihrer personenbezogenen Daten. Unsere Kontaktdaten sind: Shemeji Safari, <a href=\"mailto:contact@shemejisafari.com\"><strong>contact@shemejisafari.com<\/strong><\/a> <\/p>\n<h2>Pers\u00f6nliche Daten, die wir sammeln<\/h2>\n<p>Wir k\u00f6nnen die folgenden Kategorien von personenbezogenen Daten erfassen und verarbeiten:<\/p>\n<ul>\n<li>Kontaktinformationen (Name, E-Mail-Adresse, Telefonnummer)<\/li>\n<li>Buchungsdetails (Reisedaten, Unterkunftsw\u00fcnsche, Ern\u00e4hrungsbed\u00fcrfnisse)<\/li>\n<li>Zahlungsinformationen<\/li>\n<li>Kommunikation mit uns<\/li>\n<li>Website-Nutzungsdaten (Daten werden \u00fcber Google Analytics erfasst und k\u00f6nnen durch Deaktivieren von Cookies im Browser verhindert werden)<\/li>\n<\/ul>\n<h2>Wie wir Ihre pers\u00f6nlichen Daten verwenden<\/h2>\n<p>Wir verarbeiten Ihre personenbezogenen Daten f\u00fcr die folgenden Zwecke:<\/p>\n<ul>\n<li>Um unsere Safari-(Reise-)Dienstleistungen anzubieten und Ihre Buchungsanfragen zu erf\u00fcllen<\/li>\n<li>Um mit Ihnen \u00fcber Ihre Buchung zu kommunizieren<\/li>\n<li>Um Zahlungen zu verarbeiten<\/li>\n<li>Um unsere Website und Dienstleistungen zu verbessern<\/li>\n<li>Um gesetzliche Verpflichtungen zu erf\u00fcllen<\/li>\n<\/ul>\n<p>Die Rechtsgrundlagen f\u00fcr die Verarbeitung Ihrer Daten sind:<\/p>\n<ul>\n<li>Erf\u00fcllung eines Vertrages, wenn wir Ihnen unsere Dienstleistungen zur Verf\u00fcgung stellen<\/li>\n<li>Unsere berechtigten Interessen am Betrieb und der Verbesserung unseres Unternehmens<\/li>\n<li>Ihre Zustimmung, sofern wir sie angefordert haben<\/li>\n<li>Einhaltung unserer gesetzlichen Verpflichtungen<\/li>\n<\/ul>\n<h2>Aufbewahrung von Daten<\/h2>\n<p>Wir werden Ihre personenbezogenen Daten nur so lange aufbewahren, wie es f\u00fcr die Erf\u00fcllung der Zwecke, f\u00fcr die wir sie erhoben haben, erforderlich ist, einschlie\u00dflich f\u00fcr rechtliche, buchhalterische, Marketing- oder Berichtszwecke.<\/p>\n<h2>Ihre Datenschutzrechte<\/h2>\n<p>Gem\u00e4\u00df der DSGVO haben Sie die folgenden Rechte:<\/p>\n<ul>\n<li>Zugriff auf Ihre pers\u00f6nlichen Daten<\/li>\n<li>Korrigieren Sie ungenaue pers\u00f6nliche Daten<\/li>\n<li>Beantragen Sie die L\u00f6schung Ihrer pers\u00f6nlichen Daten<\/li>\n<li>Widerspruch gegen die Verarbeitung Ihrer pers\u00f6nlichen Daten<\/li>\n<li>Antrag auf Einschr\u00e4nkung der Verarbeitung Ihrer pers\u00f6nlichen Daten<\/li>\n<li>Antrag auf \u00dcbermittlung Ihrer pers\u00f6nlichen Daten<\/li>\n<li>Zustimmung zur\u00fcckziehen<\/li>\n<\/ul>\n<p>Wenn Sie eines dieser Rechte aus\u00fcben m\u00f6chten, kontaktieren Sie uns bitte unter den oben angegebenen Kontaktdaten.<\/p>\n<h2>Internationale \u00dcberweisungen<\/h2>\n<p>Wir k\u00f6nnen Ihre pers\u00f6nlichen Daten in L\u00e4nder au\u00dferhalb des Europ\u00e4ischen Wirtschaftsraums (EWR) und Tansanias \u00fcbertragen. Wenn wir dies tun, stellen wir sicher, dass angemessene Sicherheitsvorkehrungen getroffen werden, um Ihre Daten zu sch\u00fctzen. <\/p>\n<h2>Datensicherheit<\/h2>\n<p>Wir haben angemessene technische und organisatorische Ma\u00dfnahmen ergriffen, um Ihre personenbezogenen Daten gegen unbefugte oder unrechtm\u00e4\u00dfige Verarbeitung, versehentlichen Verlust, Zerst\u00f6rung oder Besch\u00e4digung zu sch\u00fctzen.<\/p>\n<h2>Links zu anderen Websites<\/h2>\n<p>Unser Service kann Links zu anderen Websites enthalten, die nicht von uns betrieben werden. Wenn Sie auf einen Link eines Dritten klicken, werden Sie auf die Website dieses Dritten weitergeleitet. Wir empfehlen Ihnen dringend, die Datenschutzrichtlinien jeder Website, die Sie besuchen, zu lesen.  <\/p>\n<p>Wir haben keine Kontrolle \u00fcber die Inhalte, Datenschutzrichtlinien oder Praktiken von Websites oder Diensten Dritter und \u00fcbernehmen keine Verantwortung f\u00fcr diese.<\/p>\n<h2>\u00c4nderungen an dieser Datenschutzrichtlinie<\/h2>\n<p>Wir k\u00f6nnen diese Datenschutzrichtlinie von Zeit zu Zeit aktualisieren. Wir werden Sie \u00fcber alle wesentlichen \u00c4nderungen informieren, indem wir die neue Datenschutzrichtlinie auf dieser Seite ver\u00f6ffentlichen. <\/p>\n<h2>Kontaktieren Sie uns<\/h2>\n<p>Wenn Sie Fragen zu dieser Datenschutzrichtlinie haben, kontaktieren Sie uns bitte unter: <a href=\"mailto:contact@shemejisafari.com\"><strong>contact@shemejisafari.com<\/strong><\/a><\/p>\n<p>Zuletzt aktualisiert: 29\/10\/2024<\/p>\n\t\t\n<style>\n#text-4263922077 {\n  text-align: left;\n}\n<\/style>\n\t<\/div>\n\t\n\t\t<\/div>\n\t\t\t\t\t<\/div>\n\n\t\n<\/div>\n\t\t<\/div>\n\n\t\t\n<style>\n#section_825616460 {\n  padding-top: 30px;\n  padding-bottom: 30px;\n}\n<\/style>\n\t<\/section>\n\t\n","protected":false},"excerpt":{"rendered":"","protected":false},"author":1,"featured_media":0,"parent":0,"menu_order":0,"comment_status":"closed","ping_status":"closed","template":"","meta":{"_acf_changed":false,"content-type":"","footnotes":""},"class_list":["post-1694","page","type-page","status-publish","hentry"],"acf":[],"_links":{"self":[{"href":"https:\/\/shemejisafari.com\/de\/wp-json\/wp\/v2\/pages\/1694","targetHints":{"allow":["GET"]}}],"collection":[{"href":"https:\/\/shemejisafari.com\/de\/wp-json\/wp\/v2\/pages"}],"about":[{"href":"https:\/\/shemejisafari.com\/de\/wp-json\/wp\/v2\/types\/page"}],"author":[{"embeddable":true,"href":"https:\/\/shemejisafari.com\/de\/wp-json\/wp\/v2\/users\/1"}],"replies":[{"embeddable":true,"href":"https:\/\/shemejisafari.com\/de\/wp-json\/wp\/v2\/comments?post=1694"}],"version-history":[{"count":8,"href":"https:\/\/shemejisafari.com\/de\/wp-json\/wp\/v2\/pages\/1694\/revisions"}],"predecessor-version":[{"id":6770,"href":"https:\/\/shemejisafari.com\/de\/wp-json\/wp\/v2\/pages\/1694\/revisions\/6770"}],"wp:attachment":[{"href":"https:\/\/shemejisafari.com\/de\/wp-json\/wp\/v2\/media?parent=1694"}],"curies":[{"name":"wp","href":"https:\/\/api.w.org\/{rel}","templated":true}]}}