{"id":2176,"date":"2025-07-22T16:21:05","date_gmt":"2025-07-22T14:21:05","guid":{"rendered":"https:\/\/shemejisafari.com\/faq\/"},"modified":"2025-11-14T13:47:20","modified_gmt":"2025-11-14T12:47:20","slug":"faq","status":"publish","type":"page","link":"https:\/\/shemejisafari.com\/de\/faq\/","title":{"rendered":"FAQ"},"content":{"rendered":"\n\t<section class=\"section hero content-bottom dark\" id=\"section_1396685301\">\n\t\t<div class=\"section-bg fill\" >\n\t\t\t<img decoding=\"async\" width=\"2560\" height=\"1707\" data-src=\"https:\/\/shemejisafari.com\/wp-content\/smush-webp\/2025\/10\/54687442343_14c1a62e84_o-scaled.jpg.webp\" class=\"bg attachment-original size-original lazyload\" alt=\"\" src=\"data:image\/svg+xml;base64,PHN2ZyB3aWR0aD0iMSIgaGVpZ2h0PSIxIiB4bWxucz0iaHR0cDovL3d3dy53My5vcmcvMjAwMC9zdmciPjwvc3ZnPg==\" style=\"--smush-placeholder-width: 2560px; --smush-placeholder-aspect-ratio: 2560\/1707;\" data-srcset=\"https:\/\/shemejisafari.com\/wp-content\/smush-webp\/2025\/10\/54687442343_14c1a62e84_o-scaled.jpg.webp 2560w, https:\/\/shemejisafari.com\/wp-content\/smush-webp\/2025\/10\/54687442343_14c1a62e84_o-300x200.jpg.webp 300w, https:\/\/shemejisafari.com\/wp-content\/smush-webp\/2025\/10\/54687442343_14c1a62e84_o-1024x683.jpg.webp 1024w, https:\/\/shemejisafari.com\/wp-content\/smush-webp\/2025\/10\/54687442343_14c1a62e84_o-768x512.jpg.webp 768w, https:\/\/shemejisafari.com\/wp-content\/smush-webp\/2025\/10\/54687442343_14c1a62e84_o-1536x1024.jpg.webp 1536w, https:\/\/shemejisafari.com\/wp-content\/smush-webp\/2025\/10\/54687442343_14c1a62e84_o-2048x1365.jpg.webp 2048w\" data-sizes=\"auto\" data-original-sizes=\"(max-width: 2560px) 100vw, 2560px\" \/>\t\t\t\t\t\t<div class=\"section-bg-overlay absolute fill\"><\/div>\n\t\t\t\n\n\t\t<\/div>\n\n\t\t\n\n\t\t<div class=\"section-content relative\">\n\t\t\t\n<div class=\"row\"  id=\"row-1735936810\">\n\n\t<div id=\"col-1819991645\" class=\"col medium-6 small-12 large-6\"  >\n\t\t\t\t<div class=\"col-inner text-shadow-2\"  >\n\t\t\t\n\t\t\t\n<h1>FAQ<\/h1>\n\t\t<\/div>\n\t\t\t\t\t<\/div>\n\n\t\n<\/div>\n\t\t<\/div>\n\n\t\t\n<style>\n#section_1396685301 {\n  padding-top: 30px;\n  padding-bottom: 30px;\n  min-height: 400px;\n}\n#section_1396685301 .section-bg-overlay {\n  background-color: rgba(0, 0, 0, 0);\n}\n#section_1396685301 .section-bg img {\n  object-position: 62% 23%;\n}\n@media (min-width:550px) {\n  #section_1396685301 {\n    min-height: 600px;\n  }\n}\n<\/style>\n\t<\/section>\n\t\n\n\t<section class=\"section\" id=\"section_1769356967\">\n\t\t<div class=\"section-bg fill\" >\n\t\t\t\t\t\t\t\t\t\n\t\t\t\n\n\t\t<\/div>\n\n\t\t\n\n\t\t<div class=\"section-content relative\">\n\t\t\t\n<div class=\"row\"  id=\"row-929877990\">\n\n\t<div id=\"col-1489362599\" class=\"col small-12 large-12\"  >\n\t\t\t\t<div class=\"col-inner\"  >\n\t\t\t\n\t\t\t\n\n\n\n\t\t<\/div>\n\t\t\t\t\t<\/div>\n\n\t\n<\/div>\n<div class=\"row align-middle align-center\"  id=\"row-428385039\">\n\n\t<div id=\"col-1323759934\" class=\"col medium-9 small-12 large-9\"  >\n\t\t\t\t<div class=\"col-inner\"  >\n\t\t\t\n\t\t\t\n<div class=\"accordion\">\n\t<div id=\"accordion-369151392\" class=\"accordion-item\">\n\t\t<a id=\"accordion-369151392-label\" class=\"accordion-title plain\" aria-expanded=\"false\" aria-controls=\"accordion-369151392-content\">\n\t\t\t<button class=\"toggle\" aria-label=\"Umschalten\"><i class=\"icon-angle-down\" aria-hidden=\"true\"><\/i><\/button>\n\t\t\t<span>Ferngl\u00e4ser und Safarib\u00fccher: Verbessern Sie Ihr Safarierlebnis<\/span>\n\t\t<\/a>\n\t\t<div id=\"accordion-369151392-content\" class=\"accordion-inner\" aria-labelledby=\"accordion-369151392-label\">\n\t\t\t\n<p>Ein Safari-Abenteuer ist eine unglaubliche Gelegenheit, die Wunder der Tierwelt in ihrem nat\u00fcrlichen Lebensraum zu erleben. Damit Sie keinen einzigen Moment verpassen, stellen wir Ihnen w\u00e4hrend der Jeep-Safari ein kostenloses Fernglas zur Verf\u00fcgung. Mit unseren hochwertigen Ferngl\u00e4sern k\u00f6nnen Sie die pr\u00e4chtigen Tiere in der Savanne aus n\u00e4chster N\u00e4he beobachten. Ob Sie nun einen L\u00f6wen sehen, der sich unter einem Baum ausruht, oder eine Elefantenherde in der Ferne beobachten, mit diesem Fernglas k\u00f6nnen Sie die Wildtiere direkt vor Ihren Augen beobachten, was Ihr Safarierlebnis bereichert und es Ihnen erm\u00f6glicht, jedes Detail festzuhalten. Zus\u00e4tzlich zu den Ferngl\u00e4sern erhalten Sie von uns Brosch\u00fcren \u00fcber die Tiere und V\u00f6gel, denen Sie auf Ihrer Safari begegnen k\u00f6nnen. Sie dienen als praktische Nachschlagewerke, mit denen Sie die unglaubliche Tierwelt, der Sie auf Ihrer Reise begegnen, identifizieren k\u00f6nnen. Unser Ziel ist es, Ihr Safari-Abenteuer zu bereichern, indem wir Ihnen die Werkzeuge an die Hand geben, mit denen Sie die Artenvielfalt und die Naturwunder um Sie herum voll und ganz genie\u00dfen k\u00f6nnen. Schnappen Sie sich also Ihr Fernglas, bl\u00e4ttern Sie in den Informationsbrosch\u00fcren und machen Sie sich bereit f\u00fcr ein unvergleichliches Wildtiererlebnis.       <\/p>\n\t\t<\/div>\n\t<\/div>\n\t\n\t<div id=\"accordion-2650536751\" class=\"accordion-item\">\n\t\t<a id=\"accordion-2650536751-label\" class=\"accordion-title plain\" href=\"#accordion-item-ist-tansania-sicher?-ja!-\" aria-expanded=\"false\" aria-controls=\"accordion-2650536751-content\">\n\t\t\t<button class=\"toggle\" aria-label=\"Umschalten\"><i class=\"icon-angle-down\" aria-hidden=\"true\"><\/i><\/button>\n\t\t\t<span>Ist Tansania sicher? Ja! <\/span>\n\t\t<\/a>\n\t\t<div id=\"accordion-2650536751-content\" class=\"accordion-inner\" aria-labelledby=\"accordion-2650536751-label\">\n\t\t\t\n<p>Obwohl Tansania und Sansibar als sicher gelten, ist es immer eine gute Idee, eine Reiseversicherung abzuschlie\u00dfen, die medizinische Notf\u00e4lle, Reisestornierungen und pers\u00f6nliche Gegenst\u00e4nde abdeckt. So sind Sie w\u00e4hrend Ihrer Reise auf der sicheren Seite. Wenn Sie achtsam sind und grundlegende Sicherheitsvorkehrungen treffen, k\u00f6nnen Sie Ihre Zeit in Tansania genie\u00dfen und eine unvergessliche und sichere Erfahrung beim Erkunden der atemberaubenden Landschaften, der reichen Tierwelt und der lebendigen Kultur des Landes machen.  <\/p>\n\t\t<\/div>\n\t<\/div>\n\t\n\t<div id=\"accordion-407755842\" class=\"accordion-item\">\n\t\t<a id=\"accordion-407755842-label\" class=\"accordion-title plain\" href=\"#accordion-item-reiseversicherung\" aria-expanded=\"false\" aria-controls=\"accordion-407755842-content\">\n\t\t\t<button class=\"toggle\" aria-label=\"Umschalten\"><i class=\"icon-angle-down\" aria-hidden=\"true\"><\/i><\/button>\n\t\t\t<span>Reiseversicherung<\/span>\n\t\t<\/a>\n\t\t<div id=\"accordion-407755842-content\" class=\"accordion-inner\" aria-labelledby=\"accordion-407755842-label\">\n\t\t\t\n<p>Eine Reiseversicherung ist ein wesentlicher Aspekt jeder Reise, auch bei einer Reise nach Tansania. Sie bietet finanziellen Schutz und Sicherheit bei unerwarteten Ereignissen oder Notf\u00e4llen w\u00e4hrend Ihrer Reise. Eine umfassende Reiseversicherung deckt in der Regel eine Reihe von Situationen ab, wie z.B. die Stornierung oder Unterbrechung der Reise, medizinische Kosten, medizinische Notfallevakuierung, verlorenes oder versp\u00e4tetes Gep\u00e4ck und pers\u00f6nliche Haftpflicht. Es ist wichtig, dass Sie die Details des Versicherungsschutzes der von Ihnen gew\u00e4hlten Police sorgf\u00e4ltig pr\u00fcfen, um sicherzustellen, dass sie Ihren speziellen Bed\u00fcrfnissen entspricht. Wenn Sie nach Tansania reisen, ist es empfehlenswert, eine Reiseversicherung abzuschlie\u00dfen, die auch medizinische Leistungen abdeckt. So sind Sie im Falle einer Krankheit oder Verletzung w\u00e4hrend Ihres Aufenthalts im Land gesch\u00fctzt. Auf Anfrage k\u00f6nnen wir f\u00fcr Sie eine AMREF-Flugarztversicherung abschlie\u00dfen.      <\/p>\n\t\t<\/div>\n\t<\/div>\n\t\n\t<div id=\"accordion-3328442057\" class=\"accordion-item\">\n\t\t<a id=\"accordion-3328442057-label\" class=\"accordion-title plain\" href=\"#accordion-item-visa\" aria-expanded=\"false\" aria-controls=\"accordion-3328442057-content\">\n\t\t\t<button class=\"toggle\" aria-label=\"Umschalten\"><i class=\"icon-angle-down\" aria-hidden=\"true\"><\/i><\/button>\n\t\t\t<span>VISA<\/span>\n\t\t<\/a>\n\t\t<div id=\"accordion-3328442057-content\" class=\"accordion-inner\" aria-labelledby=\"accordion-3328442057-label\">\n\t\t\t\n<p>Um nach Tansania oder Sansibar einzureisen, ben\u00f6tigen die meisten Reisenden ein Visum. Die spezifischen Visabestimmungen k\u00f6nnen je nach Ihrer Nationalit\u00e4t und dem Zweck Ihres Besuchs variieren. Auf dieser Website finden Sie weitere Informationen sowie aktuelle Vorschriften und Richtlinien f\u00fcr die Beantragung eines Visums: <a href=\"https:\/\/www.immigration.go.tz\/index.php\/visa-and-pass-information\" target=\"_blank\" rel=\"noopener\"><strong>https:\/\/www.immigration.go.tz\/index.php\/visa-and-pass-information<\/strong><\/a>  <\/p>\n\t\t<\/div>\n\t<\/div>\n\t\n\t<div id=\"accordion-2920080415\" class=\"accordion-item\">\n\t\t<a id=\"accordion-2920080415-label\" class=\"accordion-title plain\" href=\"#accordion-item-wann-ist-die-beste-reisezeit-f\u00fcr-tansania-und-sansibar?\" aria-expanded=\"false\" aria-controls=\"accordion-2920080415-content\">\n\t\t\t<button class=\"toggle\" aria-label=\"Umschalten\"><i class=\"icon-angle-down\" aria-hidden=\"true\"><\/i><\/button>\n\t\t\t<span>Wann ist die beste Reisezeit f\u00fcr Tansania und Sansibar?<\/span>\n\t\t<\/a>\n\t\t<div id=\"accordion-2920080415-content\" class=\"accordion-inner\" aria-labelledby=\"accordion-2920080415-label\">\n\t\t\t\n<p>Die beste Reisezeit f\u00fcr Tansania und Sansibar h\u00e4ngt von Ihren Vorlieben und den Erfahrungen ab, die Sie suchen. Tansania und Sansibar haben das ganze Jahr \u00fcber etwas Einzigartiges und Besonderes zu bieten, was sie zu jeder Zeit zu einem gro\u00dfartigen Reiseziel macht. Wenn Sie die Gro\u00dfe Wildtierwanderung erleben m\u00f6chten, bei der Millionen von Gnus und Zebras \u00fcber die Serengeti-Ebenen ziehen, dann ist die gr\u00fcne Jahreszeit ideal. Das ist in der Regel von M\u00e4rz bis Mai und November bis Dezember. In dieser Zeit ist die Landschaft lebendig und \u00fcppig, und es gibt viele Wildtiere zu sehen. Wenn Sie trockeneres Wetter bevorzugen und die Str\u00e4nde Sansibars genie\u00dfen m\u00f6chten, ist die Trockenzeit von Juni bis Oktober eine beliebte Wahl. In dieser Zeit gibt es sonnige Tage, warme Temperaturen und ein ruhiges Meer, ideal zum Entspannen und f\u00fcr Wassersportaktivit\u00e4ten. Es ist jedoch wichtig zu wissen, dass Tansania und Sansibar auch w\u00e4hrend der gr\u00fcnen Jahreszeit viel zu bieten haben. Die Regenschauer sind in der Regel nur von kurzer Dauer, und die Landschaft wird wundersch\u00f6n gr\u00fcn. Es ist eine Gelegenheit, die Verwandlung der Natur zu beobachten und die einzigartigen Erfahrungen zu genie\u00dfen, die sie mit sich bringt. Letztlich h\u00e4ngt die beste Reisezeit f\u00fcr Tansania und Sansibar von Ihren Interessen und Vorlieben ab. Ganz gleich, ob Sie sich f\u00fcr die Trockenzeit oder die gr\u00fcne Jahreszeit entscheiden, Sie werden unglaubliche Tierbegegnungen, atemberaubende Landschaften und herzliche Gastfreundschaft erleben, die Tansania und Sansibar zu einem ganzj\u00e4hrigen Reiseziel machen, das es wert ist, entdeckt zu werden.           <\/p>\n\t\t<\/div>\n\t<\/div>\n\t\n\t<div id=\"accordion-718283657\" class=\"accordion-item\">\n\t\t<a id=\"accordion-718283657-label\" class=\"accordion-title plain\" href=\"#accordion-item-impfungen\" aria-expanded=\"false\" aria-controls=\"accordion-718283657-content\">\n\t\t\t<button class=\"toggle\" aria-label=\"Umschalten\"><i class=\"icon-angle-down\" aria-hidden=\"true\"><\/i><\/button>\n\t\t\t<span>Impfungen<\/span>\n\t\t<\/a>\n\t\t<div id=\"accordion-718283657-content\" class=\"accordion-inner\" aria-labelledby=\"accordion-718283657-label\">\n\t\t\t\n<p>Die CDC und die WHO empfehlen f\u00fcr Tansania und Sansibar neben den Routineimpfungen wie MMR und TDP auch Impfungen gegen Hepatitis A, Hepatitis B und Typhus. Je nach den Aktivit\u00e4ten des Reisenden werden auch Impfungen gegen Tollwut und Gelbfieber empfohlen. F\u00fcr Reisende, die aus Gelbfieber-endemischen L\u00e4ndern einreisen, ist der Nachweis einer Gelbfieberimpfung erforderlich. Diese Bedingung gilt auch f\u00fcr Reisende mit langen Flugverbindungen (Transit) in Gelbfieber-endemischen L\u00e4ndern f\u00fcr zw\u00f6lf Stunden (12hrs) oder l\u00e4nger. Ab Januar 2023 gelten f\u00fcr Tansania keine COVID-19-Beschr\u00e4nkungen mehr, und Impfstoffe oder PCR-Tests sind vor der Reise nicht mehr erforderlich. Wie bei allen internationalen Reisen empfehlen wir Ihnen, sich vor einer Reise nach Tansania immer von Ihrem Arzt beraten zu lassen.     <\/p>\n\t\t<\/div>\n\t<\/div>\n\t\n\t<div id=\"accordion-3518647277\" class=\"accordion-item\">\n\t\t<a id=\"accordion-3518647277-label\" class=\"accordion-title plain\" href=\"#accordion-item-ist-trinkgeld-erforderlich?\" aria-expanded=\"false\" aria-controls=\"accordion-3518647277-content\">\n\t\t\t<button class=\"toggle\" aria-label=\"Umschalten\"><i class=\"icon-angle-down\" aria-hidden=\"true\"><\/i><\/button>\n\t\t\t<span>Ist Trinkgeld erforderlich?<\/span>\n\t\t<\/a>\n\t\t<div id=\"accordion-3518647277-content\" class=\"accordion-inner\" aria-labelledby=\"accordion-3518647277-label\">\n\t\t\t\n<p>Trinkgelder sind in Tansania zwar \u00fcblich, aber unsere Tourpreise sind nicht abh\u00e4ngig von Trinkgeldern. Es liegt ganz in Ihrem Ermessen, unseren engagierten Fahrern und Guides f\u00fcr ihren au\u00dfergew\u00f6hnlichen Service ein Trinkgeld zu geben. Seien Sie versichert, dass unser Team fair entlohnt wird, so dass Ihr Erlebnis au\u00dfergew\u00f6hnlich bleibt, unabh\u00e4ngig davon, ob Sie sich f\u00fcr ein Trinkgeld entscheiden oder nicht.  <\/p>\n\t\t<\/div>\n\t<\/div>\n\t\n<\/div>\n\t\t<\/div>\n\t\t\t\t\t<\/div>\n\n\t\n<\/div>\n\t\t<\/div>\n\n\t\t\n<style>\n#section_1769356967 {\n  padding-top: 30px;\n  padding-bottom: 30px;\n}\n<\/style>\n\t<\/section>\n\t\n","protected":false},"excerpt":{"rendered":"","protected":false},"author":1,"featured_media":0,"parent":0,"menu_order":0,"comment_status":"closed","ping_status":"closed","template":"","meta":{"_acf_changed":false,"content-type":"","footnotes":""},"class_list":["post-2176","page","type-page","status-publish","hentry"],"acf":[],"_links":{"self":[{"href":"https:\/\/shemejisafari.com\/de\/wp-json\/wp\/v2\/pages\/2176","targetHints":{"allow":["GET"]}}],"collection":[{"href":"https:\/\/shemejisafari.com\/de\/wp-json\/wp\/v2\/pages"}],"about":[{"href":"https:\/\/shemejisafari.com\/de\/wp-json\/wp\/v2\/types\/page"}],"author":[{"embeddable":true,"href":"https:\/\/shemejisafari.com\/de\/wp-json\/wp\/v2\/users\/1"}],"replies":[{"embeddable":true,"href":"https:\/\/shemejisafari.com\/de\/wp-json\/wp\/v2\/comments?post=2176"}],"version-history":[{"count":5,"href":"https:\/\/shemejisafari.com\/de\/wp-json\/wp\/v2\/pages\/2176\/revisions"}],"predecessor-version":[{"id":6340,"href":"https:\/\/shemejisafari.com\/de\/wp-json\/wp\/v2\/pages\/2176\/revisions\/6340"}],"wp:attachment":[{"href":"https:\/\/shemejisafari.com\/de\/wp-json\/wp\/v2\/media?parent=2176"}],"curies":[{"name":"wp","href":"https:\/\/api.w.org\/{rel}","templated":true}]}}