{"id":2180,"date":"2025-07-22T14:55:34","date_gmt":"2025-07-22T12:55:34","guid":{"rendered":"https:\/\/shemejisafari.com\/bedingungen-und-konditionen\/"},"modified":"2025-11-14T13:08:21","modified_gmt":"2025-11-14T12:08:21","slug":"bedingungen-und-konditionen","status":"publish","type":"page","link":"https:\/\/shemejisafari.com\/de\/bedingungen-und-konditionen\/","title":{"rendered":"Allgemeine Gesch\u00e4ftsbedingungen"},"content":{"rendered":"\n\t<section class=\"section hero content-bottom dark\" id=\"section_1388354445\">\n\t\t<div class=\"section-bg fill\" >\n\t\t\t<img decoding=\"async\" width=\"600\" height=\"400\" data-src=\"https:\/\/shemejisafari.com\/wp-content\/uploads\/2025\/07\/africa-safari-selous-facilities-03-qwwsntgbkyfxv4odnlcckpwtsod4zu2atbkqsktrq8.jpg\" class=\"bg attachment-original size-original lazyload\" alt=\"\" src=\"data:image\/svg+xml;base64,PHN2ZyB3aWR0aD0iMSIgaGVpZ2h0PSIxIiB4bWxucz0iaHR0cDovL3d3dy53My5vcmcvMjAwMC9zdmciPjwvc3ZnPg==\" style=\"--smush-placeholder-width: 600px; --smush-placeholder-aspect-ratio: 600\/400;\" data-srcset=\"https:\/\/shemejisafari.com\/wp-content\/uploads\/2025\/07\/africa-safari-selous-facilities-03-qwwsntgbkyfxv4odnlcckpwtsod4zu2atbkqsktrq8.jpg 600w, https:\/\/shemejisafari.com\/wp-content\/smush-webp\/2025\/07\/africa-safari-selous-facilities-03-qwwsntgbkyfxv4odnlcckpwtsod4zu2atbkqsktrq8-300x200.jpg.webp 300w\" data-sizes=\"auto\" data-original-sizes=\"(max-width: 600px) 100vw, 600px\" \/>\t\t\t\t\t\t<div class=\"section-bg-overlay absolute fill\"><\/div>\n\t\t\t\n\n\t\t<\/div>\n\n\t\t\n\n\t\t<div class=\"section-content relative\">\n\t\t\t\n<div class=\"row\"  id=\"row-1362845340\">\n\n\t<div id=\"col-572695427\" class=\"col medium-11 small-12 large-11\"  >\n\t\t\t\t<div class=\"col-inner text-shadow-2\"  >\n\t\t\t\n\t\t\t\n<h1>Allgemeine Gesch\u00e4ftsbedingungen<\/h1>\n\t\t<\/div>\n\t\t\t\t\t<\/div>\n\n\t\n<\/div>\n\t\t<\/div>\n\n\t\t\n<style>\n#section_1388354445 {\n  padding-top: 30px;\n  padding-bottom: 30px;\n  min-height: 125px;\n}\n#section_1388354445 .section-bg-overlay {\n  background-color: rgba(0, 0, 0, 0);\n}\n#section_1388354445 .section-bg img {\n  object-position: 55% 59%;\n}\n@media (min-width:550px) {\n  #section_1388354445 {\n    min-height: 250px;\n  }\n}\n@media (min-width:850px) {\n  #section_1388354445 {\n    min-height: 325px;\n  }\n}\n<\/style>\n\t<\/section>\n\t\n\n\t<section class=\"section\" id=\"section_494793937\">\n\t\t<div class=\"section-bg fill\" >\n\t\t\t\t\t\t\t\t\t\n\t\t\t\n\n\t\t<\/div>\n\n\t\t\n\n\t\t<div class=\"section-content relative\">\n\t\t\t\n<div class=\"row\"  id=\"row-1568119725\">\n\n\t<div id=\"col-1939576133\" class=\"col small-12 large-12\"  >\n\t\t\t\t<div class=\"col-inner\"  >\n\t\t\t\n\t\t\t\n\n\n\n\t\t<\/div>\n\t\t\t\t\t<\/div>\n\n\t\n<\/div>\n<div class=\"row align-center\"  id=\"row-2015867911\">\n\n\t<div id=\"col-1304271917\" class=\"col small-12 large-12\"  >\n\t\t\t\t<div class=\"col-inner text-center\"  >\n\t\t\t\n\t\t\t\n\t<div id=\"text-807431504\" class=\"text\">\n\t\t\n<h2>Allgemein<\/h2>\n<p>Shemeji Safari organisiert Safaris, Tagesausfl\u00fcge, Kilimanjaro-Expeditionen, Sansibar-Urlaube und komplette Reisepakete in Tansania.<\/p>\n<p>Bitte lesen Sie die Allgemeinen Gesch\u00e4ftsbedingungen sorgf\u00e4ltig durch. Sie legen unsere jeweiligen Verpflichtungen fest und bilden die Grundlage f\u00fcr Ihren Vertrag mit uns. In diesen Gesch\u00e4ftsbedingungen bedeutet &#8222;Sie&#8220; alle in der Buchung genannten Personen (einschlie\u00dflich aller Personen, die zu einem sp\u00e4teren Zeitpunkt hinzugef\u00fcgt oder ersetzt werden) und &#8222;wir&#8220; und &#8222;uns&#8220; bedeutet Shemeji Safari Ltd. Diese Bedingungen werden von Zeit zu Zeit aufgrund sich \u00e4ndernder Umst\u00e4nde ge\u00e4ndert; die Bedingungen zum Zeitpunkt der Buchung sind die g\u00fcltigen Bedingungen.  <\/p>\n<p>Die Bedingungen in Afrika sind nicht dieselben wie in den Industriel\u00e4ndern und die Standards in Bezug auf Service, medizinische Einrichtungen, Sicherheit und Schutz k\u00f6nnen oft niedriger sein als in Ihren Heimatl\u00e4ndern. Bitte beachten Sie, dass die Gesetze und Vorschriften des Landes, in dem die Dienstleistungen erbracht werden, f\u00fcr Ihre Urlaubsgestaltung gelten und nicht die Ihres Heimatlandes. <\/p>\n<h2>Allgemeine Gesch\u00e4ftsbedingungen f\u00fcr die Nutzung der Website<\/h2>\n<p>Obwohl Shemeji Safari bestrebt ist, auf dieser Website genaue, aktuelle und wahrheitsgem\u00e4\u00dfe Informationen bereitzustellen, geben weder Shemeji Safari noch seine Mitarbeiter und Partner irgendwelche Zusicherungen oder Garantien ab, sei es ausdr\u00fccklich, stillschweigend oder stillschweigend, in Bezug auf den Betrieb der Website, die Informationen, Inhalte, Materialien und Produkte, die auf dieser Website enthalten und verf\u00fcgbar sind.<\/p>\n<p>Shemeij Safari, seine Angestellten, Vertreter und Partner haften nicht f\u00fcr Sch\u00e4den jeglicher Art, die durch die Nutzung oder die Unm\u00f6glichkeit der Nutzung dieser Website oder der darin enthaltenen Informationen entstehen, einschlie\u00dflich, aber nicht beschr\u00e4nkt auf direkte, indirekte, zuf\u00e4llige, strafende und Folgesch\u00e4den. Durch die Nutzung der Website erkl\u00e4ren Sie sich mit unseren Allgemeinen Gesch\u00e4ftsbedingungen und unserer Datenschutzrichtlinie einverstanden. <\/p>\n<h2>Genauigkeit der Informationen<\/h2>\n<p>Die Beschreibungen, Informationen und Meinungen, die wir in Bezug auf Nationalparks, Tierbeobachtungen, Unterk\u00fcnfte, Reiserouten, Gorilla-Genehmigungen und Sicherheit geben, werden nach bestem Wissen und Gewissen und auf der Grundlage der neuesten uns zur Verf\u00fcgung stehenden Informationen gegeben. Wir haben alle Sorgfalt walten lassen, um die Richtigkeit der Informationen zu gew\u00e4hrleisten. Wir k\u00f6nnen keine Verantwortung oder Haftung f\u00fcr Fehler oder Auslassungen \u00fcbernehmen, die au\u00dferhalb unserer Kontrolle liegen.  <\/p>\n<h2>Stornierungen durch uns<\/h2>\n<p>Wir sind stets bem\u00fcht, eine Stornierung zu vermeiden, m\u00fcssen uns aber das Recht dazu vorbehalten. Wir werden Ihre best\u00e4tigte Reise nicht weniger als 30 Tage vor der Abreise stornieren, es sei denn, Sie leisten alle f\u00e4lligen Zahlungen nicht vollst\u00e4ndig und rechtzeitig oder wir sind aufgrund ungew\u00f6hnlicher und unvorhersehbarer Umst\u00e4nde, die sich unserer Kontrolle entziehen und deren Folgen wir auch bei aller Sorgfalt nicht h\u00e4tten vermeiden k\u00f6nnen, dazu gezwungen. Wenn wir Ihren Safari-Urlaub stornieren (es sei denn, Sie haben die Zahlung nicht geleistet oder es liegt h\u00f6here Gewalt vor), bieten wir Ihnen die M\u00f6glichkeit, einen alternativen Urlaub bei uns zu buchen, der einen \u00e4hnlichen Standard wie der urspr\u00fcnglich gebuchte hat, sofern verf\u00fcgbar.  <\/p>\n<p>Wenn die gew\u00e4hlte Alternative billiger ist als Ihr urspr\u00fcnglicher Urlaub, erstatten wir Ihnen die Differenz, aber wenn sie teurer ist, bitten wir Sie, die Differenz zu zahlen. Alternativ haben Sie Anspruch auf eine vollst\u00e4ndige R\u00fcckerstattung des von Ihnen an uns gezahlten Betrags. Au\u00dfer wenn wir aus anderen als den in dieser Klausel genannten Gr\u00fcnden stornieren, sind wir Ihnen gegen\u00fcber nicht weiter haftbar. Wir bedauern, dass wir nicht f\u00fcr Ausgaben, Kosten oder Verluste aufkommen k\u00f6nnen, die infolge einer Stornierung entstehen.   <\/p>\n<p>Wir behalten uns das Recht vor, den Urlaub jeder Person in Ihrer Gruppe ohne Vorank\u00fcndigung zu beenden, wenn die betreffenden Personen nach unserer Meinung oder der Meinung einer anderen zust\u00e4ndigen Person ein Verhalten an den Tag legen, das eine Gefahr f\u00fcr Dritte oder eine Besch\u00e4digung von Eigentum darstellt oder darstellen k\u00f6nnte. In diesem Fall werden die betreffenden Personen aufgefordert, die Unterkunft oder andere Dienstleistungen unverz\u00fcglich zu verlassen. Wir \u00fcbernehmen keine weitere Verantwortung f\u00fcr diese Person(en). Es werden keine R\u00fcckerstattungen geleistet und wir \u00fcbernehmen keine Ausgaben oder Kosten, die durch die K\u00fcndigung entstehen.   <\/p>\n<h2>Stornierungen durch Sie<\/h2>\n<p>Sollten Sie oder ein Mitglied Ihrer Gruppe gezwungen sein, die Reise zu stornieren, m\u00fcssen Sie uns oder Ihr Reiseb\u00fcro schriftlich dar\u00fcber informieren. Eine Stornierung ist erst dann wirksam, wenn wir eine Kopie Ihrer schriftlichen Mitteilung erhalten haben. Um unseren gesch\u00e4tzten Verlust durch die Stornierung zu decken und da wir Ihren Urlaub m\u00f6glicherweise nicht weiterverkaufen k\u00f6nnen, werden pro Person folgende Stornierungsgeb\u00fchren (ohne Versicherung) erhoben:  <\/p>\n<p>Zeitraum vor der Abreise = Stornogeb\u00fchren (ggf. als Prozentsatz des gezahlten Gesamtpreises)<\/p>\n<p>Mehr als 45 Tage = Anzahlung;<br \/>\n44 Tage &#8211; 15 Tage = 50%;<br \/>\nWeniger als 14 Tage = 100%.<\/p>\n<p>Wenn eine R\u00fcckerstattung an einen Kunden aufgrund einer Stornierung, einer \u00c4nderung oder eines Fehlers durch den Kunden erfolgt, beh\u00e4lt sich Shemeji Safari das Recht vor, dem Kunden alle anfallenden Bank- oder Kreditkartengeb\u00fchren zu berechnen.<\/p>\n<h2>Reklamationen<\/h2>\n<p>Beschwerden m\u00fcssen sofort unserem Vertreter und dem Anbieter der betreffenden Dienstleistung(en) gemeldet werden, die ihr Bestes tun werden, um das Problem zu l\u00f6sen. Wenn Sie weiterhin unzufrieden sind, sollten Sie so bald wie m\u00f6glich nach dem Vorfall, sp\u00e4testens jedoch 14 Tage nach Beendigung Ihres Urlaubs, einen schriftlichen Bericht einreichen, damit wir die Angelegenheit umfassend pr\u00fcfen k\u00f6nnen. Bedauerlicherweise k\u00f6nnen wir keine Haftung f\u00fcr Beschwerden \u00fcbernehmen, die nicht in \u00dcbereinstimmung mit diesem Verfahren gemeldet wurden.  <\/p>\n<h2>H\u00f6here Gewalt<\/h2>\n<p>Wir bedauern, dass wir keine Haftung \u00fcbernehmen oder Schadenersatz zahlen k\u00f6nnen, wenn die Erf\u00fcllung oder ordnungsgem\u00e4\u00dfe Erf\u00fcllung unserer Verpflichtungen durch ein Ereignis verhindert oder beeintr\u00e4chtigt wird, das wir oder der Anbieter der betreffenden Dienstleistung(en) auch bei aller Sorgfalt nicht vorhersehen oder vermeiden konnten. Zu solchen Ereignissen geh\u00f6ren Krieg oder Kriegsgefahr, Aufst\u00e4nde, Unruhen, Grenzschlie\u00dfungen, unerwartete staatliche Ma\u00dfnahmen, terroristische Aktivit\u00e4ten, Arbeitsk\u00e4mpfe, nat\u00fcrliche oder nukleare Katastrophen, extreme Wetterbedingungen, Feuer, technische und\/oder mechanische Probleme beim Transport, Stra\u00dfensperrungen, Krankheiten und alle \u00e4hnlichen Ereignisse, die sich unserer Kontrolle entziehen. <\/p>\n<h2>Versicherung<\/h2>\n<p>Es ist eine Bedingung f\u00fcr die Buchung, dass Sie eine angemessene Versicherung f\u00fcr die Art von Urlaub haben, die Sie mit uns machen. Diese Versicherung sollte Personensch\u00e4den, medizinische Kosten, Todesf\u00e4lle, Personensch\u00e4den, medizinische Kosten, R\u00fccktransport im Falle eines Unfalls, einer Krankheit oder eines Todesfalls, Stornierung oder Abbruch der Reise durch eine der beiden Seiten sowie Verlust, Besch\u00e4digung oder Diebstahl des pers\u00f6nlichen Eigentums des Kunden vollst\u00e4ndig abdecken. Aktivit\u00e4ten mit einem gr\u00f6\u00dferen Risiko, wie Bergsteigen, Tierbeobachtung zu Fu\u00df und Wildwasser-Rafting, sollten versichert sein. Wir behalten uns das Recht vor, Ihre Reise jederzeit zu stornieren, wenn Sie keine Reiseversicherung abgeschlossen haben.   <\/p>\n<p>Wenn Sie nach Sansibar reisen, m\u00fcssen Sie eine Sansibar-Reiseversicherung abschlie\u00dfen, bevor Sie einreisen d\u00fcrfen. Es wird keine andere Reiseversicherung als die der Zanzibar Insurance Corporation akzeptiert. Wir k\u00f6nnen nicht haftbar gemacht werden, wenn diese nicht abgeschlossen wurde und Ihnen die Einreise nach Sansibar verweigert wurde.  <\/p>\n<h2>Gerichtsbarkeit<\/h2>\n<p>Die Hauptgesellschaft ist in Tansania eingetragen und unterliegt den Gesetzen Tansanias und gegebenenfalls Sansibars. Der Gerichtsstand ist der von Tansania. <\/p>\n<h2>Haftung<\/h2>\n<p>Wir unternehmen alle angemessenen Anstrengungen, um sicherzustellen, dass (a) alle Bestandteile der Reise wie zum Zeitpunkt des Verkaufs beschrieben und in angemessener Qualit\u00e4t geliefert werden und (b) unsere Mitarbeiter, Vertreter, Lieferanten und Subunternehmer bei der Erf\u00fcllung unserer Verpflichtungen aus dem Vertrag die erforderliche Sorgfalt walten lassen. Wir \u00fcbernehmen die Verantwortung f\u00fcr das, was unsere Angestellten, Vertreter, Lieferanten und Subunternehmer tun oder nicht tun (vorausgesetzt, sie haben zu dem Zeitpunkt von uns autorisierte Arbeiten ausgef\u00fchrt).   <\/p>\n<p>Wenn ein Teil Ihres Urlaubs nicht wie angek\u00fcndigt und zu einem angemessenen Standard erbracht wird, zahlen wir Ihnen eine angemessene Entsch\u00e4digung, wenn Ihr Urlaubsgenuss beeintr\u00e4chtigt wurde und Sie das in diesen Gesch\u00e4ftsbedingungen beschriebene Beschwerdeverfahren eingehalten haben. Diese Haftungs\u00fcbernahme unterliegt der obigen Klausel \u00fcber &#8222;H\u00f6here Gewalt&#8220; und diesen Allgemeinen Gesch\u00e4ftsbedingungen. Unsere maximale Haftung bei Beschwerden (au\u00dfer bei Tod, K\u00f6rperverletzung oder Krankheit oder bei Anspr\u00fcchen im Zusammenhang mit dem Verlust oder der Besch\u00e4digung von Eigentum oder Gep\u00e4ck, die weiter unten behandelt werden) ist auf einen Betrag begrenzt, der den Kosten entspricht, die von der betroffenen Person oder in ihrem Namen f\u00fcr die entsprechenden Dienstleistungen bezahlt wurden.  <\/p>\n<p>Der H\u00f6chstbetrag wird nur gezahlt, wenn die betroffene Person keinen Nutzen aus dem Urlaub gezogen hat und keine der vertraglich vereinbarten Leistungen erbracht wurde. Die Haftung f\u00fcr den Verlust oder die Besch\u00e4digung von Gep\u00e4ck oder pers\u00f6nlichen Gegenst\u00e4nden (einschlie\u00dflich Geld) wird bis zu einem H\u00f6chstbetrag von 30 US-Dollar entsch\u00e4digt, wobei davon ausgegangen wird, dass der Kunde zum Zeitpunkt der Buchung einen angemessenen Versicherungsschutz f\u00fcr derartige Sch\u00e4den abgeschlossen hat. Wir werden alle erforderliche Sorgfalt walten lassen, um zu verhindern, dass Ihr Tod, Ihre Verletzung oder Ihre Krankheit durch das Tier- oder Insektenleben an den Reisezielen verursacht wird. Es liegt in Ihrer Verantwortung, diesbez\u00fcglich angemessene medizinische und praktische Vorsichtsma\u00dfnahmen zu treffen. Sie sollten rechtzeitig vor der Reise \u00e4rztlichen Rat einholen. Vorbehaltlich dieser Allgemeinen Gesch\u00e4ftsbedingungen \u00fcbernehmen wir keine Verantwortung f\u00fcr den Fall, dass Sie oder einer Ihrer Mitreisenden w\u00e4hrend der Reise zu Tode kommen, sich verletzen oder erkranken.     <\/p>\n<h2>Angebote \/ Buchungen \/ Preise<\/h2>\n<p>Bitte vergewissern Sie sich, dass das Angebot mit den Angaben zur Anzahl der Kunden, den Terminen, der Unterkunft, dem Transport, den Genehmigungen, den Parkgeb\u00fchren und allen anderen zu erbringenden Leistungen klar und korrekt ist, bevor Sie die Buchung schriftlich best\u00e4tigen. Alle Verweise auf schriftliche Angebote beziehen sich auch auf die Korrespondenz per elektronischer Post. Der Preis f\u00fcr den von Ihnen gew\u00e4hlten Urlaub wird zum Zeitpunkt der Buchung best\u00e4tigt. Wir behalten uns das Recht vor, Fehler sowohl in den beworbenen als auch in den best\u00e4tigten Preisen zu korrigieren und werden dies tun, sobald wir von einem solchen Fehler Kenntnis erlangen.   <\/p>\n<p>Sobald der Preis f\u00fcr Ihren Urlaub best\u00e4tigt wurde, wird vorbehaltlich der Korrektur von Fehlern nur dann ein Zuschlag f\u00e4llig, wenn sich die Transportkosten, Steuern und Unterbringungskosten insgesamt auf mehr als 2% des Urlaubspreises erh\u00f6hen. Wenn Sie mehr als 10% des urspr\u00fcnglichen Reisepreises zahlen m\u00fcssen, haben Sie das Recht, Ihre Reise zu stornieren und den gesamten Betrag zur\u00fcckzuerstatten. Sollten Sie sich f\u00fcr eine Stornierung nach diesen Bestimmungen entscheiden, m\u00fcssen Sie von Ihrem Recht innerhalb von 14 Tagen nach Mitteilung des Zuschlags Gebrauch machen. Wir behalten uns das Recht vor, die Preise f\u00fcr nicht verkaufte Reisen jederzeit zu erh\u00f6hen oder zu senken.   <\/p>\n<h2>Zahlungen<\/h2>\n<p>Zum Zeitpunkt der Buchung m\u00fcssen Sie die Annahme dieser Bedingungen best\u00e4tigen und eine Anzahlung von 25% des Reisepreises leisten. Sollten Sie keine schriftliche Best\u00e4tigung erhalten, gehen wir davon aus, dass Sie die Allgemeinen Gesch\u00e4ftsbedingungen akzeptieren. Der Restbetrag muss sp\u00e4testens 40 Tage vor der Abreise in voller H\u00f6he gezahlt werden. Bei Buchungen, die innerhalb von 30 Tagen vor der Abreise erfolgen, muss der Gesamtbetrag zum Zeitpunkt der Buchung bezahlt werden. Wenn die Buchung direkt \u00fcber die Website unter Verwendung unseres Zahlungsgateways erfolgt, betr\u00e4gt der zu zahlende Betrag 100% des Gesamtbetrags zum Zeitpunkt der Buchung.    <\/p>\n<h2>Transport<\/h2>\n<p>Es werden alle Anstrengungen unternommen, um sicherzustellen, dass die Fahrzeuge in einem verkehrssicheren Zustand zur Verf\u00fcgung gestellt werden, aber es kann keine Haftung f\u00fcr Pannen, Sch\u00e4den oder Verz\u00f6gerungen \u00fcbernommen werden. Die Fahrzeuge des Unternehmens d\u00fcrfen nur vom Guide des Unternehmens gefahren werden, dessen Entscheidung in allen Angelegenheiten, wie z.B. der Route, endg\u00fcltig ist. <\/p>\n\t\t\n<style>\n#text-807431504 {\n  text-align: left;\n}\n<\/style>\n\t<\/div>\n\t\n\t\t<\/div>\n\t\t\t\t\t<\/div>\n\n\t\n<\/div>\n\t\t<\/div>\n\n\t\t\n<style>\n#section_494793937 {\n  padding-top: 30px;\n  padding-bottom: 30px;\n}\n<\/style>\n\t<\/section>\n\t\n","protected":false},"excerpt":{"rendered":"","protected":false},"author":1,"featured_media":0,"parent":0,"menu_order":0,"comment_status":"closed","ping_status":"closed","template":"","meta":{"_acf_changed":false,"content-type":"","footnotes":""},"class_list":["post-2180","page","type-page","status-publish","hentry"],"acf":[],"_links":{"self":[{"href":"https:\/\/shemejisafari.com\/de\/wp-json\/wp\/v2\/pages\/2180","targetHints":{"allow":["GET"]}}],"collection":[{"href":"https:\/\/shemejisafari.com\/de\/wp-json\/wp\/v2\/pages"}],"about":[{"href":"https:\/\/shemejisafari.com\/de\/wp-json\/wp\/v2\/types\/page"}],"author":[{"embeddable":true,"href":"https:\/\/shemejisafari.com\/de\/wp-json\/wp\/v2\/users\/1"}],"replies":[{"embeddable":true,"href":"https:\/\/shemejisafari.com\/de\/wp-json\/wp\/v2\/comments?post=2180"}],"version-history":[{"count":6,"href":"https:\/\/shemejisafari.com\/de\/wp-json\/wp\/v2\/pages\/2180\/revisions"}],"predecessor-version":[{"id":6229,"href":"https:\/\/shemejisafari.com\/de\/wp-json\/wp\/v2\/pages\/2180\/revisions\/6229"}],"wp:attachment":[{"href":"https:\/\/shemejisafari.com\/de\/wp-json\/wp\/v2\/media?parent=2180"}],"curies":[{"name":"wp","href":"https:\/\/api.w.org\/{rel}","templated":true}]}}