{"id":2249,"date":"2025-09-19T16:45:23","date_gmt":"2025-09-19T14:45:23","guid":{"rendered":"https:\/\/shemejisafari.com\/paquetes-a-medida\/"},"modified":"2025-11-14T14:03:01","modified_gmt":"2025-11-14T13:03:01","slug":"paquetes-a-medida","status":"publish","type":"page","link":"https:\/\/shemejisafari.com\/es\/paquetes-shemeji\/paquetes-a-medida\/","title":{"rendered":"Paquetes a medida"},"content":{"rendered":"\n\t<section class=\"section hero content-bottom dark\" id=\"section_659821118\">\n\t\t<div class=\"section-bg fill\" >\n\t\t\t<img decoding=\"async\" width=\"1800\" height=\"1200\" data-src=\"https:\/\/shemejisafari.com\/wp-content\/smush-webp\/2025\/09\/shutterstock_2444220537.jpg.webp\" class=\"bg attachment-2048x2048 size-2048x2048 lazyload\" alt=\"\" src=\"data:image\/svg+xml;base64,PHN2ZyB3aWR0aD0iMSIgaGVpZ2h0PSIxIiB4bWxucz0iaHR0cDovL3d3dy53My5vcmcvMjAwMC9zdmciPjwvc3ZnPg==\" style=\"--smush-placeholder-width: 1800px; --smush-placeholder-aspect-ratio: 1800\/1200;\" data-srcset=\"https:\/\/shemejisafari.com\/wp-content\/smush-webp\/2025\/09\/shutterstock_2444220537.jpg.webp 1800w, https:\/\/shemejisafari.com\/wp-content\/smush-webp\/2025\/09\/shutterstock_2444220537-300x200.jpg.webp 300w, https:\/\/shemejisafari.com\/wp-content\/smush-webp\/2025\/09\/shutterstock_2444220537-1024x683.jpg.webp 1024w, https:\/\/shemejisafari.com\/wp-content\/smush-webp\/2025\/09\/shutterstock_2444220537-768x512.jpg.webp 768w, https:\/\/shemejisafari.com\/wp-content\/smush-webp\/2025\/09\/shutterstock_2444220537-1536x1024.jpg.webp 1536w\" data-sizes=\"auto\" data-original-sizes=\"(max-width: 1800px) 100vw, 1800px\" \/>\t\t\t\t\t\t<div class=\"section-bg-overlay absolute fill\"><\/div>\n\t\t\t\n\n\t\t<\/div>\n\n\t\t\n\n\t\t<div class=\"section-content relative\">\n\t\t\t\n<div class=\"row\"  id=\"row-1804354210\">\n\n\t<div id=\"col-1468608353\" class=\"col medium-6 small-12 large-6\"  >\n\t\t\t\t<div class=\"col-inner text-shadow-2\"  >\n\t\t\t\n\t\t\t\n<h1>Paquetes a medida<\/h1>\n\t\t<\/div>\n\t\t\t\t\t<\/div>\n\n\t\n<\/div>\n\t\t<\/div>\n\n\t\t\n<style>\n#section_659821118 {\n  padding-top: 30px;\n  padding-bottom: 30px;\n  min-height: 400px;\n}\n#section_659821118 .section-bg-overlay {\n  background-color: rgba(0, 0, 0, 0);\n}\n#section_659821118 .section-bg img {\n  object-position: 50% 65%;\n}\n@media (min-width:550px) {\n  #section_659821118 {\n    min-height: 600px;\n  }\n}\n<\/style>\n\t<\/section>\n\t\n\n\t<section class=\"section\" id=\"section_1750799289\">\n\t\t<div class=\"section-bg fill\" >\n\t\t\t\t\t\t\t\t\t\n\t\t\t\n\n\t\t<\/div>\n\n\t\t\n\n\t\t<div class=\"section-content relative\">\n\t\t\t\n<div class=\"row\"  id=\"row-1324317961\">\n\n\t<div id=\"col-623622892\" class=\"col small-12 large-12\"  >\n\t\t\t\t<div class=\"col-inner\"  >\n\t\t\t\n\t\t\t\n\n\n\n\t\t<\/div>\n\t\t\t\t\t<\/div>\n\n\t\n<\/div>\n<div class=\"row align-middle\"  id=\"row-440713400\">\n\n\t<div id=\"col-193613323\" class=\"col medium-6 small-12 large-6\"  >\n\t\t\t\t<div class=\"col-inner\"  >\n\t\t\t\n\t\t\t\n<h4>Vacaciones a medida en Tanzania y Zanz\u00edbar con Shemeji Safari<\/h4>\n<p>Shemeji Safari Tanzania se especializa en la creaci\u00f3n de experiencias de viaje personalizadas, elaborando itinerarios \u00fanicos que capturan lo mejor de la vida salvaje de Tanzania y las playas de Zanz\u00edbar. Desde safaris privados en el Serengeti y el cr\u00e1ter de Ngorongoro hasta recorridos culturales y escapadas a islas v\u00edrgenes, cada viaje se adapta a sus intereses y estilo de viaje. Ya sea que busque aventura, relajaci\u00f3n o una mezcla de ambos, Shemeji Safari combina la experiencia local con el lujo y la autenticidad para un viaje verdaderamente inolvidable.  <\/p>\n\t<div id=\"gap-1864918439\" class=\"gap-element clearfix\" style=\"display:block; height:auto;\">\n\t\t\n<style>\n#gap-1864918439 {\n  padding-top: 30px;\n}\n<\/style>\n\t<\/div>\n\t\n<a href=\"https:\/\/shemejisafari.com\/es\/realizar-una-solicitud\/\" class=\"button success\" style=\"border-radius:99px;\">\n\t\t<span>Cree su propio paquete a medida<\/span>\n\t<\/a>\n\n\t\t<\/div>\n\t\t\t\t\t<\/div>\n\n\t\n\n\t<div id=\"col-1489338644\" class=\"col medium-6 small-12 large-6 small-col-first\"  >\n\t\t\t\t<div class=\"col-inner\"  >\n\t\t\t\n\t\t\t\n\n  <div class=\"banner has-hover overlay-brush\" id=\"banner-660509145\">\n          <div class=\"banner-inner fill\">\n        <div class=\"banner-bg fill\" >\n            <img decoding=\"async\" width=\"1020\" height=\"680\" data-src=\"https:\/\/shemejisafari.com\/wp-content\/uploads\/2025\/04\/lionesses-on-savannah-1024x683.webp\" class=\"bg attachment-large size-large lazyload\" alt=\"\" src=\"data:image\/svg+xml;base64,PHN2ZyB3aWR0aD0iMSIgaGVpZ2h0PSIxIiB4bWxucz0iaHR0cDovL3d3dy53My5vcmcvMjAwMC9zdmciPjwvc3ZnPg==\" style=\"--smush-placeholder-width: 1020px; --smush-placeholder-aspect-ratio: 1020\/680;\" data-srcset=\"https:\/\/shemejisafari.com\/wp-content\/uploads\/2025\/04\/lionesses-on-savannah-1024x683.webp 1024w, https:\/\/shemejisafari.com\/wp-content\/uploads\/2025\/04\/lionesses-on-savannah-300x200.webp 300w, https:\/\/shemejisafari.com\/wp-content\/uploads\/2025\/04\/lionesses-on-savannah-768x512.webp 768w, https:\/\/shemejisafari.com\/wp-content\/uploads\/2025\/04\/lionesses-on-savannah-1536x1024.webp 1536w, https:\/\/shemejisafari.com\/wp-content\/uploads\/2025\/04\/lionesses-on-savannah-2048x1365.webp 2048w\" data-sizes=\"auto\" data-original-sizes=\"(max-width: 1020px) 100vw, 1020px\" \/>                        <div class=\"overlay\"><\/div>            \n                    <\/div>\n\t\t\n        <div class=\"banner-layers container\">\n            <div class=\"fill banner-link\"><\/div>            \n   <div id=\"text-box-106363796\" class=\"text-box banner-layer x50 md-x50 lg-x50 y50 md-y50 lg-y50 res-text\">\n                                <div class=\"text-box-content text dark\">\n              \n              <div class=\"text-inner text-center\">\n                  \n              <\/div>\n           <\/div>\n                            \n<style>\n#text-box-106363796 {\n  width: 60%;\n}\n#text-box-106363796 .text-box-content {\n  font-size: 100%;\n}\n@media (min-width:550px) {\n  #text-box-106363796 {\n    width: 60%;\n  }\n}\n<\/style>\n    <\/div>\n \n        <\/div>\n      <\/div>\n\n            \n<style>\n#banner-660509145 {\n  padding-top: 250px;\n}\n#banner-660509145 .overlay {\n  background-color: rgba(0, 0, 0, 0);\n}\n#banner-660509145 .banner-bg img {\n  object-position: 0% 60%;\n}\n@media (min-width:550px) {\n  #banner-660509145 {\n    padding-top: 350px;\n  }\n}\n<\/style>\n  <\/div>\n\n\n\t\t<\/div>\n\t\t\t\t\t<\/div>\n\n\t\n<\/div>\n\t\t<\/div>\n\n\t\t\n<style>\n#section_1750799289 {\n  padding-top: 30px;\n  padding-bottom: 30px;\n}\n<\/style>\n\t<\/section>\n\t\n","protected":false},"excerpt":{"rendered":"","protected":false},"author":1,"featured_media":0,"parent":2451,"menu_order":0,"comment_status":"closed","ping_status":"closed","template":"","meta":{"_acf_changed":false,"content-type":"","footnotes":""},"class_list":["post-2249","page","type-page","status-publish","hentry"],"acf":[],"_links":{"self":[{"href":"https:\/\/shemejisafari.com\/es\/wp-json\/wp\/v2\/pages\/2249","targetHints":{"allow":["GET"]}}],"collection":[{"href":"https:\/\/shemejisafari.com\/es\/wp-json\/wp\/v2\/pages"}],"about":[{"href":"https:\/\/shemejisafari.com\/es\/wp-json\/wp\/v2\/types\/page"}],"author":[{"embeddable":true,"href":"https:\/\/shemejisafari.com\/es\/wp-json\/wp\/v2\/users\/1"}],"replies":[{"embeddable":true,"href":"https:\/\/shemejisafari.com\/es\/wp-json\/wp\/v2\/comments?post=2249"}],"version-history":[{"count":10,"href":"https:\/\/shemejisafari.com\/es\/wp-json\/wp\/v2\/pages\/2249\/revisions"}],"predecessor-version":[{"id":6455,"href":"https:\/\/shemejisafari.com\/es\/wp-json\/wp\/v2\/pages\/2249\/revisions\/6455"}],"up":[{"embeddable":true,"href":"https:\/\/shemejisafari.com\/es\/wp-json\/wp\/v2\/pages\/2451"}],"wp:attachment":[{"href":"https:\/\/shemejisafari.com\/es\/wp-json\/wp\/v2\/media?parent=2249"}],"curies":[{"name":"wp","href":"https:\/\/api.w.org\/{rel}","templated":true}]}}