{"id":2333,"date":"2025-07-22T16:21:05","date_gmt":"2025-07-22T14:21:05","guid":{"rendered":"https:\/\/shemejisafari.com\/preguntas-frecuentes\/"},"modified":"2025-11-14T13:46:36","modified_gmt":"2025-11-14T12:46:36","slug":"preguntas-frecuentes","status":"publish","type":"page","link":"https:\/\/shemejisafari.com\/es\/preguntas-frecuentes\/","title":{"rendered":"Preguntas frecuentes"},"content":{"rendered":"\n\t<section class=\"section hero content-bottom dark\" id=\"section_337224701\">\n\t\t<div class=\"section-bg fill\" >\n\t\t\t<img decoding=\"async\" width=\"2560\" height=\"1707\" data-src=\"https:\/\/shemejisafari.com\/wp-content\/smush-webp\/2025\/10\/54687442343_14c1a62e84_o-scaled.jpg.webp\" class=\"bg attachment-original size-original lazyload\" alt=\"\" src=\"data:image\/svg+xml;base64,PHN2ZyB3aWR0aD0iMSIgaGVpZ2h0PSIxIiB4bWxucz0iaHR0cDovL3d3dy53My5vcmcvMjAwMC9zdmciPjwvc3ZnPg==\" style=\"--smush-placeholder-width: 2560px; --smush-placeholder-aspect-ratio: 2560\/1707;\" data-srcset=\"https:\/\/shemejisafari.com\/wp-content\/smush-webp\/2025\/10\/54687442343_14c1a62e84_o-scaled.jpg.webp 2560w, https:\/\/shemejisafari.com\/wp-content\/smush-webp\/2025\/10\/54687442343_14c1a62e84_o-300x200.jpg.webp 300w, https:\/\/shemejisafari.com\/wp-content\/smush-webp\/2025\/10\/54687442343_14c1a62e84_o-1024x683.jpg.webp 1024w, https:\/\/shemejisafari.com\/wp-content\/smush-webp\/2025\/10\/54687442343_14c1a62e84_o-768x512.jpg.webp 768w, https:\/\/shemejisafari.com\/wp-content\/smush-webp\/2025\/10\/54687442343_14c1a62e84_o-1536x1024.jpg.webp 1536w, https:\/\/shemejisafari.com\/wp-content\/smush-webp\/2025\/10\/54687442343_14c1a62e84_o-2048x1365.jpg.webp 2048w\" data-sizes=\"auto\" data-original-sizes=\"(max-width: 2560px) 100vw, 2560px\" \/>\t\t\t\t\t\t<div class=\"section-bg-overlay absolute fill\"><\/div>\n\t\t\t\n\n\t\t<\/div>\n\n\t\t\n\n\t\t<div class=\"section-content relative\">\n\t\t\t\n<div class=\"row\"  id=\"row-910522348\">\n\n\t<div id=\"col-1518975074\" class=\"col medium-6 small-12 large-6\"  >\n\t\t\t\t<div class=\"col-inner text-shadow-2\"  >\n\t\t\t\n\t\t\t\n<h1>Preguntas frecuentes<\/h1>\n\t\t<\/div>\n\t\t\t\t\t<\/div>\n\n\t\n<\/div>\n\t\t<\/div>\n\n\t\t\n<style>\n#section_337224701 {\n  padding-top: 30px;\n  padding-bottom: 30px;\n  min-height: 400px;\n}\n#section_337224701 .section-bg-overlay {\n  background-color: rgba(0, 0, 0, 0);\n}\n#section_337224701 .section-bg img {\n  object-position: 62% 23%;\n}\n@media (min-width:550px) {\n  #section_337224701 {\n    min-height: 600px;\n  }\n}\n<\/style>\n\t<\/section>\n\t\n\n\t<section class=\"section\" id=\"section_1636076276\">\n\t\t<div class=\"section-bg fill\" >\n\t\t\t\t\t\t\t\t\t\n\t\t\t\n\n\t\t<\/div>\n\n\t\t\n\n\t\t<div class=\"section-content relative\">\n\t\t\t\n<div class=\"row\"  id=\"row-1377728287\">\n\n\t<div id=\"col-21677433\" class=\"col small-12 large-12\"  >\n\t\t\t\t<div class=\"col-inner\"  >\n\t\t\t\n\t\t\t\n\n\n\n\t\t<\/div>\n\t\t\t\t\t<\/div>\n\n\t\n<\/div>\n<div class=\"row align-middle align-center\"  id=\"row-1111748704\">\n\n\t<div id=\"col-965842335\" class=\"col medium-9 small-12 large-9\"  >\n\t\t\t\t<div class=\"col-inner\"  >\n\t\t\t\n\t\t\t\n<div class=\"accordion\">\n\t<div id=\"accordion-1569002993\" class=\"accordion-item\">\n\t\t<a id=\"accordion-1569002993-label\" class=\"accordion-title plain\" aria-expanded=\"false\" aria-controls=\"accordion-1569002993-content\">\n\t\t\t<button class=\"toggle\" aria-label=\"Toggle\"><i class=\"icon-angle-down\" aria-hidden=\"true\"><\/i><\/button>\n\t\t\t<span>Prism\u00e1ticos y folletos de safari: mejorando su experiencia de safari<\/span>\n\t\t<\/a>\n\t\t<div id=\"accordion-1569002993-content\" class=\"accordion-inner\" aria-labelledby=\"accordion-1569002993-label\">\n\t\t\t\n<p>Embarcarse en una aventura de safari es una oportunidad incre\u00edble para presenciar las maravillas de la vida silvestre en su h\u00e1bitat natural. Para asegurarnos de que no se pierda ni un solo momento, le proporcionamos prism\u00e1ticos gratuitos para su uso durante el safari en jeep. Con nuestros prism\u00e1ticos de alta calidad, podr\u00e1 acercarse a los magn\u00edficos animales que deambulan por la sabana. Desde divisar un le\u00f3n descansando bajo un \u00e1rbol hasta observar una manada de elefantes en la distancia, estos prism\u00e1ticos acercar\u00e1n la vida silvestre a sus ojos, mejorando su experiencia de safari y permiti\u00e9ndole capturar cada detalle. Adem\u00e1s de los prism\u00e1ticos, tambi\u00e9n proporcionamos folletos sobre los animales y las aves que puede encontrar durante su safari. Sirven como referencias \u00fatiles, permiti\u00e9ndole identificar la incre\u00edble vida silvestre que encuentre en su viaje. Nuestro objetivo es enriquecer su aventura de safari proporcion\u00e1ndole las herramientas para apreciar plenamente la biodiversidad y las maravillas naturales que le rodean. As\u00ed que coja los prism\u00e1ticos, hojee los folletos informativos y prep\u00e1rese para una experiencia de vida silvestre inmersiva como ninguna otra.       <\/p>\n\t\t<\/div>\n\t<\/div>\n\t\n\t<div id=\"accordion-1062983322\" class=\"accordion-item\">\n\t\t<a id=\"accordion-1062983322-label\" class=\"accordion-title plain\" href=\"#accordion-item-\u00bfes-segura-tanzania?-\u00a1s\u00ed!-\" aria-expanded=\"false\" aria-controls=\"accordion-1062983322-content\">\n\t\t\t<button class=\"toggle\" aria-label=\"Toggle\"><i class=\"icon-angle-down\" aria-hidden=\"true\"><\/i><\/button>\n\t\t\t<span>\u00bfEs segura Tanzania? \u00a1S\u00ed! <\/span>\n\t\t<\/a>\n\t\t<div id=\"accordion-1062983322-content\" class=\"accordion-inner\" aria-labelledby=\"accordion-1062983322-label\">\n\t\t\t\n<p>Si bien Tanzania y Zanz\u00edbar se consideran seguros, siempre es una buena idea contratar un seguro de viaje que cubra emergencias m\u00e9dicas, cancelaciones de viaje y pertenencias personales. Esto le proporcionar\u00e1 tranquilidad durante sus viajes. Siendo consciente y tomando precauciones b\u00e1sicas de seguridad, puede disfrutar de su tiempo en Tanzania y tener una experiencia memorable y segura explorando los impresionantes paisajes, la rica vida silvestre y la vibrante cultura del pa\u00eds.  <\/p>\n\t\t<\/div>\n\t<\/div>\n\t\n\t<div id=\"accordion-3504473636\" class=\"accordion-item\">\n\t\t<a id=\"accordion-3504473636-label\" class=\"accordion-title plain\" href=\"#accordion-item-seguro-de-viaje\" aria-expanded=\"false\" aria-controls=\"accordion-3504473636-content\">\n\t\t\t<button class=\"toggle\" aria-label=\"Toggle\"><i class=\"icon-angle-down\" aria-hidden=\"true\"><\/i><\/button>\n\t\t\t<span>Seguro de viaje<\/span>\n\t\t<\/a>\n\t\t<div id=\"accordion-3504473636-content\" class=\"accordion-inner\" aria-labelledby=\"accordion-3504473636-label\">\n\t\t\t\n<p>El seguro de viaje es un aspecto esencial de cualquier viaje, incluso cuando se visita Tanzania. Proporciona protecci\u00f3n financiera y tranquilidad en caso de eventos inesperados o emergencias durante sus viajes. Una p\u00f3liza de seguro de viaje integral normalmente cubre una variedad de situaciones, como la cancelaci\u00f3n o interrupci\u00f3n del viaje, los gastos m\u00e9dicos, la evacuaci\u00f3n m\u00e9dica de emergencia, la p\u00e9rdida o el retraso del equipaje y la responsabilidad personal. Es importante revisar cuidadosamente los detalles de la cobertura de la p\u00f3liza que elija para asegurarse de que satisfaga sus necesidades espec\u00edficas. Cuando viaje a Tanzania, se recomienda tener un seguro de viaje que incluya cobertura m\u00e9dica. Esto garantizar\u00e1 que est\u00e9 protegido en caso de enfermedad o lesi\u00f3n mientras se encuentre en el pa\u00eds. Bajo petici\u00f3n, podemos contratar un seguro de m\u00e9dicos voladores de AMREF para usted.      <\/p>\n\t\t<\/div>\n\t<\/div>\n\t\n\t<div id=\"accordion-1218028875\" class=\"accordion-item\">\n\t\t<a id=\"accordion-1218028875-label\" class=\"accordion-title plain\" href=\"#accordion-item-visado\" aria-expanded=\"false\" aria-controls=\"accordion-1218028875-content\">\n\t\t\t<button class=\"toggle\" aria-label=\"Toggle\"><i class=\"icon-angle-down\" aria-hidden=\"true\"><\/i><\/button>\n\t\t\t<span>VISADO<\/span>\n\t\t<\/a>\n\t\t<div id=\"accordion-1218028875-content\" class=\"accordion-inner\" aria-labelledby=\"accordion-1218028875-label\">\n\t\t\t\n<p>Para entrar en Tanzania o Zanz\u00edbar, la mayor\u00eda de los viajeros necesitar\u00e1n un visado. Los requisitos espec\u00edficos del visado pueden variar dependiendo de su nacionalidad y el prop\u00f3sito de su visita. Visite este sitio web para obtener m\u00e1s informaci\u00f3n y las regulaciones y directrices m\u00e1s actualizadas sobre el proceso de solicitud de visado: <a href=\"https:\/\/www.immigration.go.tz\/index.php\/visa-and-pass-information\" target=\"_blank\" rel=\"noopener\"><strong>https:\/\/www.immigration.go.tz\/index.php\/visa-and-pass-information<\/strong><\/a>  <\/p>\n\t\t<\/div>\n\t<\/div>\n\t\n\t<div id=\"accordion-3792213049\" class=\"accordion-item\">\n\t\t<a id=\"accordion-3792213049-label\" class=\"accordion-title plain\" href=\"#accordion-item-\u00bfcu\u00e1l-es-la-mejor-temporada-para-viajar-a-tanzania-y-zanz\u00edbar?\" aria-expanded=\"false\" aria-controls=\"accordion-3792213049-content\">\n\t\t\t<button class=\"toggle\" aria-label=\"Toggle\"><i class=\"icon-angle-down\" aria-hidden=\"true\"><\/i><\/button>\n\t\t\t<span>\u00bfCu\u00e1l es la mejor temporada para viajar a Tanzania y Zanz\u00edbar?<\/span>\n\t\t<\/a>\n\t\t<div id=\"accordion-3792213049-content\" class=\"accordion-inner\" aria-labelledby=\"accordion-3792213049-label\">\n\t\t\t\n<p>La mejor temporada para viajar a Tanzania y Zanz\u00edbar depende de sus preferencias y de las experiencias que busque. Tanzania y Zanz\u00edbar ofrecen algo \u00fanico y especial durante todo el a\u00f1o, lo que las convierte en excelentes destinos para visitar en cualquier momento. Si busca presenciar la Gran Migraci\u00f3n de la Vida Silvestre, donde millones de \u00f1us y cebras se mueven a trav\u00e9s de las llanuras del Serengeti, entonces la temporada verde es ideal. Esto es t\u00edpicamente de marzo a mayo y de noviembre a diciembre. Durante este tiempo, el paisaje es vibrante y exuberante, y los avistamientos de vida silvestre son abundantes. Si prefiere un clima m\u00e1s seco y quiere disfrutar de las playas de Zanz\u00edbar, la estaci\u00f3n seca de junio a octubre es una opci\u00f3n popular. Este per\u00edodo ofrece d\u00edas soleados, temperaturas c\u00e1lidas y mares tranquilos, perfectos para relajarse y disfrutar de las actividades acu\u00e1ticas. Sin embargo, es importante tener en cuenta que incluso durante la temporada verde, Tanzania y Zanz\u00edbar tienen mucho que ofrecer. Los aguaceros suelen ser de corta duraci\u00f3n, y el paisaje se vuelve bellamente verde. Es una oportunidad para presenciar la transformaci\u00f3n de la naturaleza y disfrutar de las experiencias \u00fanicas que trae consigo. En \u00faltima instancia, la mejor temporada para viajar a Tanzania y Zanz\u00edbar depende de sus intereses y preferencias. Ya sea que elija la estaci\u00f3n seca o la estaci\u00f3n verde, ser\u00e1 tratado con incre\u00edbles encuentros con la vida silvestre, impresionantes paisajes y una c\u00e1lida hospitalidad que hacen de Tanzania y Zanz\u00edbar un destino que vale la pena explorar durante todo el a\u00f1o.           <\/p>\n\t\t<\/div>\n\t<\/div>\n\t\n\t<div id=\"accordion-652096644\" class=\"accordion-item\">\n\t\t<a id=\"accordion-652096644-label\" class=\"accordion-title plain\" href=\"#accordion-item-vacunaciones\" aria-expanded=\"false\" aria-controls=\"accordion-652096644-content\">\n\t\t\t<button class=\"toggle\" aria-label=\"Toggle\"><i class=\"icon-angle-down\" aria-hidden=\"true\"><\/i><\/button>\n\t\t\t<span>Vacunaciones<\/span>\n\t\t<\/a>\n\t\t<div id=\"accordion-652096644-content\" class=\"accordion-inner\" aria-labelledby=\"accordion-652096644-label\">\n\t\t\t\n<p>Los CDC y la OMS aconsejan vacunas contra la hepatitis A, la hepatitis B y la fiebre tifoidea para Tanzania y Zanz\u00edbar, adem\u00e1s de las vacunas de rutina como la triple v\u00edrica y la Tdpa. Dependiendo de las actividades de los viajeros, tambi\u00e9n se aconsejan las inmunizaciones contra la rabia y la fiebre amarilla. Es obligatorio tener prueba de vacunaci\u00f3n contra la fiebre amarilla para los viajeros que lleguen de pa\u00edses end\u00e9micos de fiebre amarilla. Esta condici\u00f3n tambi\u00e9n se aplica a los viajeros sometidos a conexiones de vuelo largas (tr\u00e1nsito) en pa\u00edses end\u00e9micos de fiebre amarilla durante doce horas (12 horas) o m\u00e1s. A partir de enero de 2023, Tanzania ya no est\u00e1 sujeta a las limitaciones de COVID-19, y las vacunas o las pruebas de PCR ya no son necesarias antes de viajar. Como con todos los viajes internacionales, siempre sugerimos que busque consejo m\u00e9dico de su m\u00e9dico antes de visitar Tanzania.     <\/p>\n\t\t<\/div>\n\t<\/div>\n\t\n\t<div id=\"accordion-2790410753\" class=\"accordion-item\">\n\t\t<a id=\"accordion-2790410753-label\" class=\"accordion-title plain\" href=\"#accordion-item-\u00bfes-obligatorio-dar-propina?\" aria-expanded=\"false\" aria-controls=\"accordion-2790410753-content\">\n\t\t\t<button class=\"toggle\" aria-label=\"Toggle\"><i class=\"icon-angle-down\" aria-hidden=\"true\"><\/i><\/button>\n\t\t\t<span>\u00bfEs obligatorio dar propina?<\/span>\n\t\t<\/a>\n\t\t<div id=\"accordion-2790410753-content\" class=\"accordion-inner\" aria-labelledby=\"accordion-2790410753-label\">\n\t\t\t\n<p>Si bien las propinas son una pr\u00e1ctica com\u00fan en Tanzania, nuestros precios de los tours no dependen de las propinas. Es totalmente a su discreci\u00f3n dar propina a nuestros dedicados gu\u00edas conductores por su excepcional servicio. Tenga la seguridad de que nuestro equipo est\u00e1 compensado de manera justa, asegurando que su experiencia siga siendo excepcional, tanto si decide dar propina como si no.  <\/p>\n\t\t<\/div>\n\t<\/div>\n\t\n<\/div>\n\t\t<\/div>\n\t\t\t\t\t<\/div>\n\n\t\n<\/div>\n\t\t<\/div>\n\n\t\t\n<style>\n#section_1636076276 {\n  padding-top: 30px;\n  padding-bottom: 30px;\n}\n<\/style>\n\t<\/section>\n\t\n","protected":false},"excerpt":{"rendered":"","protected":false},"author":1,"featured_media":0,"parent":0,"menu_order":0,"comment_status":"closed","ping_status":"closed","template":"","meta":{"_acf_changed":false,"content-type":"","footnotes":""},"class_list":["post-2333","page","type-page","status-publish","hentry"],"acf":[],"_links":{"self":[{"href":"https:\/\/shemejisafari.com\/es\/wp-json\/wp\/v2\/pages\/2333","targetHints":{"allow":["GET"]}}],"collection":[{"href":"https:\/\/shemejisafari.com\/es\/wp-json\/wp\/v2\/pages"}],"about":[{"href":"https:\/\/shemejisafari.com\/es\/wp-json\/wp\/v2\/types\/page"}],"author":[{"embeddable":true,"href":"https:\/\/shemejisafari.com\/es\/wp-json\/wp\/v2\/users\/1"}],"replies":[{"embeddable":true,"href":"https:\/\/shemejisafari.com\/es\/wp-json\/wp\/v2\/comments?post=2333"}],"version-history":[{"count":5,"href":"https:\/\/shemejisafari.com\/es\/wp-json\/wp\/v2\/pages\/2333\/revisions"}],"predecessor-version":[{"id":6334,"href":"https:\/\/shemejisafari.com\/es\/wp-json\/wp\/v2\/pages\/2333\/revisions\/6334"}],"wp:attachment":[{"href":"https:\/\/shemejisafari.com\/es\/wp-json\/wp\/v2\/media?parent=2333"}],"curies":[{"name":"wp","href":"https:\/\/api.w.org\/{rel}","templated":true}]}}