{"id":2378,"date":"2025-07-22T15:57:15","date_gmt":"2025-07-22T13:57:15","guid":{"rendered":"https:\/\/shemejisafari.com\/excursiones-de-un-dia\/"},"modified":"2025-11-14T13:39:08","modified_gmt":"2025-11-14T12:39:08","slug":"excursiones-de-un-dia","status":"publish","type":"page","link":"https:\/\/shemejisafari.com\/es\/excursiones-de-un-dia\/","title":{"rendered":"Excursiones de un d\u00eda"},"content":{"rendered":"\n\t<section class=\"section hero content-bottom dark\" id=\"section_46448380\">\n\t\t<div class=\"section-bg fill\" >\n\t\t\t<img decoding=\"async\" width=\"2560\" height=\"1441\" data-src=\"https:\/\/shemejisafari.com\/wp-content\/smush-webp\/2025\/10\/53273928814_51806ffaaf_o-scaled.jpg.webp\" class=\"bg attachment-original size-original lazyload\" alt=\"\" src=\"data:image\/svg+xml;base64,PHN2ZyB3aWR0aD0iMSIgaGVpZ2h0PSIxIiB4bWxucz0iaHR0cDovL3d3dy53My5vcmcvMjAwMC9zdmciPjwvc3ZnPg==\" style=\"--smush-placeholder-width: 2560px; --smush-placeholder-aspect-ratio: 2560\/1441;\" data-srcset=\"https:\/\/shemejisafari.com\/wp-content\/smush-webp\/2025\/10\/53273928814_51806ffaaf_o-scaled.jpg.webp 2560w, https:\/\/shemejisafari.com\/wp-content\/smush-webp\/2025\/10\/53273928814_51806ffaaf_o-300x169.jpg.webp 300w, https:\/\/shemejisafari.com\/wp-content\/smush-webp\/2025\/10\/53273928814_51806ffaaf_o-1024x577.jpg.webp 1024w, https:\/\/shemejisafari.com\/wp-content\/smush-webp\/2025\/10\/53273928814_51806ffaaf_o-768x432.jpg.webp 768w, https:\/\/shemejisafari.com\/wp-content\/smush-webp\/2025\/10\/53273928814_51806ffaaf_o-1536x865.jpg.webp 1536w, https:\/\/shemejisafari.com\/wp-content\/smush-webp\/2025\/10\/53273928814_51806ffaaf_o-2048x1153.jpg.webp 2048w\" data-sizes=\"auto\" data-original-sizes=\"(max-width: 2560px) 100vw, 2560px\" \/>\t\t\t\t\t\t<div class=\"section-bg-overlay absolute fill\"><\/div>\n\t\t\t\n\n\t\t<\/div>\n\n\t\t\n\n\t\t<div class=\"section-content relative\">\n\t\t\t\n<div class=\"row\"  id=\"row-1886470552\">\n\n\t<div id=\"col-1103799461\" class=\"col medium-6 small-12 large-6\"  >\n\t\t\t\t<div class=\"col-inner text-shadow-2\"  >\n\t\t\t\n\t\t\t\n<h1>Excursiones de un d\u00eda<\/h1>\n<p>Descubra inolvidables excursiones de un d\u00eda con Shemeji Safari Tanzania: desde Arusha y Zanz\u00edbar<\/p>\n\t\t<\/div>\n\t\t\t\t\t<\/div>\n\n\t\n<\/div>\n\t\t<\/div>\n\n\t\t\n<style>\n#section_46448380 {\n  padding-top: 30px;\n  padding-bottom: 30px;\n  min-height: 400px;\n}\n#section_46448380 .section-bg-overlay {\n  background-color: rgba(0, 0, 0, 0);\n}\n#section_46448380 .section-bg img {\n  object-position: 56% 57%;\n}\n@media (min-width:550px) {\n  #section_46448380 {\n    min-height: 600px;\n  }\n}\n<\/style>\n\t<\/section>\n\t\n\n\t<section class=\"section\" id=\"section_1369947063\">\n\t\t<div class=\"section-bg fill\" >\n\t\t\t\t\t\t\t\t\t\n\t\t\t\n\n\t\t<\/div>\n\n\t\t\n\n\t\t<div class=\"section-content relative\">\n\t\t\t\n<div class=\"row\"  id=\"row-689303356\">\n\n\t<div id=\"col-114251254\" class=\"col small-12 large-12\"  >\n\t\t\t\t<div class=\"col-inner\"  >\n\t\t\t\n\t\t\t\n\n\n\n\t\t<\/div>\n\t\t\t\t\t<\/div>\n\n\t\n<\/div>\n<div class=\"row align-middle\"  id=\"row-71535878\">\n\n\t<div id=\"col-115741981\" class=\"col medium-6 small-12 large-6\"  >\n\t\t\t\t<div class=\"col-inner\"  >\n\t\t\t\n\t\t\t\n<p>\u00bfLe gustar\u00eda vivir una emocionante aventura de safari, pero tiene poco tiempo? Shemeji Safari Tanzania ofrece inolvidables excursiones de un d\u00eda desde Arusha y Zanz\u00edbar, que le permitir\u00e1n disfrutar de la incre\u00edble vida salvaje y los paisajes de Tanzania sin necesidad de un compromiso de varios d\u00edas. <\/p>\n\t<div id=\"gap-1717120990\" class=\"gap-element clearfix\" style=\"display:block; height:auto;\">\n\t\t\n<style>\n#gap-1717120990 {\n  padding-top: 30px;\n}\n<\/style>\n\t<\/div>\n\t\n\t\t<\/div>\n\t\t\t\t\t<\/div>\n\n\t\n\n\t<div id=\"col-1058875101\" class=\"col medium-6 small-12 large-6 small-col-first\"  >\n\t\t\t\t<div class=\"col-inner\"  >\n\t\t\t\n\t\t\t\n\n  <div class=\"banner has-hover overlay-brush\" id=\"banner-702004987\">\n          <div class=\"banner-inner fill\">\n        <div class=\"banner-bg fill\" >\n            <img decoding=\"async\" width=\"1800\" height=\"1200\" data-src=\"https:\/\/shemejisafari.com\/wp-content\/smush-webp\/2025\/07\/shutterstock_2355439047.jpg.webp\" class=\"bg attachment-2048x2048 size-2048x2048 lazyload\" alt=\"\" src=\"data:image\/svg+xml;base64,PHN2ZyB3aWR0aD0iMSIgaGVpZ2h0PSIxIiB4bWxucz0iaHR0cDovL3d3dy53My5vcmcvMjAwMC9zdmciPjwvc3ZnPg==\" style=\"--smush-placeholder-width: 1800px; --smush-placeholder-aspect-ratio: 1800\/1200;\" data-srcset=\"https:\/\/shemejisafari.com\/wp-content\/smush-webp\/2025\/07\/shutterstock_2355439047.jpg.webp 1800w, https:\/\/shemejisafari.com\/wp-content\/smush-webp\/2025\/07\/shutterstock_2355439047-300x200.jpg.webp 300w, https:\/\/shemejisafari.com\/wp-content\/smush-webp\/2025\/07\/shutterstock_2355439047-1024x683.jpg.webp 1024w, https:\/\/shemejisafari.com\/wp-content\/smush-webp\/2025\/07\/shutterstock_2355439047-768x512.jpg.webp 768w, https:\/\/shemejisafari.com\/wp-content\/smush-webp\/2025\/07\/shutterstock_2355439047-1536x1024.jpg.webp 1536w\" data-sizes=\"auto\" data-original-sizes=\"(max-width: 1800px) 100vw, 1800px\" \/>                        <div class=\"overlay\"><\/div>            \n                    <\/div>\n\t\t\n        <div class=\"banner-layers container\">\n            <div class=\"fill banner-link\"><\/div>            \n   <div id=\"text-box-1449206107\" class=\"text-box banner-layer x50 md-x50 lg-x50 y50 md-y50 lg-y50 res-text\">\n                                <div class=\"text-box-content text dark\">\n              \n              <div class=\"text-inner text-center\">\n                  \n              <\/div>\n           <\/div>\n                            \n<style>\n#text-box-1449206107 {\n  width: 60%;\n}\n#text-box-1449206107 .text-box-content {\n  font-size: 100%;\n}\n@media (min-width:550px) {\n  #text-box-1449206107 {\n    width: 60%;\n  }\n}\n<\/style>\n    <\/div>\n \n        <\/div>\n      <\/div>\n\n            \n<style>\n#banner-702004987 {\n  padding-top: 250px;\n}\n#banner-702004987 .overlay {\n  background-color: rgba(0, 0, 0, 0);\n}\n@media (min-width:550px) {\n  #banner-702004987 {\n    padding-top: 350px;\n  }\n}\n<\/style>\n  <\/div>\n\n\n\t\t<\/div>\n\t\t\t\t\t<\/div>\n\n\t\n<\/div>\n\t<div id=\"gap-1913829026\" class=\"gap-element clearfix\" style=\"display:block; height:auto;\">\n\t\t\n<style>\n#gap-1913829026 {\n  padding-top: 60px;\n}\n<\/style>\n\t<\/div>\n\t\n<div class=\"row align-middle\"  id=\"row-1017852230\">\n\n\t<div id=\"col-1718156089\" class=\"col medium-6 small-12 large-6 small-col-first\"  >\n\t\t\t\t<div class=\"col-inner\"  >\n\t\t\t\n\t\t\t\n\n  <div class=\"banner has-hover overlay-brush\" id=\"banner-1276041307\">\n          <div class=\"banner-inner fill\">\n        <div class=\"banner-bg fill\" >\n            <img decoding=\"async\" width=\"1800\" height=\"1200\" data-src=\"https:\/\/shemejisafari.com\/wp-content\/smush-webp\/2025\/08\/PARK-TARANGIRE-NATIONAL-PARK.jpg.webp\" class=\"bg attachment-2048x2048 size-2048x2048 lazyload\" alt=\"\" src=\"data:image\/svg+xml;base64,PHN2ZyB3aWR0aD0iMSIgaGVpZ2h0PSIxIiB4bWxucz0iaHR0cDovL3d3dy53My5vcmcvMjAwMC9zdmciPjwvc3ZnPg==\" style=\"--smush-placeholder-width: 1800px; --smush-placeholder-aspect-ratio: 1800\/1200;\" data-srcset=\"https:\/\/shemejisafari.com\/wp-content\/smush-webp\/2025\/08\/PARK-TARANGIRE-NATIONAL-PARK.jpg.webp 1800w, https:\/\/shemejisafari.com\/wp-content\/smush-webp\/2025\/08\/PARK-TARANGIRE-NATIONAL-PARK-600x400.jpg.webp 600w, https:\/\/shemejisafari.com\/wp-content\/smush-webp\/2025\/08\/PARK-TARANGIRE-NATIONAL-PARK-300x200.jpg.webp 300w, https:\/\/shemejisafari.com\/wp-content\/smush-webp\/2025\/08\/PARK-TARANGIRE-NATIONAL-PARK-1024x683.jpg.webp 1024w, https:\/\/shemejisafari.com\/wp-content\/smush-webp\/2025\/08\/PARK-TARANGIRE-NATIONAL-PARK-768x512.jpg.webp 768w, https:\/\/shemejisafari.com\/wp-content\/smush-webp\/2025\/08\/PARK-TARANGIRE-NATIONAL-PARK-1536x1024.jpg.webp 1536w\" data-sizes=\"auto\" data-original-sizes=\"(max-width: 1800px) 100vw, 1800px\" \/>                        <div class=\"overlay\"><\/div>            \n                    <\/div>\n\t\t\n        <div class=\"banner-layers container\">\n            <div class=\"fill banner-link\"><\/div>            \n   <div id=\"text-box-863734214\" class=\"text-box banner-layer x50 md-x50 lg-x50 y50 md-y50 lg-y50 res-text\">\n                                <div class=\"text-box-content text dark\">\n              \n              <div class=\"text-inner text-center\">\n                  \n              <\/div>\n           <\/div>\n                            \n<style>\n#text-box-863734214 {\n  width: 60%;\n}\n#text-box-863734214 .text-box-content {\n  font-size: 100%;\n}\n@media (min-width:550px) {\n  #text-box-863734214 {\n    width: 60%;\n  }\n}\n<\/style>\n    <\/div>\n \n        <\/div>\n      <\/div>\n\n            \n<style>\n#banner-1276041307 {\n  padding-top: 250px;\n}\n#banner-1276041307 .overlay {\n  background-color: rgba(0, 0, 0, 0);\n}\n#banner-1276041307 .banner-bg img {\n  object-position: 52% 46%;\n}\n@media (min-width:550px) {\n  #banner-1276041307 {\n    padding-top: 500px;\n  }\n}\n<\/style>\n  <\/div>\n\n\n\t\t<\/div>\n\t\t\t\t\t<\/div>\n\n\t\n\n\t<div id=\"col-1924505187\" class=\"col medium-6 small-12 large-6\"  >\n\t\t\t\t<div class=\"col-inner\"  >\n\t\t\t\n\t\t\t\n<h2>Excursiones de un d\u00eda desde Arusha<\/h2>\n<p>Arusha es la base perfecta para explorar el fascinante circuito norte de Tanzania. Situada a los pies del monte Kilimanjaro y cerca del Serengeti, esta ciudad es ideal para acceder a varios parques nacionales que se encuentran a poca distancia. En pocas horas, se encontrar\u00e1 inmerso en algunos de los parques m\u00e1s emblem\u00e1ticos del pa\u00eds.  <\/p>\n<p>Las excursiones est\u00e1n dise\u00f1adas para maximizar su tiempo, por lo que estar\u00e1 guiado por expertos que le explicar\u00e1n todo. Le garantizamos que disfrutar\u00e1 de una experiencia inmersiva, llena de emoci\u00f3n y descubrimientos. <\/p>\n<ul>\n<li><a href=\"https:\/\/shemejisafari.com\/es\/viajes\/safari-de-un-dia-desde-arusha-crater-del-ngorongoro\/\"><strong>Safari de un d\u00eda al cr\u00e1ter del Ngorongoro<\/strong><\/a><\/li>\n<li><a href=\"https:\/\/shemejisafari.com\/es\/viajes\/safari-de-un-dia-desde-arusha-parque-nacional-del-lago-manyara\/\"><strong>Safari de un d\u00eda al Parque Nacional del Lago Manyara<\/strong><\/a><\/li>\n<li><a href=\"https:\/\/shemejisafari.com\/es\/viajes\/safari-de-un-dia-desde-arusha-parque-nacional-de-arusha\/\"><strong>Safari de un d\u00eda al Parque Nacional de Arusha<\/strong><\/a><\/li>\n<li><a href=\"https:\/\/shemejisafari.com\/es\/viajes\/safari-de-un-dia-desde-arusha-parque-nacional-de-tarangire\/\"><strong>Safari de un d\u00eda al Parque Nacional de Tarangire<\/strong><\/a><\/li>\n<\/ul>\n\t<div id=\"gap-1840946953\" class=\"gap-element clearfix\" style=\"display:block; height:auto;\">\n\t\t\n<style>\n#gap-1840946953 {\n  padding-top: 30px;\n}\n<\/style>\n\t<\/div>\n\t\n\t\t<\/div>\n\t\t\t\t\t<\/div>\n\n\t\n<\/div>\n\t<div id=\"gap-528676173\" class=\"gap-element clearfix\" style=\"display:block; height:auto;\">\n\t\t\n<style>\n#gap-528676173 {\n  padding-top: 60px;\n}\n<\/style>\n\t<\/div>\n\t\n<div class=\"row align-middle\"  id=\"row-1353135755\">\n\n\t<div id=\"col-1860721084\" class=\"col medium-6 small-12 large-6\"  >\n\t\t\t\t<div class=\"col-inner\"  >\n\t\t\t\n\t\t\t\n<h2>Excursiones de un d\u00eda desde Zanz\u00edbar<\/h2>\n<p>Si se aloja en Zanz\u00edbar, tambi\u00e9n puede vivir una aut\u00e9ntica aventura de safari sin salir de la isla. Shemeji ofrece vuelos directos desde Zanz\u00edbar a destinos de safari en la Reserva de Selous y el Parque Nacional de Mikumi, donde podr\u00e1 disfrutar de un espectacular safari en un solo d\u00eda. <\/p>\n<p>Nuestras excursiones de un d\u00eda desde Zanz\u00edbar le permiten comenzar el d\u00eda en las playas de arena blanca de la isla y terminarlo en el coraz\u00f3n de la sabana africana, viviendo una inolvidable aventura de vida salvaje, \u00a1todo en un tiempo r\u00e9cord!<\/p>\n<p>\u00a1Haga de su estancia en Arusha o Zanz\u00edbar una experiencia inolvidable!<\/p>\n<ul>\n<li><a href=\"https:\/\/shemejisafari.com\/es\/viajes\/desde-zanzibar-excursion-de-un-dia-al-parque-nacional-de-mikumi\/\"><strong>Safari de un d\u00eda a Mikumi<\/strong><\/a><\/li>\n<li>Safari de un d\u00eda a Selous<\/li>\n<\/ul>\n\t<div id=\"gap-643665686\" class=\"gap-element clearfix\" style=\"display:block; height:auto;\">\n\t\t\n<style>\n#gap-643665686 {\n  padding-top: 30px;\n}\n<\/style>\n\t<\/div>\n\t\n\t\t<\/div>\n\t\t\t\t\t<\/div>\n\n\t\n\n\t<div id=\"col-1655782117\" class=\"col medium-6 small-12 large-6 small-col-first\"  >\n\t\t\t\t<div class=\"col-inner\"  >\n\t\t\t\n\t\t\t\n\n  <div class=\"banner has-hover overlay-brush\" id=\"banner-456476899\">\n          <div class=\"banner-inner fill\">\n        <div class=\"banner-bg fill\" >\n            <img decoding=\"async\" width=\"1800\" height=\"1200\" data-src=\"https:\/\/shemejisafari.com\/wp-content\/smush-webp\/2025\/08\/From-Zanzibar-Day-Safari-Mikumi.jpg.webp\" class=\"bg attachment-2048x2048 size-2048x2048 lazyload\" alt=\"\" src=\"data:image\/svg+xml;base64,PHN2ZyB3aWR0aD0iMSIgaGVpZ2h0PSIxIiB4bWxucz0iaHR0cDovL3d3dy53My5vcmcvMjAwMC9zdmciPjwvc3ZnPg==\" style=\"--smush-placeholder-width: 1800px; --smush-placeholder-aspect-ratio: 1800\/1200;\" data-srcset=\"https:\/\/shemejisafari.com\/wp-content\/smush-webp\/2025\/08\/From-Zanzibar-Day-Safari-Mikumi.jpg.webp 1800w, https:\/\/shemejisafari.com\/wp-content\/smush-webp\/2025\/08\/From-Zanzibar-Day-Safari-Mikumi-300x200.jpg.webp 300w, https:\/\/shemejisafari.com\/wp-content\/smush-webp\/2025\/08\/From-Zanzibar-Day-Safari-Mikumi-1024x683.jpg.webp 1024w, https:\/\/shemejisafari.com\/wp-content\/smush-webp\/2025\/08\/From-Zanzibar-Day-Safari-Mikumi-768x512.jpg.webp 768w, https:\/\/shemejisafari.com\/wp-content\/smush-webp\/2025\/08\/From-Zanzibar-Day-Safari-Mikumi-1536x1024.jpg.webp 1536w\" data-sizes=\"auto\" data-original-sizes=\"(max-width: 1800px) 100vw, 1800px\" \/>                        <div class=\"overlay\"><\/div>            \n                    <\/div>\n\t\t\n        <div class=\"banner-layers container\">\n            <div class=\"fill banner-link\"><\/div>            \n   <div id=\"text-box-1029970133\" class=\"text-box banner-layer x50 md-x50 lg-x50 y50 md-y50 lg-y50 res-text\">\n                                <div class=\"text-box-content text dark\">\n              \n              <div class=\"text-inner text-center\">\n                  \n              <\/div>\n           <\/div>\n                            \n<style>\n#text-box-1029970133 {\n  width: 60%;\n}\n#text-box-1029970133 .text-box-content {\n  font-size: 100%;\n}\n@media (min-width:550px) {\n  #text-box-1029970133 {\n    width: 60%;\n  }\n}\n<\/style>\n    <\/div>\n \n        <\/div>\n      <\/div>\n\n            \n<style>\n#banner-456476899 {\n  padding-top: 250px;\n}\n#banner-456476899 .overlay {\n  background-color: rgba(0, 0, 0, 0);\n}\n@media (min-width:550px) {\n  #banner-456476899 {\n    padding-top: 500px;\n  }\n}\n<\/style>\n  <\/div>\n\n\n\t\t<\/div>\n\t\t\t\t\t<\/div>\n\n\t\n<\/div>\n\t\t<\/div>\n\n\t\t\n<style>\n#section_1369947063 {\n  padding-top: 30px;\n  padding-bottom: 30px;\n}\n<\/style>\n\t<\/section>\n\t\n","protected":false},"excerpt":{"rendered":"","protected":false},"author":1,"featured_media":0,"parent":0,"menu_order":0,"comment_status":"closed","ping_status":"closed","template":"","meta":{"_acf_changed":false,"content-type":"","footnotes":""},"class_list":["post-2378","page","type-page","status-publish","hentry"],"acf":[],"_links":{"self":[{"href":"https:\/\/shemejisafari.com\/es\/wp-json\/wp\/v2\/pages\/2378","targetHints":{"allow":["GET"]}}],"collection":[{"href":"https:\/\/shemejisafari.com\/es\/wp-json\/wp\/v2\/pages"}],"about":[{"href":"https:\/\/shemejisafari.com\/es\/wp-json\/wp\/v2\/types\/page"}],"author":[{"embeddable":true,"href":"https:\/\/shemejisafari.com\/es\/wp-json\/wp\/v2\/users\/1"}],"replies":[{"embeddable":true,"href":"https:\/\/shemejisafari.com\/es\/wp-json\/wp\/v2\/comments?post=2378"}],"version-history":[{"count":13,"href":"https:\/\/shemejisafari.com\/es\/wp-json\/wp\/v2\/pages\/2378\/revisions"}],"predecessor-version":[{"id":6289,"href":"https:\/\/shemejisafari.com\/es\/wp-json\/wp\/v2\/pages\/2378\/revisions\/6289"}],"wp:attachment":[{"href":"https:\/\/shemejisafari.com\/es\/wp-json\/wp\/v2\/media?parent=2378"}],"curies":[{"name":"wp","href":"https:\/\/api.w.org\/{rel}","templated":true}]}}