{"id":2389,"date":"2025-07-22T16:07:27","date_gmt":"2025-07-22T14:07:27","guid":{"rendered":"https:\/\/shemejisafari.com\/gran-migracion\/"},"modified":"2025-11-14T13:40:40","modified_gmt":"2025-11-14T12:40:40","slug":"gran-migracion","status":"publish","type":"page","link":"https:\/\/shemejisafari.com\/es\/gran-migracion\/","title":{"rendered":"La gran migraci\u00f3n"},"content":{"rendered":"\n\t<section class=\"section hero content-bottom dark\" id=\"section_2098823206\">\n\t\t<div class=\"section-bg fill\" >\n\t\t\t<img decoding=\"async\" width=\"2560\" height=\"939\" data-src=\"https:\/\/shemejisafari.com\/wp-content\/smush-webp\/2025\/10\/46661895244_aeef389983_o-scaled.jpg.webp\" class=\"bg attachment-original size-original lazyload\" alt=\"\" src=\"data:image\/svg+xml;base64,PHN2ZyB3aWR0aD0iMSIgaGVpZ2h0PSIxIiB4bWxucz0iaHR0cDovL3d3dy53My5vcmcvMjAwMC9zdmciPjwvc3ZnPg==\" style=\"--smush-placeholder-width: 2560px; --smush-placeholder-aspect-ratio: 2560\/939;\" data-srcset=\"https:\/\/shemejisafari.com\/wp-content\/smush-webp\/2025\/10\/46661895244_aeef389983_o-scaled.jpg.webp 2560w, https:\/\/shemejisafari.com\/wp-content\/smush-webp\/2025\/10\/46661895244_aeef389983_o-300x110.jpg.webp 300w, https:\/\/shemejisafari.com\/wp-content\/smush-webp\/2025\/10\/46661895244_aeef389983_o-1024x375.jpg.webp 1024w, https:\/\/shemejisafari.com\/wp-content\/smush-webp\/2025\/10\/46661895244_aeef389983_o-768x282.jpg.webp 768w, https:\/\/shemejisafari.com\/wp-content\/smush-webp\/2025\/10\/46661895244_aeef389983_o-1536x563.jpg.webp 1536w, https:\/\/shemejisafari.com\/wp-content\/smush-webp\/2025\/10\/46661895244_aeef389983_o-2048x751.jpg.webp 2048w\" data-sizes=\"auto\" data-original-sizes=\"(max-width: 2560px) 100vw, 2560px\" \/>\t\t\t\t\t\t<div class=\"section-bg-overlay absolute fill\"><\/div>\n\t\t\t\n\n\t\t<\/div>\n\n\t\t\n\n\t\t<div class=\"section-content relative\">\n\t\t\t\n<div class=\"row\"  id=\"row-1084539944\">\n\n\t<div id=\"col-2101049568\" class=\"col medium-6 small-12 large-6\"  >\n\t\t\t\t<div class=\"col-inner text-shadow-2\"  >\n\t\t\t\n\t\t\t\n<h1>La gran migraci\u00f3n<\/h1>\n<p>La gran migraci\u00f3n de \u00f1us: una maravilla natural en Tanzania<\/p>\n\t\t<\/div>\n\t\t\t\t\t<\/div>\n\n\t\n<\/div>\n\t\t<\/div>\n\n\t\t\n<style>\n#section_2098823206 {\n  padding-top: 30px;\n  padding-bottom: 30px;\n  min-height: 400px;\n}\n#section_2098823206 .section-bg-overlay {\n  background-color: rgba(0, 0, 0, 0);\n}\n#section_2098823206 .section-bg img {\n  object-position: 50% 100%;\n}\n@media (min-width:550px) {\n  #section_2098823206 {\n    min-height: 600px;\n  }\n}\n<\/style>\n\t<\/section>\n\t\n\n\t<section class=\"section\" id=\"section_786571221\">\n\t\t<div class=\"section-bg fill\" >\n\t\t\t\t\t\t\t\t\t\n\t\t\t\n\n\t\t<\/div>\n\n\t\t\n\n\t\t<div class=\"section-content relative\">\n\t\t\t\n<div class=\"row\"  id=\"row-1170789667\">\n\n\t<div id=\"col-943412488\" class=\"col small-12 large-12\"  >\n\t\t\t\t<div class=\"col-inner\"  >\n\t\t\t\n\t\t\t\n\n\n\n\t\t<\/div>\n\t\t\t\t\t<\/div>\n\n\t\n<\/div>\n<div class=\"row align-middle\"  id=\"row-1966061246\">\n\n\t<div id=\"col-1018381702\" class=\"col medium-6 small-12 large-6\"  >\n\t\t\t\t<div class=\"col-inner\"  >\n\t\t\t\n\t\t\t\n<p>La Gran Migraci\u00f3n de \u00d1us en Tanzania es uno de los eventos de vida silvestre m\u00e1s espectaculares de la Tierra. Cada a\u00f1o, m\u00e1s de 1,5 millones de \u00f1us, cebras y gacelas viajan a trav\u00e9s del Serengeti en busca de nuevas tierras de pastoreo. Esta incre\u00edble migraci\u00f3n implica cruces de r\u00edos dram\u00e1ticos, encuentros con depredadores y paisajes impresionantes. El mejor momento para presenciar este fen\u00f3meno natural es de julio a octubre, cuando los \u00f1us cruzan el r\u00edo Mara.   <\/p>\n<p>Nuestros alojamientos asociados est\u00e1n estrat\u00e9gicamente ubicados a lo largo de la ruta de migraci\u00f3n, lo que le permite seguir a las manadas durante todo el a\u00f1o. Desde puntos estrat\u00e9gicos clave en el Serengeti, puede experimentar la emoci\u00f3n de la migraci\u00f3n en diferentes etapas, haciendo de cada visita una aventura \u00fanica. M\u00e1s all\u00e1 de la migraci\u00f3n en s\u00ed, el Serengeti ofrece una abundancia de vida silvestre, incluidos leones, guepardos y elefantes, as\u00ed como impresionantes puestas de sol sobre la vasta sabana. Los safaris guiados y los safaris en globo aerost\u00e1tico brindan perspectivas inolvidables de este paisaje en constante cambio.   <\/p>\n\t<div id=\"gap-1526010959\" class=\"gap-element clearfix\" style=\"display:block; height:auto;\">\n\t\t\n<style>\n#gap-1526010959 {\n  padding-top: 30px;\n}\n<\/style>\n\t<\/div>\n\t\n<a href=\"https:\/\/shemejisafari.com\/es\/paquetes-shemeji\/paquetes-de-playa-y-safari\/\" class=\"button success\" style=\"border-radius:99px;\">\n\t\t<span>ver nuestros paquetes de safari<\/span>\n\t<\/a>\n\n\t\t<\/div>\n\t\t\t\t\t<\/div>\n\n\t\n\n\t<div id=\"col-1820072316\" class=\"col medium-6 small-12 large-6 small-col-first\"  >\n\t\t\t\t<div class=\"col-inner\"  >\n\t\t\t\n\t\t\t\n\n  <div class=\"banner has-hover overlay-brush\" id=\"banner-1998363091\">\n          <div class=\"banner-inner fill\">\n        <div class=\"banner-bg fill\" >\n            <img decoding=\"async\" width=\"1020\" height=\"765\" data-src=\"https:\/\/shemejisafari.com\/wp-content\/smush-webp\/2025\/10\/46696111354_469dbd3902_o-1024x768.jpg.webp\" class=\"bg attachment-large size-large lazyload\" alt=\"\" src=\"data:image\/svg+xml;base64,PHN2ZyB3aWR0aD0iMSIgaGVpZ2h0PSIxIiB4bWxucz0iaHR0cDovL3d3dy53My5vcmcvMjAwMC9zdmciPjwvc3ZnPg==\" style=\"--smush-placeholder-width: 1020px; --smush-placeholder-aspect-ratio: 1020\/765;\" data-srcset=\"https:\/\/shemejisafari.com\/wp-content\/smush-webp\/2025\/10\/46696111354_469dbd3902_o-1024x768.jpg.webp 1024w, https:\/\/shemejisafari.com\/wp-content\/smush-webp\/2025\/10\/46696111354_469dbd3902_o-300x225.jpg.webp 300w, https:\/\/shemejisafari.com\/wp-content\/smush-webp\/2025\/10\/46696111354_469dbd3902_o-768x576.jpg.webp 768w, https:\/\/shemejisafari.com\/wp-content\/smush-webp\/2025\/10\/46696111354_469dbd3902_o-1536x1152.jpg.webp 1536w, https:\/\/shemejisafari.com\/wp-content\/smush-webp\/2025\/10\/46696111354_469dbd3902_o-2048x1536.jpg.webp 2048w\" data-sizes=\"auto\" data-original-sizes=\"(max-width: 1020px) 100vw, 1020px\" \/>                        <div class=\"overlay\"><\/div>            \n                    <\/div>\n\t\t\n        <div class=\"banner-layers container\">\n            <div class=\"fill banner-link\"><\/div>            \n   <div id=\"text-box-335618060\" class=\"text-box banner-layer x50 md-x50 lg-x50 y50 md-y50 lg-y50 res-text\">\n                                <div class=\"text-box-content text dark\">\n              \n              <div class=\"text-inner text-center\">\n                  \n              <\/div>\n           <\/div>\n                            \n<style>\n#text-box-335618060 {\n  width: 60%;\n}\n#text-box-335618060 .text-box-content {\n  font-size: 100%;\n}\n@media (min-width:550px) {\n  #text-box-335618060 {\n    width: 60%;\n  }\n}\n<\/style>\n    <\/div>\n \n        <\/div>\n      <\/div>\n\n            \n<style>\n#banner-1998363091 {\n  padding-top: 250px;\n}\n#banner-1998363091 .overlay {\n  background-color: rgba(0, 0, 0, 0);\n}\n@media (min-width:550px) {\n  #banner-1998363091 {\n    padding-top: 500px;\n  }\n}\n<\/style>\n  <\/div>\n\n\n\t\t<\/div>\n\t\t\t\t\t<\/div>\n\n\t\n<\/div>\n\t\t<\/div>\n\n\t\t\n<style>\n#section_786571221 {\n  padding-top: 30px;\n  padding-bottom: 30px;\n}\n<\/style>\n\t<\/section>\n\t\n","protected":false},"excerpt":{"rendered":"","protected":false},"author":1,"featured_media":0,"parent":0,"menu_order":0,"comment_status":"closed","ping_status":"closed","template":"","meta":{"_acf_changed":false,"content-type":"","footnotes":""},"class_list":["post-2389","page","type-page","status-publish","hentry"],"acf":[],"_links":{"self":[{"href":"https:\/\/shemejisafari.com\/es\/wp-json\/wp\/v2\/pages\/2389","targetHints":{"allow":["GET"]}}],"collection":[{"href":"https:\/\/shemejisafari.com\/es\/wp-json\/wp\/v2\/pages"}],"about":[{"href":"https:\/\/shemejisafari.com\/es\/wp-json\/wp\/v2\/types\/page"}],"author":[{"embeddable":true,"href":"https:\/\/shemejisafari.com\/es\/wp-json\/wp\/v2\/users\/1"}],"replies":[{"embeddable":true,"href":"https:\/\/shemejisafari.com\/es\/wp-json\/wp\/v2\/comments?post=2389"}],"version-history":[{"count":9,"href":"https:\/\/shemejisafari.com\/es\/wp-json\/wp\/v2\/pages\/2389\/revisions"}],"predecessor-version":[{"id":6302,"href":"https:\/\/shemejisafari.com\/es\/wp-json\/wp\/v2\/pages\/2389\/revisions\/6302"}],"wp:attachment":[{"href":"https:\/\/shemejisafari.com\/es\/wp-json\/wp\/v2\/media?parent=2389"}],"curies":[{"name":"wp","href":"https:\/\/api.w.org\/{rel}","templated":true}]}}