{"id":2425,"date":"2025-04-07T10:25:39","date_gmt":"2025-04-07T08:25:39","guid":{"rendered":"https:\/\/shemejisafari.com\/politica-de-privacidad\/"},"modified":"2025-12-09T13:04:39","modified_gmt":"2025-12-09T12:04:39","slug":"politica-de-privacidad","status":"publish","type":"page","link":"https:\/\/shemejisafari.com\/es\/politica-de-privacidad\/","title":{"rendered":"Pol\u00edtica de privacidad"},"content":{"rendered":"\n\t<section class=\"section hero content-bottom dark\" id=\"section_1714763064\">\n\t\t<div class=\"section-bg fill\" >\n\t\t\t<img decoding=\"async\" width=\"1200\" height=\"800\" data-src=\"https:\/\/shemejisafari.com\/wp-content\/smush-webp\/2025\/06\/Africa-Safari-Nyerere-02.jpg.webp\" class=\"bg attachment-2048x2048 size-2048x2048 lazyload\" alt=\"\" src=\"data:image\/svg+xml;base64,PHN2ZyB3aWR0aD0iMSIgaGVpZ2h0PSIxIiB4bWxucz0iaHR0cDovL3d3dy53My5vcmcvMjAwMC9zdmciPjwvc3ZnPg==\" style=\"--smush-placeholder-width: 1200px; --smush-placeholder-aspect-ratio: 1200\/800;\" data-srcset=\"https:\/\/shemejisafari.com\/wp-content\/smush-webp\/2025\/06\/Africa-Safari-Nyerere-02.jpg.webp 1200w, https:\/\/shemejisafari.com\/wp-content\/smush-webp\/2025\/06\/Africa-Safari-Nyerere-02-300x200.jpg.webp 300w, https:\/\/shemejisafari.com\/wp-content\/smush-webp\/2025\/06\/Africa-Safari-Nyerere-02-1024x683.jpg.webp 1024w, https:\/\/shemejisafari.com\/wp-content\/smush-webp\/2025\/06\/Africa-Safari-Nyerere-02-768x512.jpg.webp 768w\" data-sizes=\"auto\" data-original-sizes=\"(max-width: 1200px) 100vw, 1200px\" \/>\t\t\t\t\t\t<div class=\"section-bg-overlay absolute fill\"><\/div>\n\t\t\t\n\n\t\t<\/div>\n\n\t\t\n\n\t\t<div class=\"section-content relative\">\n\t\t\t\n<div class=\"row\"  id=\"row-270382630\">\n\n\t<div id=\"col-431203165\" class=\"col medium-7 small-12 large-7\"  >\n\t\t\t\t<div class=\"col-inner text-shadow-2\"  >\n\t\t\t\n\t\t\t\n<h1>Pol\u00edtica de privacidad<\/h1>\n\t\t<\/div>\n\t\t\t\t\t<\/div>\n\n\t\n<\/div>\n\t\t<\/div>\n\n\t\t\n<style>\n#section_1714763064 {\n  padding-top: 30px;\n  padding-bottom: 30px;\n  min-height: 125px;\n}\n#section_1714763064 .section-bg-overlay {\n  background-color: rgba(0, 0, 0, 0);\n}\n#section_1714763064 .section-bg img {\n  object-position: 48% 93%;\n}\n@media (min-width:550px) {\n  #section_1714763064 {\n    min-height: 250px;\n  }\n}\n@media (min-width:850px) {\n  #section_1714763064 {\n    min-height: 325px;\n  }\n}\n<\/style>\n\t<\/section>\n\t\n\n\t<section class=\"section\" id=\"section_96332056\">\n\t\t<div class=\"section-bg fill\" >\n\t\t\t\t\t\t\t\t\t\n\t\t\t\n\n\t\t<\/div>\n\n\t\t\n\n\t\t<div class=\"section-content relative\">\n\t\t\t\n<div class=\"row\"  id=\"row-1671698437\">\n\n\t<div id=\"col-2140434490\" class=\"col small-12 large-12\"  >\n\t\t\t\t<div class=\"col-inner\"  >\n\t\t\t\n\t\t\t\n\n\n\n\t\t<\/div>\n\t\t\t\t\t<\/div>\n\n\t\n<\/div>\n<div class=\"row align-center\"  id=\"row-1283386898\">\n\n\t<div id=\"col-1405522595\" class=\"col small-12 large-12\"  >\n\t\t\t\t<div class=\"col-inner text-center\"  >\n\t\t\t\n\t\t\t\n\t<div id=\"text-4133964474\" class=\"text\">\n\t\t\n<p>Shemeji Safari (\u201cnosotros\u201d, \u201cnos\u201d, \u201cnuestro\u201d) se compromete a proteger su privacidad y sus datos personales. Esta Pol\u00edtica de privacidad explica c\u00f3mo recopilamos, utilizamos, compartimos y protegemos su informaci\u00f3n personal de conformidad con el Reglamento General de Protecci\u00f3n de Datos (RGPD) y otras leyes de protecci\u00f3n de datos aplicables de la UE y Tanzania. <\/p>\n<h2>Responsable del tratamiento de datos<\/h2>\n<p>Shemeji Safari es el responsable del tratamiento de sus datos personales. Nuestros datos de contacto son:<br \/>Shemeji Safari, <a href=\"mailto:contact@shemejisafari.com\"><strong>contact@shemejisafari.com<\/strong><\/a> <\/p>\n<h2>Datos personales que recopilamos<\/h2>\n<p>Podemos recopilar y procesar las siguientes categor\u00edas de datos personales:<\/p>\n<ul>\n<li>Informaci\u00f3n de contacto (nombre, direcci\u00f3n de correo electr\u00f3nico, n\u00famero de tel\u00e9fono)<\/li>\n<li>Datos de la reserva (fechas del viaje, preferencias de alojamiento, requisitos diet\u00e9ticos)<\/li>\n<li>Informaci\u00f3n de pago<\/li>\n<li>Comunicaciones con nosotros<\/li>\n<li>Datos de uso del sitio web (los datos se recopilan a trav\u00e9s de Google Analytics y se pueden evitar desactivando las cookies en el navegador)<\/li>\n<\/ul>\n<h2>C\u00f3mo utilizamos sus datos personales<\/h2>\n<p>Procesamos sus datos personales para los siguientes fines:<\/p>\n<ul>\n<li>Para proporcionar nuestros servicios de safari (viajes) y atender sus solicitudes de reserva<\/li>\n<li>Para comunicarnos con usted sobre su reserva<\/li>\n<li>Para procesar los pagos<\/li>\n<li>Para mejorar nuestro sitio web y nuestros servicios<\/li>\n<li>Para cumplir con las obligaciones legales<\/li>\n<\/ul>\n<p>Las bases legales para procesar sus datos son:<\/p>\n<ul>\n<li>Ejecuci\u00f3n de un acuerdo cuando le proporcionamos nuestros servicios<\/li>\n<li>Nuestros intereses leg\u00edtimos en la operaci\u00f3n y mejora de nuestro negocio<\/li>\n<li>Su consentimiento, cuando lo hayamos solicitado<\/li>\n<li>Cumplimiento de nuestras obligaciones legales<\/li>\n<\/ul>\n<h2>Retenci\u00f3n de datos<\/h2>\n<p>Solo conservaremos sus datos personales durante el tiempo que sea necesario para cumplir con los fines para los que los recopilamos, incluso para fines legales, contables, de marketing o requisitos de informaci\u00f3n.<\/p>\n<h2>Sus derechos de protecci\u00f3n de datos<\/h2>\n<p>Seg\u00fan el RGPD, usted tiene los siguientes derechos:<\/p>\n<ul>\n<li>Acceder a sus datos personales<\/li>\n<li>Corregir datos personales inexactos<\/li>\n<li>Solicitar la supresi\u00f3n de sus datos personales<\/li>\n<li>Oponerse al procesamiento de sus datos personales<\/li>\n<li>Solicitar la restricci\u00f3n del procesamiento de sus datos personales<\/li>\n<li>Solicitar la transferencia de sus datos personales<\/li>\n<li>Retirar el consentimiento<\/li>\n<\/ul>\n<p>Para ejercer cualquiera de estos derechos, p\u00f3ngase en contacto con nosotros utilizando los datos facilitados anteriormente.<\/p>\n<h2>Transferencias internacionales<\/h2>\n<p>Podemos transferir sus datos personales a pa\u00edses fuera del Espacio Econ\u00f3mico Europeo (EEE) y Tanzania. Cuando lo hagamos, nos aseguraremos de que existan las garant\u00edas adecuadas para proteger sus datos. <\/p>\n<h2>Seguridad de los datos<\/h2>\n<p>Hemos implementado medidas t\u00e9cnicas y organizativas apropiadas para proteger sus datos personales contra el procesamiento no autorizado o ilegal, la p\u00e9rdida accidental, la destrucci\u00f3n o los da\u00f1os.<\/p>\n<h2>Enlaces a otros sitios web<\/h2>\n<p>Nuestro Servicio puede contener enlaces a otros sitios web que no operamos. Si hace clic en un enlace de un tercero, se le dirigir\u00e1 al sitio de ese tercero. Le recomendamos encarecidamente que revise la Pol\u00edtica de privacidad de cada sitio que visite.  <\/p>\n<p>No tenemos control ni asumimos ninguna responsabilidad por el contenido, las pol\u00edticas de privacidad o las pr\u00e1cticas de los sitios o servicios de terceros.<\/p>\n<h2>Cambios en esta Pol\u00edtica de privacidad<\/h2>\n<p>Es posible que actualicemos esta Pol\u00edtica de privacidad de vez en cuando. Le notificaremos cualquier cambio significativo publicando la nueva Pol\u00edtica de privacidad en esta p\u00e1gina. <\/p>\n<h2>Cont\u00e1ctenos<\/h2>\n<p>Si tiene alguna pregunta sobre esta Pol\u00edtica de Privacidad, cont\u00e1ctenos en: <a href=\"mailto:contact@shemejisafari.com\"><strong>contact@shemejisafari.com<\/strong><\/a><\/p>\n<p>\u00daltima actualizaci\u00f3n: 29\/10\/2024<\/p>\n\t\t\n<style>\n#text-4133964474 {\n  text-align: left;\n}\n<\/style>\n\t<\/div>\n\t\n\t\t<\/div>\n\t\t\t\t\t<\/div>\n\n\t\n<\/div>\n\t\t<\/div>\n\n\t\t\n<style>\n#section_96332056 {\n  padding-top: 30px;\n  padding-bottom: 30px;\n}\n<\/style>\n\t<\/section>\n\t\n","protected":false},"excerpt":{"rendered":"","protected":false},"author":1,"featured_media":0,"parent":0,"menu_order":0,"comment_status":"closed","ping_status":"closed","template":"","meta":{"_acf_changed":false,"content-type":"","footnotes":""},"class_list":["post-2425","page","type-page","status-publish","hentry"],"acf":[],"_links":{"self":[{"href":"https:\/\/shemejisafari.com\/es\/wp-json\/wp\/v2\/pages\/2425","targetHints":{"allow":["GET"]}}],"collection":[{"href":"https:\/\/shemejisafari.com\/es\/wp-json\/wp\/v2\/pages"}],"about":[{"href":"https:\/\/shemejisafari.com\/es\/wp-json\/wp\/v2\/types\/page"}],"author":[{"embeddable":true,"href":"https:\/\/shemejisafari.com\/es\/wp-json\/wp\/v2\/users\/1"}],"replies":[{"embeddable":true,"href":"https:\/\/shemejisafari.com\/es\/wp-json\/wp\/v2\/comments?post=2425"}],"version-history":[{"count":8,"href":"https:\/\/shemejisafari.com\/es\/wp-json\/wp\/v2\/pages\/2425\/revisions"}],"predecessor-version":[{"id":6764,"href":"https:\/\/shemejisafari.com\/es\/wp-json\/wp\/v2\/pages\/2425\/revisions\/6764"}],"wp:attachment":[{"href":"https:\/\/shemejisafari.com\/es\/wp-json\/wp\/v2\/media?parent=2425"}],"curies":[{"name":"wp","href":"https:\/\/api.w.org\/{rel}","templated":true}]}}