{"id":3032,"date":"2025-09-19T16:45:23","date_gmt":"2025-09-19T14:45:23","guid":{"rendered":"https:\/\/shemejisafari.com\/forfaits-sur-mesure\/"},"modified":"2025-11-14T14:05:40","modified_gmt":"2025-11-14T13:05:40","slug":"forfaits-sur-mesure","status":"publish","type":"page","link":"https:\/\/shemejisafari.com\/fr\/forfaits-shemeji\/forfaits-sur-mesure\/","title":{"rendered":"Forfaits sur mesure"},"content":{"rendered":"\n\t<section class=\"section hero content-bottom dark\" id=\"section_1906293856\">\n\t\t<div class=\"section-bg fill\" >\n\t\t\t<img decoding=\"async\" width=\"1800\" height=\"1200\" data-src=\"https:\/\/shemejisafari.com\/wp-content\/smush-webp\/2025\/09\/shutterstock_2444220537.jpg.webp\" class=\"bg attachment-2048x2048 size-2048x2048 lazyload\" alt=\"\" src=\"data:image\/svg+xml;base64,PHN2ZyB3aWR0aD0iMSIgaGVpZ2h0PSIxIiB4bWxucz0iaHR0cDovL3d3dy53My5vcmcvMjAwMC9zdmciPjwvc3ZnPg==\" style=\"--smush-placeholder-width: 1800px; --smush-placeholder-aspect-ratio: 1800\/1200;\" data-srcset=\"https:\/\/shemejisafari.com\/wp-content\/smush-webp\/2025\/09\/shutterstock_2444220537.jpg.webp 1800w, https:\/\/shemejisafari.com\/wp-content\/smush-webp\/2025\/09\/shutterstock_2444220537-300x200.jpg.webp 300w, https:\/\/shemejisafari.com\/wp-content\/smush-webp\/2025\/09\/shutterstock_2444220537-1024x683.jpg.webp 1024w, https:\/\/shemejisafari.com\/wp-content\/smush-webp\/2025\/09\/shutterstock_2444220537-768x512.jpg.webp 768w, https:\/\/shemejisafari.com\/wp-content\/smush-webp\/2025\/09\/shutterstock_2444220537-1536x1024.jpg.webp 1536w\" data-sizes=\"auto\" data-original-sizes=\"(max-width: 1800px) 100vw, 1800px\" \/>\t\t\t\t\t\t<div class=\"section-bg-overlay absolute fill\"><\/div>\n\t\t\t\n\n\t\t<\/div>\n\n\t\t\n\n\t\t<div class=\"section-content relative\">\n\t\t\t\n<div class=\"row\"  id=\"row-944633814\">\n\n\t<div id=\"col-1384632526\" class=\"col medium-6 small-12 large-6\"  >\n\t\t\t\t<div class=\"col-inner text-shadow-2\"  >\n\t\t\t\n\t\t\t\n<h1>Forfaits sur mesure<\/h1>\n\t\t<\/div>\n\t\t\t\t\t<\/div>\n\n\t\n<\/div>\n\t\t<\/div>\n\n\t\t\n<style>\n#section_1906293856 {\n  padding-top: 30px;\n  padding-bottom: 30px;\n  min-height: 400px;\n}\n#section_1906293856 .section-bg-overlay {\n  background-color: rgba(0, 0, 0, 0);\n}\n#section_1906293856 .section-bg img {\n  object-position: 50% 65%;\n}\n@media (min-width:550px) {\n  #section_1906293856 {\n    min-height: 600px;\n  }\n}\n<\/style>\n\t<\/section>\n\t\n\n\t<section class=\"section\" id=\"section_1254251107\">\n\t\t<div class=\"section-bg fill\" >\n\t\t\t\t\t\t\t\t\t\n\t\t\t\n\n\t\t<\/div>\n\n\t\t\n\n\t\t<div class=\"section-content relative\">\n\t\t\t\n<div class=\"row\"  id=\"row-847962696\">\n\n\t<div id=\"col-1446069418\" class=\"col small-12 large-12\"  >\n\t\t\t\t<div class=\"col-inner\"  >\n\t\t\t\n\t\t\t\n\n\n\n\t\t<\/div>\n\t\t\t\t\t<\/div>\n\n\t\n<\/div>\n<div class=\"row align-middle\"  id=\"row-428612914\">\n\n\t<div id=\"col-1633436616\" class=\"col medium-6 small-12 large-6\"  >\n\t\t\t\t<div class=\"col-inner\"  >\n\t\t\t\n\t\t\t\n<h4>Vacances Sur Mesure en Tanzanie et \u00e0 Zanzibar avec Shemeji Safari<\/h4>\n<p>Shemeji Safari Tanzanie se sp\u00e9cialise dans la cr\u00e9ation d&rsquo;exp\u00e9riences de voyage personnalis\u00e9es, \u00e9laborant des itin\u00e9raires uniques qui capturent le meilleur de la faune tanzanienne et des plages de Zanzibar. Des safaris priv\u00e9s dans le Serengeti et le crat\u00e8re du Ngorongoro aux circuits culturels et aux escapades insulaires immacul\u00e9es, chaque voyage est adapt\u00e9 \u00e0 vos int\u00e9r\u00eats et \u00e0 votre style de voyage. Que vous recherchiez l&rsquo;aventure, la d\u00e9tente ou un m\u00e9lange des deux, Shemeji Safari combine l&rsquo;expertise locale avec le luxe et l&rsquo;authenticit\u00e9 pour un voyage vraiment inoubliable.  <\/p>\n\t<div id=\"gap-1841669815\" class=\"gap-element clearfix\" style=\"display:block; height:auto;\">\n\t\t\n<style>\n#gap-1841669815 {\n  padding-top: 30px;\n}\n<\/style>\n\t<\/div>\n\t\n<a href=\"https:\/\/shemejisafari.com\/fr\/faire-une-demande\/\" class=\"button success\" style=\"border-radius:99px;\">\n\t\t<span>cr\u00e9ez votre propre forfait sur mesure<\/span>\n\t<\/a>\n\n\t\t<\/div>\n\t\t\t\t\t<\/div>\n\n\t\n\n\t<div id=\"col-824909639\" class=\"col medium-6 small-12 large-6 small-col-first\"  >\n\t\t\t\t<div class=\"col-inner\"  >\n\t\t\t\n\t\t\t\n\n  <div class=\"banner has-hover overlay-brush\" id=\"banner-1043136776\">\n          <div class=\"banner-inner fill\">\n        <div class=\"banner-bg fill\" >\n            <img decoding=\"async\" width=\"1020\" height=\"680\" data-src=\"https:\/\/shemejisafari.com\/wp-content\/uploads\/2025\/04\/lionesses-on-savannah-1024x683.webp\" class=\"bg attachment-large size-large lazyload\" alt=\"\" src=\"data:image\/svg+xml;base64,PHN2ZyB3aWR0aD0iMSIgaGVpZ2h0PSIxIiB4bWxucz0iaHR0cDovL3d3dy53My5vcmcvMjAwMC9zdmciPjwvc3ZnPg==\" style=\"--smush-placeholder-width: 1020px; --smush-placeholder-aspect-ratio: 1020\/680;\" data-srcset=\"https:\/\/shemejisafari.com\/wp-content\/uploads\/2025\/04\/lionesses-on-savannah-1024x683.webp 1024w, https:\/\/shemejisafari.com\/wp-content\/uploads\/2025\/04\/lionesses-on-savannah-300x200.webp 300w, https:\/\/shemejisafari.com\/wp-content\/uploads\/2025\/04\/lionesses-on-savannah-768x512.webp 768w, https:\/\/shemejisafari.com\/wp-content\/uploads\/2025\/04\/lionesses-on-savannah-1536x1024.webp 1536w, https:\/\/shemejisafari.com\/wp-content\/uploads\/2025\/04\/lionesses-on-savannah-2048x1365.webp 2048w\" data-sizes=\"auto\" data-original-sizes=\"(max-width: 1020px) 100vw, 1020px\" \/>                        <div class=\"overlay\"><\/div>            \n                    <\/div>\n\t\t\n        <div class=\"banner-layers container\">\n            <div class=\"fill banner-link\"><\/div>            \n   <div id=\"text-box-1679325962\" class=\"text-box banner-layer x50 md-x50 lg-x50 y50 md-y50 lg-y50 res-text\">\n                                <div class=\"text-box-content text dark\">\n              \n              <div class=\"text-inner text-center\">\n                  \n              <\/div>\n           <\/div>\n                            \n<style>\n#text-box-1679325962 {\n  width: 60%;\n}\n#text-box-1679325962 .text-box-content {\n  font-size: 100%;\n}\n@media (min-width:550px) {\n  #text-box-1679325962 {\n    width: 60%;\n  }\n}\n<\/style>\n    <\/div>\n \n        <\/div>\n      <\/div>\n\n            \n<style>\n#banner-1043136776 {\n  padding-top: 250px;\n}\n#banner-1043136776 .overlay {\n  background-color: rgba(0, 0, 0, 0);\n}\n#banner-1043136776 .banner-bg img {\n  object-position: 0% 60%;\n}\n@media (min-width:550px) {\n  #banner-1043136776 {\n    padding-top: 350px;\n  }\n}\n<\/style>\n  <\/div>\n\n\n\t\t<\/div>\n\t\t\t\t\t<\/div>\n\n\t\n<\/div>\n\t\t<\/div>\n\n\t\t\n<style>\n#section_1254251107 {\n  padding-top: 30px;\n  padding-bottom: 30px;\n}\n<\/style>\n\t<\/section>\n\t\n","protected":false},"excerpt":{"rendered":"","protected":false},"author":1,"featured_media":0,"parent":3646,"menu_order":0,"comment_status":"closed","ping_status":"closed","template":"","meta":{"_acf_changed":false,"content-type":"","footnotes":""},"class_list":["post-3032","page","type-page","status-publish","hentry"],"acf":[],"_links":{"self":[{"href":"https:\/\/shemejisafari.com\/fr\/wp-json\/wp\/v2\/pages\/3032","targetHints":{"allow":["GET"]}}],"collection":[{"href":"https:\/\/shemejisafari.com\/fr\/wp-json\/wp\/v2\/pages"}],"about":[{"href":"https:\/\/shemejisafari.com\/fr\/wp-json\/wp\/v2\/types\/page"}],"author":[{"embeddable":true,"href":"https:\/\/shemejisafari.com\/fr\/wp-json\/wp\/v2\/users\/1"}],"replies":[{"embeddable":true,"href":"https:\/\/shemejisafari.com\/fr\/wp-json\/wp\/v2\/comments?post=3032"}],"version-history":[{"count":6,"href":"https:\/\/shemejisafari.com\/fr\/wp-json\/wp\/v2\/pages\/3032\/revisions"}],"predecessor-version":[{"id":6464,"href":"https:\/\/shemejisafari.com\/fr\/wp-json\/wp\/v2\/pages\/3032\/revisions\/6464"}],"up":[{"embeddable":true,"href":"https:\/\/shemejisafari.com\/fr\/wp-json\/wp\/v2\/pages\/3646"}],"wp:attachment":[{"href":"https:\/\/shemejisafari.com\/fr\/wp-json\/wp\/v2\/media?parent=3032"}],"curies":[{"name":"wp","href":"https:\/\/api.w.org\/{rel}","templated":true}]}}