{"id":3292,"date":"2025-07-21T09:46:05","date_gmt":"2025-07-21T07:46:05","guid":{"rendered":"https:\/\/shemejisafari.com\/iles\/"},"modified":"2025-11-14T10:54:14","modified_gmt":"2025-11-14T09:54:14","slug":"iles","status":"publish","type":"page","link":"https:\/\/shemejisafari.com\/fr\/iles\/","title":{"rendered":"\u00celes"},"content":{"rendered":"\n\t<section class=\"section hero content-bottom dark\" id=\"section_207689369\">\n\t\t<div class=\"section-bg fill\" >\n\t\t\t<img decoding=\"async\" width=\"2560\" height=\"1707\" data-src=\"https:\/\/shemejisafari.com\/wp-content\/smush-webp\/2025\/10\/54643422149_197da1278f_o-scaled.jpg.webp\" class=\"bg attachment-original size-original lazyload\" alt=\"\" src=\"data:image\/svg+xml;base64,PHN2ZyB3aWR0aD0iMSIgaGVpZ2h0PSIxIiB4bWxucz0iaHR0cDovL3d3dy53My5vcmcvMjAwMC9zdmciPjwvc3ZnPg==\" style=\"--smush-placeholder-width: 2560px; --smush-placeholder-aspect-ratio: 2560\/1707;\" data-srcset=\"https:\/\/shemejisafari.com\/wp-content\/smush-webp\/2025\/10\/54643422149_197da1278f_o-scaled.jpg.webp 2560w, https:\/\/shemejisafari.com\/wp-content\/smush-webp\/2025\/10\/54643422149_197da1278f_o-300x200.jpg.webp 300w, https:\/\/shemejisafari.com\/wp-content\/smush-webp\/2025\/10\/54643422149_197da1278f_o-1024x683.jpg.webp 1024w, https:\/\/shemejisafari.com\/wp-content\/smush-webp\/2025\/10\/54643422149_197da1278f_o-768x512.jpg.webp 768w, https:\/\/shemejisafari.com\/wp-content\/smush-webp\/2025\/10\/54643422149_197da1278f_o-1536x1024.jpg.webp 1536w, https:\/\/shemejisafari.com\/wp-content\/smush-webp\/2025\/10\/54643422149_197da1278f_o-2048x1365.jpg.webp 2048w\" data-sizes=\"auto\" data-original-sizes=\"(max-width: 2560px) 100vw, 2560px\" \/>\t\t\t\t\t\t<div class=\"section-bg-overlay absolute fill\"><\/div>\n\t\t\t\n\n\t\t<\/div>\n\n\t\t\n\n\t\t<div class=\"section-content relative\">\n\t\t\t\n<div class=\"row\"  id=\"row-1014487107\">\n\n\t<div id=\"col-865317604\" class=\"col medium-6 small-12 large-6\"  >\n\t\t\t\t<div class=\"col-inner text-shadow-2\"  >\n\t\t\t\n\t\t\t\n<h1>\u00celes<\/h1>\n<p>Explorez les \u00eeles spectaculaires de Tanzanie : Zanzibar, Pemba, Mafia et plus encore<\/p>\n\t\t<\/div>\n\t\t\t\t\t<\/div>\n\n\t\n<\/div>\n\t\t<\/div>\n\n\t\t\n<style>\n#section_207689369 {\n  padding-top: 30px;\n  padding-bottom: 30px;\n  min-height: 400px;\n}\n#section_207689369 .section-bg-overlay {\n  background-color: rgba(0, 0, 0, 0);\n}\n#section_207689369 .section-bg img {\n  object-position: 89% 60%;\n}\n@media (min-width:550px) {\n  #section_207689369 {\n    min-height: 600px;\n  }\n}\n<\/style>\n\t<\/section>\n\t\n\n\t<section class=\"section\" id=\"section_1209054467\">\n\t\t<div class=\"section-bg fill\" >\n\t\t\t\t\t\t\t\t\t\n\t\t\t\n\n\t\t<\/div>\n\n\t\t\n\n\t\t<div class=\"section-content relative\">\n\t\t\t\n<div class=\"row\"  id=\"row-730678463\">\n\n\t<div id=\"col-329375590\" class=\"col small-12 large-12\"  >\n\t\t\t\t<div class=\"col-inner\"  >\n\t\t\t\n\t\t\t\n\n\n\n\t\t<\/div>\n\t\t\t\t\t<\/div>\n\n\t\n<\/div>\n<div class=\"row align-middle\"  id=\"row-1864942690\">\n\n\t<div id=\"col-338831308\" class=\"col medium-6 small-12 large-6\"  >\n\t\t\t\t<div class=\"col-inner\"  >\n\t\t\t\n\t\t\t\n<p>Les \u00eeles de Tanzanie offrent un m\u00e9lange unique de beaut\u00e9 naturelle et d&rsquo;aventure. L&rsquo;archipel de Zanzibar, avec ses \u00eeles principales Unguja et Pemba, pr\u00e9sente des plages de sable blanc, des eaux turquoise et des r\u00e9cifs coralliens vibrants parfaits pour la plong\u00e9e et le snorkeling. L&rsquo;\u00eele de Mafia est une retraite plus tranquille, connue pour ses requins-baleines et sa riche vie marine.  <\/p>\n\t\t<\/div>\n\t\t\t\t\t<\/div>\n\n\t\n\n\t<div id=\"col-766448235\" class=\"col medium-6 small-12 large-6 small-col-first\"  >\n\t\t\t\t<div class=\"col-inner\"  >\n\t\t\t\n\t\t\t\n\n  <div class=\"banner has-hover overlay-brush\" id=\"banner-1103573713\">\n          <div class=\"banner-inner fill\">\n        <div class=\"banner-bg fill\" >\n            <img decoding=\"async\" width=\"1800\" height=\"1200\" data-src=\"https:\/\/shemejisafari.com\/wp-content\/smush-webp\/2025\/09\/shutterstock_2287550639.jpg.webp\" class=\"bg attachment-2048x2048 size-2048x2048 lazyload\" alt=\"\" src=\"data:image\/svg+xml;base64,PHN2ZyB3aWR0aD0iMSIgaGVpZ2h0PSIxIiB4bWxucz0iaHR0cDovL3d3dy53My5vcmcvMjAwMC9zdmciPjwvc3ZnPg==\" style=\"--smush-placeholder-width: 1800px; --smush-placeholder-aspect-ratio: 1800\/1200;\" data-srcset=\"https:\/\/shemejisafari.com\/wp-content\/smush-webp\/2025\/09\/shutterstock_2287550639.jpg.webp 1800w, https:\/\/shemejisafari.com\/wp-content\/smush-webp\/2025\/09\/shutterstock_2287550639-300x200.jpg.webp 300w, https:\/\/shemejisafari.com\/wp-content\/smush-webp\/2025\/09\/shutterstock_2287550639-1024x683.jpg.webp 1024w, https:\/\/shemejisafari.com\/wp-content\/smush-webp\/2025\/09\/shutterstock_2287550639-768x512.jpg.webp 768w, https:\/\/shemejisafari.com\/wp-content\/smush-webp\/2025\/09\/shutterstock_2287550639-1536x1024.jpg.webp 1536w\" data-sizes=\"auto\" data-original-sizes=\"(max-width: 1800px) 100vw, 1800px\" \/>                        <div class=\"overlay\"><\/div>            \n                    <\/div>\n\t\t\n        <div class=\"banner-layers container\">\n            <div class=\"fill banner-link\"><\/div>            \n   <div id=\"text-box-1689018667\" class=\"text-box banner-layer x50 md-x50 lg-x50 y50 md-y50 lg-y50 res-text\">\n                                <div class=\"text-box-content text dark\">\n              \n              <div class=\"text-inner text-center\">\n                  \n              <\/div>\n           <\/div>\n                            \n<style>\n#text-box-1689018667 {\n  width: 60%;\n}\n#text-box-1689018667 .text-box-content {\n  font-size: 100%;\n}\n@media (min-width:550px) {\n  #text-box-1689018667 {\n    width: 60%;\n  }\n}\n<\/style>\n    <\/div>\n \n        <\/div>\n      <\/div>\n\n            \n<style>\n#banner-1103573713 {\n  padding-top: 250px;\n}\n#banner-1103573713 .overlay {\n  background-color: rgba(0, 0, 0, 0);\n}\n@media (min-width:550px) {\n  #banner-1103573713 {\n    padding-top: 350px;\n  }\n}\n<\/style>\n  <\/div>\n\n\n\t\t<\/div>\n\t\t\t\t\t<\/div>\n\n\t\n<\/div>\n<div class=\"row align-middle\"  id=\"row-1549169849\">\n\n\t<div id=\"col-410684335\" class=\"col medium-6 small-12 large-6 small-col-first\"  >\n\t\t\t\t<div class=\"col-inner\"  >\n\t\t\t\n\t\t\t\n\n  <div class=\"banner has-hover overlay-brush\" id=\"banner-88444095\">\n          <div class=\"banner-inner fill\">\n        <div class=\"banner-bg fill\" >\n            <img decoding=\"async\" width=\"2048\" height=\"1535\" data-src=\"https:\/\/shemejisafari.com\/wp-content\/smush-webp\/2025\/07\/zanzibar-placeholder-2048x1535.jpg.webp\" class=\"bg attachment-2048x2048 size-2048x2048 lazyload\" alt=\"\" src=\"data:image\/svg+xml;base64,PHN2ZyB3aWR0aD0iMSIgaGVpZ2h0PSIxIiB4bWxucz0iaHR0cDovL3d3dy53My5vcmcvMjAwMC9zdmciPjwvc3ZnPg==\" style=\"--smush-placeholder-width: 2048px; --smush-placeholder-aspect-ratio: 2048\/1535;\" data-srcset=\"https:\/\/shemejisafari.com\/wp-content\/smush-webp\/2025\/07\/zanzibar-placeholder-2048x1535.jpg.webp 2048w, https:\/\/shemejisafari.com\/wp-content\/smush-webp\/2025\/07\/zanzibar-placeholder-300x225.jpg.webp 300w, https:\/\/shemejisafari.com\/wp-content\/smush-webp\/2025\/07\/zanzibar-placeholder-1024x767.jpg.webp 1024w, https:\/\/shemejisafari.com\/wp-content\/smush-webp\/2025\/07\/zanzibar-placeholder-768x576.jpg.webp 768w, https:\/\/shemejisafari.com\/wp-content\/smush-webp\/2025\/07\/zanzibar-placeholder-1536x1151.jpg.webp 1536w\" data-sizes=\"auto\" data-original-sizes=\"(max-width: 2048px) 100vw, 2048px\" \/>                        <div class=\"overlay\"><\/div>            \n                    <\/div>\n\t\t\n        <div class=\"banner-layers container\">\n            <div class=\"fill banner-link\"><\/div>            \n   <div id=\"text-box-1069952682\" class=\"text-box banner-layer x50 md-x50 lg-x50 y50 md-y50 lg-y50 res-text\">\n                                <div class=\"text-box-content text dark\">\n              \n              <div class=\"text-inner text-center\">\n                  \n              <\/div>\n           <\/div>\n                            \n<style>\n#text-box-1069952682 {\n  width: 60%;\n}\n#text-box-1069952682 .text-box-content {\n  font-size: 100%;\n}\n@media (min-width:550px) {\n  #text-box-1069952682 {\n    width: 60%;\n  }\n}\n<\/style>\n    <\/div>\n \n        <\/div>\n      <\/div>\n\n            \n<style>\n#banner-88444095 {\n  padding-top: 250px;\n}\n#banner-88444095 .overlay {\n  background-color: rgba(0, 0, 0, 0);\n}\n#banner-88444095 .banner-bg img {\n  object-position: 27% 46%;\n}\n@media (min-width:550px) {\n  #banner-88444095 {\n    padding-top: 500px;\n  }\n}\n<\/style>\n  <\/div>\n\n\n\t\t<\/div>\n\t\t\t\t\t<\/div>\n\n\t\n\n\t<div id=\"col-411720851\" class=\"col medium-6 small-12 large-6\"  >\n\t\t\t\t<div class=\"col-inner\"  >\n\t\t\t\n\t\t\t\n<h2>Zanzibar<\/h2>\n<p class=\"lead\">Le paradis pr\u00e9serv\u00e9 de Zanzibar !<\/p>\n<p>Il n&rsquo;y a pas de meilleure fa\u00e7on de terminer votre safari qu&rsquo;en passant quelques jours \u00e0 vous d\u00e9tendre sur les plages immacul\u00e9es de l&rsquo;exotique \u00eele de Zanzibar. Zanzibar est c\u00e9l\u00e8bre pour son caract\u00e8re tropical. Le littoral de Zanzibar se compose principalement de plages de sable blanc et d&rsquo;eaux bleues cristallines. Promenez-vous dans les ruelles pav\u00e9es de la ville historique de Stone Town et en passant devant l&rsquo;une des nombreuses ruines de palais et bains persans, il est impossible de ne pas \u00eatre captiv\u00e9 par la forte influence arabe et le romantisme de l&rsquo;\u00eele.   <\/p>\n<a href=\"https:\/\/shemejisafari.com\/fr\/zanzibar\/\" class=\"button primary\" style=\"border-radius:99px;\">\n\t\t<span>voir nos h\u00e9bergements<\/span>\n\t<\/a>\n\n<a href=\"https:\/\/shemejisafari.com\/fr\/zanzibar\/\" class=\"button success\" style=\"border-radius:99px;\">\n\t\t<span>voir les activit\u00e9s \u00e0 zanzibar<\/span>\n\t<\/a>\n\n\t\t<\/div>\n\t\t\t\t\t<\/div>\n\n\t\n<\/div>\n<div class=\"row align-middle\"  id=\"row-494042066\">\n\n\t<div id=\"col-1794778851\" class=\"col medium-6 small-12 large-6\"  >\n\t\t\t\t<div class=\"col-inner\"  >\n\t\t\t\n\t\t\t\n<h2>Pemba<\/h2>\n<p class=\"lead\">Le joyau de l&rsquo;oc\u00e9an Indien !<\/p>\n<p>L&rsquo;\u00eele de Pemba, la s\u0153ur m\u00e9connue de Zanzibar, est un havre de tranquillit\u00e9 et de beaut\u00e9 naturelle. Ses plages pr\u00e9serv\u00e9es, ses mangroves luxuriantes et ses r\u00e9cifs coralliens vibrants en font un lieu parfait pour la d\u00e9tente ou l&rsquo;aventure. Plongez dans les eaux cristallines pour d\u00e9couvrir l&rsquo;une des vies marines les plus riches d&rsquo;Afrique de l&rsquo;Est, ou explorez les fermes d&rsquo;\u00e9pices et les for\u00eats qui donnent \u00e0 Pemba son charme distinctif. Avec moins de touristes qu&rsquo;\u00e0 Zanzibar, Pemba offre une \u00e9vasion sereine o\u00f9 vous pouvez vous immerger dans la nature et vivre l&rsquo;essence v\u00e9ritable de la vie insulaire.   <\/p>\n\t\t<\/div>\n\t\t\t\t\t<\/div>\n\n\t\n\n\t<div id=\"col-742647101\" class=\"col medium-6 small-12 large-6 small-col-first\"  >\n\t\t\t\t<div class=\"col-inner\"  >\n\t\t\t\n\t\t\t\n\n  <div class=\"banner has-hover overlay-brush\" id=\"banner-575237292\">\n          <div class=\"banner-inner fill\">\n        <div class=\"banner-bg fill\" >\n            <img decoding=\"async\" width=\"2048\" height=\"1153\" data-src=\"https:\/\/shemejisafari.com\/wp-content\/smush-webp\/2025\/10\/52556245240_f2674bfd7b_o-2048x1153.jpg.webp\" class=\"bg attachment-2048x2048 size-2048x2048 lazyload\" alt=\"\" src=\"data:image\/svg+xml;base64,PHN2ZyB3aWR0aD0iMSIgaGVpZ2h0PSIxIiB4bWxucz0iaHR0cDovL3d3dy53My5vcmcvMjAwMC9zdmciPjwvc3ZnPg==\" style=\"--smush-placeholder-width: 2048px; --smush-placeholder-aspect-ratio: 2048\/1153;\" data-srcset=\"https:\/\/shemejisafari.com\/wp-content\/smush-webp\/2025\/10\/52556245240_f2674bfd7b_o-2048x1153.jpg.webp 2048w, https:\/\/shemejisafari.com\/wp-content\/smush-webp\/2025\/10\/52556245240_f2674bfd7b_o-300x169.jpg.webp 300w, https:\/\/shemejisafari.com\/wp-content\/smush-webp\/2025\/10\/52556245240_f2674bfd7b_o-1024x577.jpg.webp 1024w, https:\/\/shemejisafari.com\/wp-content\/smush-webp\/2025\/10\/52556245240_f2674bfd7b_o-768x432.jpg.webp 768w, https:\/\/shemejisafari.com\/wp-content\/smush-webp\/2025\/10\/52556245240_f2674bfd7b_o-1536x865.jpg.webp 1536w\" data-sizes=\"auto\" data-original-sizes=\"(max-width: 2048px) 100vw, 2048px\" \/>                        <div class=\"overlay\"><\/div>            \n                    <\/div>\n\t\t\n        <div class=\"banner-layers container\">\n            <div class=\"fill banner-link\"><\/div>            \n   <div id=\"text-box-1073277223\" class=\"text-box banner-layer x50 md-x50 lg-x50 y50 md-y50 lg-y50 res-text\">\n                                <div class=\"text-box-content text dark\">\n              \n              <div class=\"text-inner text-center\">\n                  \n              <\/div>\n           <\/div>\n                            \n<style>\n#text-box-1073277223 {\n  width: 60%;\n}\n#text-box-1073277223 .text-box-content {\n  font-size: 100%;\n}\n@media (min-width:550px) {\n  #text-box-1073277223 {\n    width: 60%;\n  }\n}\n<\/style>\n    <\/div>\n \n        <\/div>\n      <\/div>\n\n            \n<style>\n#banner-575237292 {\n  padding-top: 250px;\n}\n#banner-575237292 .overlay {\n  background-color: rgba(0, 0, 0, 0);\n}\n#banner-575237292 .banner-bg img {\n  object-position: 35% 29%;\n}\n@media (min-width:550px) {\n  #banner-575237292 {\n    padding-top: 500px;\n  }\n}\n<\/style>\n  <\/div>\n\n\n\t\t<\/div>\n\t\t\t\t\t<\/div>\n\n\t\n<\/div>\n<div class=\"row align-middle\"  id=\"row-523863059\">\n\n\t<div id=\"col-981331918\" class=\"col medium-6 small-12 large-6 small-col-first\"  >\n\t\t\t\t<div class=\"col-inner\"  >\n\t\t\t\n\t\t\t\n\n  <div class=\"banner has-hover overlay-brush\" id=\"banner-715682905\">\n          <div class=\"banner-inner fill\">\n        <div class=\"banner-bg fill\" >\n            <img decoding=\"async\" width=\"1800\" height=\"1200\" data-src=\"https:\/\/shemejisafari.com\/wp-content\/smush-webp\/2025\/07\/whaleshark-placeholder.jpg.webp\" class=\"bg attachment-2048x2048 size-2048x2048 lazyload\" alt=\"\" src=\"data:image\/svg+xml;base64,PHN2ZyB3aWR0aD0iMSIgaGVpZ2h0PSIxIiB4bWxucz0iaHR0cDovL3d3dy53My5vcmcvMjAwMC9zdmciPjwvc3ZnPg==\" style=\"--smush-placeholder-width: 1800px; --smush-placeholder-aspect-ratio: 1800\/1200;\" data-srcset=\"https:\/\/shemejisafari.com\/wp-content\/smush-webp\/2025\/07\/whaleshark-placeholder.jpg.webp 1800w, https:\/\/shemejisafari.com\/wp-content\/smush-webp\/2025\/07\/whaleshark-placeholder-300x200.jpg.webp 300w, https:\/\/shemejisafari.com\/wp-content\/smush-webp\/2025\/07\/whaleshark-placeholder-1024x683.jpg.webp 1024w, https:\/\/shemejisafari.com\/wp-content\/smush-webp\/2025\/07\/whaleshark-placeholder-768x512.jpg.webp 768w, https:\/\/shemejisafari.com\/wp-content\/smush-webp\/2025\/07\/whaleshark-placeholder-1536x1024.jpg.webp 1536w\" data-sizes=\"auto\" data-original-sizes=\"(max-width: 1800px) 100vw, 1800px\" \/>                        <div class=\"overlay\"><\/div>            \n                    <\/div>\n\t\t\n        <div class=\"banner-layers container\">\n            <div class=\"fill banner-link\"><\/div>            \n   <div id=\"text-box-1147096906\" class=\"text-box banner-layer x50 md-x50 lg-x50 y50 md-y50 lg-y50 res-text\">\n                                <div class=\"text-box-content text dark\">\n              \n              <div class=\"text-inner text-center\">\n                  \n              <\/div>\n           <\/div>\n                            \n<style>\n#text-box-1147096906 {\n  width: 60%;\n}\n#text-box-1147096906 .text-box-content {\n  font-size: 100%;\n}\n@media (min-width:550px) {\n  #text-box-1147096906 {\n    width: 60%;\n  }\n}\n<\/style>\n    <\/div>\n \n        <\/div>\n      <\/div>\n\n            \n<style>\n#banner-715682905 {\n  padding-top: 250px;\n}\n#banner-715682905 .overlay {\n  background-color: rgba(0, 0, 0, 0);\n}\n#banner-715682905 .banner-bg img {\n  object-position: 54% 46%;\n}\n@media (min-width:550px) {\n  #banner-715682905 {\n    padding-top: 500px;\n  }\n}\n<\/style>\n  <\/div>\n\n\n\t\t<\/div>\n\t\t\t\t\t<\/div>\n\n\t\n\n\t<div id=\"col-1662198404\" class=\"col medium-6 small-12 large-6\"  >\n\t\t\t\t<div class=\"col-inner\"  >\n\t\t\t\n\t\t\t\n<h2>Mafia<\/h2>\n<p class=\"lead\">Une retraite tropicale cach\u00e9e<\/p>\n<p>L&rsquo;\u00eele de Mafia, un tr\u00e9sor pr\u00e9serv\u00e9 au large de la c\u00f4te tanzanienne, offre une \u00e9vasion tranquille loin de l&rsquo;agitation des destinations plus populaires. Ses eaux cristallines abritent une vie marine diversifi\u00e9e, en faisant un paradis pour les amateurs de snorkeling et de plong\u00e9e. Explorez les r\u00e9cifs coralliens \u00e9poustouflants du parc marin de l&rsquo;\u00eele de Mafia, nagez avec les requins-baleines, ou d\u00e9tendez-vous sur des plages isol\u00e9es. Avec ses villages charmants et sa riche histoire, l&rsquo;\u00eele de Mafia offre une exp\u00e9rience paisible et authentique pour ceux qui recherchent une v\u00e9ritable connexion avec la nature et la vie insulaire.   <\/p>\n\t\t<\/div>\n\t\t\t\t\t<\/div>\n\n\t\n<\/div>\n\t\t<\/div>\n\n\t\t\n<style>\n#section_1209054467 {\n  padding-top: 30px;\n  padding-bottom: 30px;\n}\n<\/style>\n\t<\/section>\n\t\n","protected":false},"excerpt":{"rendered":"","protected":false},"author":1,"featured_media":0,"parent":0,"menu_order":0,"comment_status":"closed","ping_status":"closed","template":"","meta":{"_acf_changed":false,"content-type":"","footnotes":""},"class_list":["post-3292","page","type-page","status-publish","hentry"],"acf":[],"_links":{"self":[{"href":"https:\/\/shemejisafari.com\/fr\/wp-json\/wp\/v2\/pages\/3292","targetHints":{"allow":["GET"]}}],"collection":[{"href":"https:\/\/shemejisafari.com\/fr\/wp-json\/wp\/v2\/pages"}],"about":[{"href":"https:\/\/shemejisafari.com\/fr\/wp-json\/wp\/v2\/types\/page"}],"author":[{"embeddable":true,"href":"https:\/\/shemejisafari.com\/fr\/wp-json\/wp\/v2\/users\/1"}],"replies":[{"embeddable":true,"href":"https:\/\/shemejisafari.com\/fr\/wp-json\/wp\/v2\/comments?post=3292"}],"version-history":[{"count":8,"href":"https:\/\/shemejisafari.com\/fr\/wp-json\/wp\/v2\/pages\/3292\/revisions"}],"predecessor-version":[{"id":6214,"href":"https:\/\/shemejisafari.com\/fr\/wp-json\/wp\/v2\/pages\/3292\/revisions\/6214"}],"wp:attachment":[{"href":"https:\/\/shemejisafari.com\/fr\/wp-json\/wp\/v2\/media?parent=3292"}],"curies":[{"name":"wp","href":"https:\/\/api.w.org\/{rel}","templated":true}]}}