{"id":3340,"date":"2025-07-22T15:57:15","date_gmt":"2025-07-22T13:57:15","guid":{"rendered":"https:\/\/shemejisafari.com\/excursions-dune-journee\/"},"modified":"2025-11-14T13:39:56","modified_gmt":"2025-11-14T12:39:56","slug":"excursions-dune-journee","status":"publish","type":"page","link":"https:\/\/shemejisafari.com\/fr\/excursions-dune-journee\/","title":{"rendered":"Excursions d&rsquo;une journ\u00e9e"},"content":{"rendered":"\n\t<section class=\"section hero content-bottom dark\" id=\"section_1552729279\">\n\t\t<div class=\"section-bg fill\" >\n\t\t\t<img decoding=\"async\" width=\"2560\" height=\"1441\" data-src=\"https:\/\/shemejisafari.com\/wp-content\/smush-webp\/2025\/10\/53273928814_51806ffaaf_o-scaled.jpg.webp\" class=\"bg attachment-original size-original lazyload\" alt=\"\" src=\"data:image\/svg+xml;base64,PHN2ZyB3aWR0aD0iMSIgaGVpZ2h0PSIxIiB4bWxucz0iaHR0cDovL3d3dy53My5vcmcvMjAwMC9zdmciPjwvc3ZnPg==\" style=\"--smush-placeholder-width: 2560px; --smush-placeholder-aspect-ratio: 2560\/1441;\" data-srcset=\"https:\/\/shemejisafari.com\/wp-content\/smush-webp\/2025\/10\/53273928814_51806ffaaf_o-scaled.jpg.webp 2560w, https:\/\/shemejisafari.com\/wp-content\/smush-webp\/2025\/10\/53273928814_51806ffaaf_o-300x169.jpg.webp 300w, https:\/\/shemejisafari.com\/wp-content\/smush-webp\/2025\/10\/53273928814_51806ffaaf_o-1024x577.jpg.webp 1024w, https:\/\/shemejisafari.com\/wp-content\/smush-webp\/2025\/10\/53273928814_51806ffaaf_o-768x432.jpg.webp 768w, https:\/\/shemejisafari.com\/wp-content\/smush-webp\/2025\/10\/53273928814_51806ffaaf_o-1536x865.jpg.webp 1536w, https:\/\/shemejisafari.com\/wp-content\/smush-webp\/2025\/10\/53273928814_51806ffaaf_o-2048x1153.jpg.webp 2048w\" data-sizes=\"auto\" data-original-sizes=\"(max-width: 2560px) 100vw, 2560px\" \/>\t\t\t\t\t\t<div class=\"section-bg-overlay absolute fill\"><\/div>\n\t\t\t\n\n\t\t<\/div>\n\n\t\t\n\n\t\t<div class=\"section-content relative\">\n\t\t\t\n<div class=\"row\"  id=\"row-436982450\">\n\n\t<div id=\"col-267225274\" class=\"col medium-6 small-12 large-6\"  >\n\t\t\t\t<div class=\"col-inner text-shadow-2\"  >\n\t\t\t\n\t\t\t\n<h1>Excursions d&rsquo;une journ\u00e9e<\/h1>\n<p>D\u00e9couvrez des excursions d&rsquo;une journ\u00e9e inoubliables avec Shemeji Safari Tanzanie&nbsp;: au d\u00e9part d&rsquo;Arusha et de Zanzibar<\/p>\n\t\t<\/div>\n\t\t\t\t\t<\/div>\n\n\t\n<\/div>\n\t\t<\/div>\n\n\t\t\n<style>\n#section_1552729279 {\n  padding-top: 30px;\n  padding-bottom: 30px;\n  min-height: 400px;\n}\n#section_1552729279 .section-bg-overlay {\n  background-color: rgba(0, 0, 0, 0);\n}\n#section_1552729279 .section-bg img {\n  object-position: 56% 57%;\n}\n@media (min-width:550px) {\n  #section_1552729279 {\n    min-height: 600px;\n  }\n}\n<\/style>\n\t<\/section>\n\t\n\n\t<section class=\"section\" id=\"section_773946559\">\n\t\t<div class=\"section-bg fill\" >\n\t\t\t\t\t\t\t\t\t\n\t\t\t\n\n\t\t<\/div>\n\n\t\t\n\n\t\t<div class=\"section-content relative\">\n\t\t\t\n<div class=\"row\"  id=\"row-1314631646\">\n\n\t<div id=\"col-474715598\" class=\"col small-12 large-12\"  >\n\t\t\t\t<div class=\"col-inner\"  >\n\t\t\t\n\t\t\t\n\n\n\n\t\t<\/div>\n\t\t\t\t\t<\/div>\n\n\t\n<\/div>\n<div class=\"row align-middle\"  id=\"row-725800639\">\n\n\t<div id=\"col-146301044\" class=\"col medium-6 small-12 large-6\"  >\n\t\t\t\t<div class=\"col-inner\"  >\n\t\t\t\n\t\t\t\n<p>Souhaitez-vous vivre une aventure safari passionnante, mais disposez-vous de peu de temps&nbsp;? Shemeji Safari Tanzanie propose des excursions d&rsquo;une journ\u00e9e inoubliables au d\u00e9part d&rsquo;Arusha et de Zanzibar, vous permettant de profiter de la faune et des paysages incroyables de la Tanzanie sans avoir besoin d&rsquo;un engagement de plusieurs jours. <\/p>\n\t<div id=\"gap-257254185\" class=\"gap-element clearfix\" style=\"display:block; height:auto;\">\n\t\t\n<style>\n#gap-257254185 {\n  padding-top: 30px;\n}\n<\/style>\n\t<\/div>\n\t\n\t\t<\/div>\n\t\t\t\t\t<\/div>\n\n\t\n\n\t<div id=\"col-1787854299\" class=\"col medium-6 small-12 large-6 small-col-first\"  >\n\t\t\t\t<div class=\"col-inner\"  >\n\t\t\t\n\t\t\t\n\n  <div class=\"banner has-hover overlay-brush\" id=\"banner-657631909\">\n          <div class=\"banner-inner fill\">\n        <div class=\"banner-bg fill\" >\n            <img decoding=\"async\" width=\"1800\" height=\"1200\" data-src=\"https:\/\/shemejisafari.com\/wp-content\/smush-webp\/2025\/07\/shutterstock_2355439047.jpg.webp\" class=\"bg attachment-2048x2048 size-2048x2048 lazyload\" alt=\"\" src=\"data:image\/svg+xml;base64,PHN2ZyB3aWR0aD0iMSIgaGVpZ2h0PSIxIiB4bWxucz0iaHR0cDovL3d3dy53My5vcmcvMjAwMC9zdmciPjwvc3ZnPg==\" style=\"--smush-placeholder-width: 1800px; --smush-placeholder-aspect-ratio: 1800\/1200;\" data-srcset=\"https:\/\/shemejisafari.com\/wp-content\/smush-webp\/2025\/07\/shutterstock_2355439047.jpg.webp 1800w, https:\/\/shemejisafari.com\/wp-content\/smush-webp\/2025\/07\/shutterstock_2355439047-300x200.jpg.webp 300w, https:\/\/shemejisafari.com\/wp-content\/smush-webp\/2025\/07\/shutterstock_2355439047-1024x683.jpg.webp 1024w, https:\/\/shemejisafari.com\/wp-content\/smush-webp\/2025\/07\/shutterstock_2355439047-768x512.jpg.webp 768w, https:\/\/shemejisafari.com\/wp-content\/smush-webp\/2025\/07\/shutterstock_2355439047-1536x1024.jpg.webp 1536w\" data-sizes=\"auto\" data-original-sizes=\"(max-width: 1800px) 100vw, 1800px\" \/>                        <div class=\"overlay\"><\/div>            \n                    <\/div>\n\t\t\n        <div class=\"banner-layers container\">\n            <div class=\"fill banner-link\"><\/div>            \n   <div id=\"text-box-1683195788\" class=\"text-box banner-layer x50 md-x50 lg-x50 y50 md-y50 lg-y50 res-text\">\n                                <div class=\"text-box-content text dark\">\n              \n              <div class=\"text-inner text-center\">\n                  \n              <\/div>\n           <\/div>\n                            \n<style>\n#text-box-1683195788 {\n  width: 60%;\n}\n#text-box-1683195788 .text-box-content {\n  font-size: 100%;\n}\n@media (min-width:550px) {\n  #text-box-1683195788 {\n    width: 60%;\n  }\n}\n<\/style>\n    <\/div>\n \n        <\/div>\n      <\/div>\n\n            \n<style>\n#banner-657631909 {\n  padding-top: 250px;\n}\n#banner-657631909 .overlay {\n  background-color: rgba(0, 0, 0, 0);\n}\n@media (min-width:550px) {\n  #banner-657631909 {\n    padding-top: 350px;\n  }\n}\n<\/style>\n  <\/div>\n\n\n\t\t<\/div>\n\t\t\t\t\t<\/div>\n\n\t\n<\/div>\n\t<div id=\"gap-1339289052\" class=\"gap-element clearfix\" style=\"display:block; height:auto;\">\n\t\t\n<style>\n#gap-1339289052 {\n  padding-top: 60px;\n}\n<\/style>\n\t<\/div>\n\t\n<div class=\"row align-middle\"  id=\"row-498176803\">\n\n\t<div id=\"col-2138712457\" class=\"col medium-6 small-12 large-6 small-col-first\"  >\n\t\t\t\t<div class=\"col-inner\"  >\n\t\t\t\n\t\t\t\n\n  <div class=\"banner has-hover overlay-brush\" id=\"banner-661206496\">\n          <div class=\"banner-inner fill\">\n        <div class=\"banner-bg fill\" >\n            <img decoding=\"async\" width=\"1800\" height=\"1200\" data-src=\"https:\/\/shemejisafari.com\/wp-content\/smush-webp\/2025\/08\/PARK-TARANGIRE-NATIONAL-PARK.jpg.webp\" class=\"bg attachment-2048x2048 size-2048x2048 lazyload\" alt=\"\" src=\"data:image\/svg+xml;base64,PHN2ZyB3aWR0aD0iMSIgaGVpZ2h0PSIxIiB4bWxucz0iaHR0cDovL3d3dy53My5vcmcvMjAwMC9zdmciPjwvc3ZnPg==\" style=\"--smush-placeholder-width: 1800px; --smush-placeholder-aspect-ratio: 1800\/1200;\" data-srcset=\"https:\/\/shemejisafari.com\/wp-content\/smush-webp\/2025\/08\/PARK-TARANGIRE-NATIONAL-PARK.jpg.webp 1800w, https:\/\/shemejisafari.com\/wp-content\/smush-webp\/2025\/08\/PARK-TARANGIRE-NATIONAL-PARK-600x400.jpg.webp 600w, https:\/\/shemejisafari.com\/wp-content\/smush-webp\/2025\/08\/PARK-TARANGIRE-NATIONAL-PARK-300x200.jpg.webp 300w, https:\/\/shemejisafari.com\/wp-content\/smush-webp\/2025\/08\/PARK-TARANGIRE-NATIONAL-PARK-1024x683.jpg.webp 1024w, https:\/\/shemejisafari.com\/wp-content\/smush-webp\/2025\/08\/PARK-TARANGIRE-NATIONAL-PARK-768x512.jpg.webp 768w, https:\/\/shemejisafari.com\/wp-content\/smush-webp\/2025\/08\/PARK-TARANGIRE-NATIONAL-PARK-1536x1024.jpg.webp 1536w\" data-sizes=\"auto\" data-original-sizes=\"(max-width: 1800px) 100vw, 1800px\" \/>                        <div class=\"overlay\"><\/div>            \n                    <\/div>\n\t\t\n        <div class=\"banner-layers container\">\n            <div class=\"fill banner-link\"><\/div>            \n   <div id=\"text-box-1254584906\" class=\"text-box banner-layer x50 md-x50 lg-x50 y50 md-y50 lg-y50 res-text\">\n                                <div class=\"text-box-content text dark\">\n              \n              <div class=\"text-inner text-center\">\n                  \n              <\/div>\n           <\/div>\n                            \n<style>\n#text-box-1254584906 {\n  width: 60%;\n}\n#text-box-1254584906 .text-box-content {\n  font-size: 100%;\n}\n@media (min-width:550px) {\n  #text-box-1254584906 {\n    width: 60%;\n  }\n}\n<\/style>\n    <\/div>\n \n        <\/div>\n      <\/div>\n\n            \n<style>\n#banner-661206496 {\n  padding-top: 250px;\n}\n#banner-661206496 .overlay {\n  background-color: rgba(0, 0, 0, 0);\n}\n#banner-661206496 .banner-bg img {\n  object-position: 52% 46%;\n}\n@media (min-width:550px) {\n  #banner-661206496 {\n    padding-top: 500px;\n  }\n}\n<\/style>\n  <\/div>\n\n\n\t\t<\/div>\n\t\t\t\t\t<\/div>\n\n\t\n\n\t<div id=\"col-1810001937\" class=\"col medium-6 small-12 large-6\"  >\n\t\t\t\t<div class=\"col-inner\"  >\n\t\t\t\n\t\t\t\n<h2>Excursions d&rsquo;une journ\u00e9e au d\u00e9part d&rsquo;Arusha<\/h2>\n<p>Arusha est la base id\u00e9ale pour explorer le fascinant circuit nord de la Tanzanie. Situ\u00e9e au pied du mont Kilimandjaro et pr\u00e8s du Serengeti, cette ville est id\u00e9ale pour acc\u00e9der \u00e0 plusieurs parcs nationaux qui ne sont qu&rsquo;\u00e0 une courte distance. En quelques heures seulement, vous vous retrouverez immerg\u00e9 dans certains des parcs les plus embl\u00e9matiques du pays.  <\/p>\n<p>Les excursions sont con\u00e7ues pour maximiser votre temps, c&rsquo;est pourquoi vous serez guid\u00e9 par des experts qui vous expliqueront tout. Nous vous garantissons une exp\u00e9rience immersive, pleine d&rsquo;\u00e9motions et de d\u00e9couvertes. <\/p>\n<ul>\n<li><a href=\"https:\/\/shemejisafari.com\/fr\/voyages\/safari-dune-journee-au-depart-darusha-cratere-du-ngorongoro\/\"><strong>Safari d&rsquo;une journ\u00e9e au crat\u00e8re du Ngorongoro<\/strong><\/a><\/li>\n<li><a href=\"https:\/\/shemejisafari.com\/fr\/voyages\/safari-dune-journee-depuis-arusha-parc-national-du-lac-manyara\/\"><strong>Safari d&rsquo;une journ\u00e9e au parc national du lac Manyara<\/strong><\/a><\/li>\n<li><a href=\"https:\/\/shemejisafari.com\/fr\/voyages\/safari-dune-journee-depuis-arusha-parc-national-darusha\/\"><strong>Safari d&rsquo;une journ\u00e9e au parc national d&rsquo;Arusha<\/strong><\/a><\/li>\n<li><a href=\"https:\/\/shemejisafari.com\/fr\/voyages\/safari-dune-journee-depuis-arusha-parc-national-de-tarangire\/\"><strong>Safari d&rsquo;une journ\u00e9e au parc national de Tarangire<\/strong><\/a><\/li>\n<\/ul>\n\t<div id=\"gap-350660424\" class=\"gap-element clearfix\" style=\"display:block; height:auto;\">\n\t\t\n<style>\n#gap-350660424 {\n  padding-top: 30px;\n}\n<\/style>\n\t<\/div>\n\t\n\t\t<\/div>\n\t\t\t\t\t<\/div>\n\n\t\n<\/div>\n\t<div id=\"gap-222100507\" class=\"gap-element clearfix\" style=\"display:block; height:auto;\">\n\t\t\n<style>\n#gap-222100507 {\n  padding-top: 60px;\n}\n<\/style>\n\t<\/div>\n\t\n<div class=\"row align-middle\"  id=\"row-1794744397\">\n\n\t<div id=\"col-810640443\" class=\"col medium-6 small-12 large-6\"  >\n\t\t\t\t<div class=\"col-inner\"  >\n\t\t\t\n\t\t\t\n<h2>Excursions d&rsquo;une journ\u00e9e au d\u00e9part de Zanzibar<\/h2>\n<p>Si vous s\u00e9journez \u00e0 Zanzibar, vous pouvez \u00e9galement vivre une v\u00e9ritable aventure safari sans quitter l&rsquo;\u00eele. Shemeji propose des vols directs de Zanzibar vers des destinations de safari dans la r\u00e9serve de Selous et le parc national de Mikumi, o\u00f9 vous pourrez profiter d&rsquo;un safari spectaculaire en une seule journ\u00e9e. <\/p>\n<p>Nos excursions d&rsquo;une journ\u00e9e au d\u00e9part de Zanzibar vous permettent de commencer la journ\u00e9e sur les plages de sable blanc de l&rsquo;\u00eele et de la terminer au c\u0153ur de la savane africaine, en vivant une aventure faunique inoubliable, le tout en un temps record&nbsp;!<\/p>\n<p>Faites de votre s\u00e9jour \u00e0 Arusha ou \u00e0 Zanzibar une exp\u00e9rience inoubliable&nbsp;!<\/p>\n<ul>\n<li><a href=\"https:\/\/shemejisafari.com\/fr\/voyages\/depuis-zanzibar-excursion-dune-journee-au-parc-national-de-mikumi\/\"><strong>Safari d&rsquo;une journ\u00e9e \u00e0 Mikumi<\/strong><\/a><\/li>\n<li>Safari d&rsquo;une journ\u00e9e \u00e0 Selous<\/li>\n<\/ul>\n\t<div id=\"gap-1374868818\" class=\"gap-element clearfix\" style=\"display:block; height:auto;\">\n\t\t\n<style>\n#gap-1374868818 {\n  padding-top: 30px;\n}\n<\/style>\n\t<\/div>\n\t\n\t\t<\/div>\n\t\t\t\t\t<\/div>\n\n\t\n\n\t<div id=\"col-1259100272\" class=\"col medium-6 small-12 large-6 small-col-first\"  >\n\t\t\t\t<div class=\"col-inner\"  >\n\t\t\t\n\t\t\t\n\n  <div class=\"banner has-hover overlay-brush\" id=\"banner-1617400884\">\n          <div class=\"banner-inner fill\">\n        <div class=\"banner-bg fill\" >\n            <img decoding=\"async\" width=\"1800\" height=\"1200\" data-src=\"https:\/\/shemejisafari.com\/wp-content\/smush-webp\/2025\/08\/From-Zanzibar-Day-Safari-Mikumi.jpg.webp\" class=\"bg attachment-2048x2048 size-2048x2048 lazyload\" alt=\"\" src=\"data:image\/svg+xml;base64,PHN2ZyB3aWR0aD0iMSIgaGVpZ2h0PSIxIiB4bWxucz0iaHR0cDovL3d3dy53My5vcmcvMjAwMC9zdmciPjwvc3ZnPg==\" style=\"--smush-placeholder-width: 1800px; --smush-placeholder-aspect-ratio: 1800\/1200;\" data-srcset=\"https:\/\/shemejisafari.com\/wp-content\/smush-webp\/2025\/08\/From-Zanzibar-Day-Safari-Mikumi.jpg.webp 1800w, https:\/\/shemejisafari.com\/wp-content\/smush-webp\/2025\/08\/From-Zanzibar-Day-Safari-Mikumi-300x200.jpg.webp 300w, https:\/\/shemejisafari.com\/wp-content\/smush-webp\/2025\/08\/From-Zanzibar-Day-Safari-Mikumi-1024x683.jpg.webp 1024w, https:\/\/shemejisafari.com\/wp-content\/smush-webp\/2025\/08\/From-Zanzibar-Day-Safari-Mikumi-768x512.jpg.webp 768w, https:\/\/shemejisafari.com\/wp-content\/smush-webp\/2025\/08\/From-Zanzibar-Day-Safari-Mikumi-1536x1024.jpg.webp 1536w\" data-sizes=\"auto\" data-original-sizes=\"(max-width: 1800px) 100vw, 1800px\" \/>                        <div class=\"overlay\"><\/div>            \n                    <\/div>\n\t\t\n        <div class=\"banner-layers container\">\n            <div class=\"fill banner-link\"><\/div>            \n   <div id=\"text-box-563442577\" class=\"text-box banner-layer x50 md-x50 lg-x50 y50 md-y50 lg-y50 res-text\">\n                                <div class=\"text-box-content text dark\">\n              \n              <div class=\"text-inner text-center\">\n                  \n              <\/div>\n           <\/div>\n                            \n<style>\n#text-box-563442577 {\n  width: 60%;\n}\n#text-box-563442577 .text-box-content {\n  font-size: 100%;\n}\n@media (min-width:550px) {\n  #text-box-563442577 {\n    width: 60%;\n  }\n}\n<\/style>\n    <\/div>\n \n        <\/div>\n      <\/div>\n\n            \n<style>\n#banner-1617400884 {\n  padding-top: 250px;\n}\n#banner-1617400884 .overlay {\n  background-color: rgba(0, 0, 0, 0);\n}\n@media (min-width:550px) {\n  #banner-1617400884 {\n    padding-top: 500px;\n  }\n}\n<\/style>\n  <\/div>\n\n\n\t\t<\/div>\n\t\t\t\t\t<\/div>\n\n\t\n<\/div>\n\t\t<\/div>\n\n\t\t\n<style>\n#section_773946559 {\n  padding-top: 30px;\n  padding-bottom: 30px;\n}\n<\/style>\n\t<\/section>\n\t\n","protected":false},"excerpt":{"rendered":"","protected":false},"author":1,"featured_media":0,"parent":0,"menu_order":0,"comment_status":"closed","ping_status":"closed","template":"","meta":{"_acf_changed":false,"content-type":"","footnotes":""},"class_list":["post-3340","page","type-page","status-publish","hentry"],"acf":[],"_links":{"self":[{"href":"https:\/\/shemejisafari.com\/fr\/wp-json\/wp\/v2\/pages\/3340","targetHints":{"allow":["GET"]}}],"collection":[{"href":"https:\/\/shemejisafari.com\/fr\/wp-json\/wp\/v2\/pages"}],"about":[{"href":"https:\/\/shemejisafari.com\/fr\/wp-json\/wp\/v2\/types\/page"}],"author":[{"embeddable":true,"href":"https:\/\/shemejisafari.com\/fr\/wp-json\/wp\/v2\/users\/1"}],"replies":[{"embeddable":true,"href":"https:\/\/shemejisafari.com\/fr\/wp-json\/wp\/v2\/comments?post=3340"}],"version-history":[{"count":18,"href":"https:\/\/shemejisafari.com\/fr\/wp-json\/wp\/v2\/pages\/3340\/revisions"}],"predecessor-version":[{"id":6296,"href":"https:\/\/shemejisafari.com\/fr\/wp-json\/wp\/v2\/pages\/3340\/revisions\/6296"}],"wp:attachment":[{"href":"https:\/\/shemejisafari.com\/fr\/wp-json\/wp\/v2\/media?parent=3340"}],"curies":[{"name":"wp","href":"https:\/\/api.w.org\/{rel}","templated":true}]}}