{"id":3684,"date":"2025-07-22T16:21:05","date_gmt":"2025-07-22T14:21:05","guid":{"rendered":"https:\/\/shemejisafari.com\/faq\/"},"modified":"2025-11-14T13:47:36","modified_gmt":"2025-11-14T12:47:36","slug":"faq","status":"publish","type":"page","link":"https:\/\/shemejisafari.com\/fr\/faq\/","title":{"rendered":"FAQ"},"content":{"rendered":"\n\t<section class=\"section hero content-bottom dark\" id=\"section_266952488\">\n\t\t<div class=\"section-bg fill\" >\n\t\t\t<img decoding=\"async\" width=\"2560\" height=\"1707\" data-src=\"https:\/\/shemejisafari.com\/wp-content\/smush-webp\/2025\/10\/54687442343_14c1a62e84_o-scaled.jpg.webp\" class=\"bg attachment-original size-original lazyload\" alt=\"\" src=\"data:image\/svg+xml;base64,PHN2ZyB3aWR0aD0iMSIgaGVpZ2h0PSIxIiB4bWxucz0iaHR0cDovL3d3dy53My5vcmcvMjAwMC9zdmciPjwvc3ZnPg==\" style=\"--smush-placeholder-width: 2560px; --smush-placeholder-aspect-ratio: 2560\/1707;\" data-srcset=\"https:\/\/shemejisafari.com\/wp-content\/smush-webp\/2025\/10\/54687442343_14c1a62e84_o-scaled.jpg.webp 2560w, https:\/\/shemejisafari.com\/wp-content\/smush-webp\/2025\/10\/54687442343_14c1a62e84_o-300x200.jpg.webp 300w, https:\/\/shemejisafari.com\/wp-content\/smush-webp\/2025\/10\/54687442343_14c1a62e84_o-1024x683.jpg.webp 1024w, https:\/\/shemejisafari.com\/wp-content\/smush-webp\/2025\/10\/54687442343_14c1a62e84_o-768x512.jpg.webp 768w, https:\/\/shemejisafari.com\/wp-content\/smush-webp\/2025\/10\/54687442343_14c1a62e84_o-1536x1024.jpg.webp 1536w, https:\/\/shemejisafari.com\/wp-content\/smush-webp\/2025\/10\/54687442343_14c1a62e84_o-2048x1365.jpg.webp 2048w\" data-sizes=\"auto\" data-original-sizes=\"(max-width: 2560px) 100vw, 2560px\" \/>\t\t\t\t\t\t<div class=\"section-bg-overlay absolute fill\"><\/div>\n\t\t\t\n\n\t\t<\/div>\n\n\t\t\n\n\t\t<div class=\"section-content relative\">\n\t\t\t\n<div class=\"row\"  id=\"row-1798892533\">\n\n\t<div id=\"col-1499519611\" class=\"col medium-6 small-12 large-6\"  >\n\t\t\t\t<div class=\"col-inner text-shadow-2\"  >\n\t\t\t\n\t\t\t\n<h1>FAQ<\/h1>\n\t\t<\/div>\n\t\t\t\t\t<\/div>\n\n\t\n<\/div>\n\t\t<\/div>\n\n\t\t\n<style>\n#section_266952488 {\n  padding-top: 30px;\n  padding-bottom: 30px;\n  min-height: 400px;\n}\n#section_266952488 .section-bg-overlay {\n  background-color: rgba(0, 0, 0, 0);\n}\n#section_266952488 .section-bg img {\n  object-position: 62% 23%;\n}\n@media (min-width:550px) {\n  #section_266952488 {\n    min-height: 600px;\n  }\n}\n<\/style>\n\t<\/section>\n\t\n\n\t<section class=\"section\" id=\"section_1933411328\">\n\t\t<div class=\"section-bg fill\" >\n\t\t\t\t\t\t\t\t\t\n\t\t\t\n\n\t\t<\/div>\n\n\t\t\n\n\t\t<div class=\"section-content relative\">\n\t\t\t\n<div class=\"row\"  id=\"row-1734776055\">\n\n\t<div id=\"col-1180730256\" class=\"col small-12 large-12\"  >\n\t\t\t\t<div class=\"col-inner\"  >\n\t\t\t\n\t\t\t\n\n\n\n\t\t<\/div>\n\t\t\t\t\t<\/div>\n\n\t\n<\/div>\n<div class=\"row align-middle align-center\"  id=\"row-1564834379\">\n\n\t<div id=\"col-1574312024\" class=\"col medium-9 small-12 large-9\"  >\n\t\t\t\t<div class=\"col-inner\"  >\n\t\t\t\n\t\t\t\n<div class=\"accordion\">\n\t<div id=\"accordion-2535776682\" class=\"accordion-item\">\n\t\t<a id=\"accordion-2535776682-label\" class=\"accordion-title plain\" aria-expanded=\"false\" aria-controls=\"accordion-2535776682-content\">\n\t\t\t<button class=\"toggle\" aria-label=\"Basculer\"><i class=\"icon-angle-down\" aria-hidden=\"true\"><\/i><\/button>\n\t\t\t<span>Jumelles et livrets de safari : enrichir votre exp\u00e9rience safari<\/span>\n\t\t<\/a>\n\t\t<div id=\"accordion-2535776682-content\" class=\"accordion-inner\" aria-labelledby=\"accordion-2535776682-label\">\n\t\t\t\n<p>Se lancer dans une aventure safari est une opportunit\u00e9 incroyable d&rsquo;observer les merveilles de la faune dans son habitat naturel. Pour vous assurer de ne manquer aucun moment, nous fournissons des jumelles gratuites pour votre utilisation pendant le safari en jeep. Avec nos jumelles de haute qualit\u00e9, vous pouvez vous rapprocher des magnifiques animaux qui parcourent la savane. De l&rsquo;observation d&rsquo;un lion se reposant sous un arbre \u00e0 celle d&rsquo;un troupeau d&rsquo;\u00e9l\u00e9phants au loin, ces jumelles am\u00e8neront la faune directement \u00e0 vos yeux, enrichissant votre exp\u00e9rience safari et vous permettant de capturer chaque d\u00e9tail. En plus des jumelles, nous fournissons \u00e9galement des livrets sur les animaux et les oiseaux que vous pourriez rencontrer pendant votre safari. Ils servent de r\u00e9f\u00e9rences pratiques, vous permettant d&rsquo;identifier l&rsquo;incroyable faune que vous rencontrez lors de votre voyage. Notre objectif est d&rsquo;enrichir votre aventure safari en vous fournissant les outils pour appr\u00e9cier pleinement la biodiversit\u00e9 et les merveilles naturelles qui vous entourent. Alors prenez les jumelles, feuilletez les livrets d&rsquo;information, et pr\u00e9parez-vous pour une exp\u00e9rience immersive de la faune comme aucune autre.       <\/p>\n\t\t<\/div>\n\t<\/div>\n\t\n\t<div id=\"accordion-1551455364\" class=\"accordion-item\">\n\t\t<a id=\"accordion-1551455364-label\" class=\"accordion-title plain\" href=\"#accordion-item-la-tanzanie-est-elle-s\u00fbre-?-oui-!-\" aria-expanded=\"false\" aria-controls=\"accordion-1551455364-content\">\n\t\t\t<button class=\"toggle\" aria-label=\"Basculer\"><i class=\"icon-angle-down\" aria-hidden=\"true\"><\/i><\/button>\n\t\t\t<span>La Tanzanie est-elle s\u00fbre ? Oui ! <\/span>\n\t\t<\/a>\n\t\t<div id=\"accordion-1551455364-content\" class=\"accordion-inner\" aria-labelledby=\"accordion-1551455364-label\">\n\t\t\t\n<p>Bien que la Tanzanie et Zanzibar soient consid\u00e9r\u00e9es comme s\u00fbres, il est toujours judicieux de souscrire une assurance voyage qui couvre les urgences m\u00e9dicales, les annulations de voyage et les effets personnels. Cela vous procurera une tranquillit\u00e9 d&rsquo;esprit pendant vos voyages. En \u00e9tant attentif et en prenant des pr\u00e9cautions de s\u00e9curit\u00e9 de base, vous pouvez profiter de votre s\u00e9jour en Tanzanie et vivre une exp\u00e9rience m\u00e9morable et s\u00fbre en explorant les paysages \u00e9poustouflants, la riche faune et la culture vibrante du pays.  <\/p>\n\t\t<\/div>\n\t<\/div>\n\t\n\t<div id=\"accordion-3340716053\" class=\"accordion-item\">\n\t\t<a id=\"accordion-3340716053-label\" class=\"accordion-title plain\" href=\"#accordion-item-assurance-voyage\" aria-expanded=\"false\" aria-controls=\"accordion-3340716053-content\">\n\t\t\t<button class=\"toggle\" aria-label=\"Basculer\"><i class=\"icon-angle-down\" aria-hidden=\"true\"><\/i><\/button>\n\t\t\t<span>Assurance voyage<\/span>\n\t\t<\/a>\n\t\t<div id=\"accordion-3340716053-content\" class=\"accordion-inner\" aria-labelledby=\"accordion-3340716053-label\">\n\t\t\t\n<p>L&rsquo;assurance voyage est un aspect essentiel de tout voyage, y compris lors de la visite de la Tanzanie. Elle offre une protection financi\u00e8re et une tranquillit\u00e9 d&rsquo;esprit en cas d&rsquo;\u00e9v\u00e9nements inattendus ou d&rsquo;urgences pendant vos voyages. Une police d&rsquo;assurance voyage compl\u00e8te couvre g\u00e9n\u00e9ralement une gamme de situations, telles que l&rsquo;annulation ou l&rsquo;interruption de voyage, les frais m\u00e9dicaux, l&rsquo;\u00e9vacuation m\u00e9dicale d&rsquo;urgence, les bagages perdus ou retard\u00e9s, et la responsabilit\u00e9 civile. Il est important d&rsquo;examiner attentivement les d\u00e9tails de couverture de la police que vous choisissez pour vous assurer qu&rsquo;elle r\u00e9pond \u00e0 vos besoins sp\u00e9cifiques. Lors d&rsquo;un voyage en Tanzanie, il est recommand\u00e9 d&rsquo;avoir une assurance voyage qui inclut une couverture m\u00e9dicale. Cela vous assurera d&rsquo;\u00eatre prot\u00e9g\u00e9 en cas de maladie ou de blessure pendant votre s\u00e9jour dans le pays. Sur demande, nous pouvons organiser une assurance AMREF flying doctors pour vous.      <\/p>\n\t\t<\/div>\n\t<\/div>\n\t\n\t<div id=\"accordion-2284764156\" class=\"accordion-item\">\n\t\t<a id=\"accordion-2284764156-label\" class=\"accordion-title plain\" href=\"#accordion-item-visa\" aria-expanded=\"false\" aria-controls=\"accordion-2284764156-content\">\n\t\t\t<button class=\"toggle\" aria-label=\"Basculer\"><i class=\"icon-angle-down\" aria-hidden=\"true\"><\/i><\/button>\n\t\t\t<span>VISA<\/span>\n\t\t<\/a>\n\t\t<div id=\"accordion-2284764156-content\" class=\"accordion-inner\" aria-labelledby=\"accordion-2284764156-label\">\n\t\t\t\n<p>Pour entrer en Tanzanie ou \u00e0 Zanzibar, la plupart des voyageurs auront besoin d&rsquo;un visa. Les exigences sp\u00e9cifiques de visa peuvent varier selon votre nationalit\u00e9 et le but de votre visite. Visitez ce site web pour plus d&rsquo;informations et les r\u00e9glementations et directives \u00e0 jour sur le processus de demande de visa : <a href=\"https:\/\/www.immigration.go.tz\/index.php\/visa-and-pass-information\" target=\"_blank\" rel=\"noopener\"><strong>https:\/\/www.immigration.go.tz\/index.php\/visa-and-pass-information<\/strong><\/a>  <\/p>\n\t\t<\/div>\n\t<\/div>\n\t\n\t<div id=\"accordion-4099288723\" class=\"accordion-item\">\n\t\t<a id=\"accordion-4099288723-label\" class=\"accordion-title plain\" href=\"#accordion-item-quelle-est-la-meilleure-saison-pour-voyager-en-tanzanie-et-\u00e0-zanzibar-?\" aria-expanded=\"false\" aria-controls=\"accordion-4099288723-content\">\n\t\t\t<button class=\"toggle\" aria-label=\"Basculer\"><i class=\"icon-angle-down\" aria-hidden=\"true\"><\/i><\/button>\n\t\t\t<span>Quelle est la meilleure saison pour voyager en Tanzanie et \u00e0 Zanzibar ?<\/span>\n\t\t<\/a>\n\t\t<div id=\"accordion-4099288723-content\" class=\"accordion-inner\" aria-labelledby=\"accordion-4099288723-label\">\n\t\t\t\n<p>La meilleure saison pour voyager en Tanzanie et \u00e0 Zanzibar d\u00e9pend de vos pr\u00e9f\u00e9rences et des exp\u00e9riences que vous recherchez. La Tanzanie et Zanzibar offrent quelque chose d&rsquo;unique et de sp\u00e9cial tout au long de l&rsquo;ann\u00e9e, ce qui en fait d&rsquo;excellentes destinations \u00e0 visiter \u00e0 tout moment. Si vous cherchez \u00e0 assister \u00e0 la Grande Migration de la Faune, o\u00f9 des millions de gnous et de z\u00e8bres se d\u00e9placent \u00e0 travers les plaines du Serengeti, alors la saison verte est id\u00e9ale. C&rsquo;est g\u00e9n\u00e9ralement de mars \u00e0 mai et de novembre \u00e0 d\u00e9cembre. Pendant cette p\u00e9riode, le paysage est vibrant et luxuriant, et les observations de la faune sont abondantes. Si vous pr\u00e9f\u00e9rez un temps plus sec et souhaitez profiter des plages de Zanzibar, la saison s\u00e8che de juin \u00e0 octobre est un choix populaire. Cette p\u00e9riode offre des journ\u00e9es ensoleill\u00e9es, des temp\u00e9ratures chaudes et des mers calmes, parfaites pour se d\u00e9tendre et s&rsquo;adonner aux activit\u00e9s aquatiques. Cependant, il est important de noter que m\u00eame pendant la saison verte, la Tanzanie et Zanzibar ont beaucoup \u00e0 offrir. Les averses de pluie sont g\u00e9n\u00e9ralement de courte dur\u00e9e, et le paysage devient magnifiquement vert. C&rsquo;est une opportunit\u00e9 d&rsquo;assister \u00e0 la transformation de la nature et de profiter des exp\u00e9riences uniques qu&rsquo;elle apporte. En fin de compte, la meilleure saison pour voyager en Tanzanie et \u00e0 Zanzibar d\u00e9pend de vos int\u00e9r\u00eats et pr\u00e9f\u00e9rences. Que vous choisissiez la saison s\u00e8che ou la saison verte, vous serez trait\u00e9 \u00e0 d&rsquo;incroyables rencontres avec la faune, des paysages \u00e9poustouflants et une hospitalit\u00e9 chaleureuse qui font de la Tanzanie et Zanzibar une destination qui vaut la peine d&rsquo;\u00eatre explor\u00e9e toute l&rsquo;ann\u00e9e.           <\/p>\n\t\t<\/div>\n\t<\/div>\n\t\n\t<div id=\"accordion-995466712\" class=\"accordion-item\">\n\t\t<a id=\"accordion-995466712-label\" class=\"accordion-title plain\" href=\"#accordion-item-vaccinations\" aria-expanded=\"false\" aria-controls=\"accordion-995466712-content\">\n\t\t\t<button class=\"toggle\" aria-label=\"Basculer\"><i class=\"icon-angle-down\" aria-hidden=\"true\"><\/i><\/button>\n\t\t\t<span>Vaccinations<\/span>\n\t\t<\/a>\n\t\t<div id=\"accordion-995466712-content\" class=\"accordion-inner\" aria-labelledby=\"accordion-995466712-label\">\n\t\t\t\n<p>Le CDC et l&rsquo;OMS conseillent les vaccins contre l&rsquo;h\u00e9patite A, l&rsquo;h\u00e9patite B et la typho\u00efde pour la Tanzanie et Zanzibar en plus des vaccinations de routine comme le ROR et le TDP. Selon les activit\u00e9s des voyageurs, les immunisations contre la rage et la fi\u00e8vre jaune sont \u00e9galement conseill\u00e9es. Il est obligatoire d&rsquo;avoir une preuve de vaccination contre la fi\u00e8vre jaune pour les voyageurs arrivant de pays end\u00e9miques de fi\u00e8vre jaune. Cette condition s&rsquo;applique \u00e9galement aux voyageurs soumis \u00e0 de longues correspondances de vol (transit) dans des pays end\u00e9miques de fi\u00e8vre jaune pendant douze heures (12h) ou plus. Depuis janvier 2023, la Tanzanie n&rsquo;est plus soumise aux limitations COVID-19, et les vaccins ou tests PCR ne sont plus requis avant le voyage. Comme pour tous les voyages internationaux, nous sugg\u00e9rons toujours que vous demandiez conseil m\u00e9dical \u00e0 votre m\u00e9decin avant de visiter la Tanzanie.     <\/p>\n\t\t<\/div>\n\t<\/div>\n\t\n\t<div id=\"accordion-4067590573\" class=\"accordion-item\">\n\t\t<a id=\"accordion-4067590573-label\" class=\"accordion-title plain\" href=\"#accordion-item-le-pourboire-est-il-obligatoire-?\" aria-expanded=\"false\" aria-controls=\"accordion-4067590573-content\">\n\t\t\t<button class=\"toggle\" aria-label=\"Basculer\"><i class=\"icon-angle-down\" aria-hidden=\"true\"><\/i><\/button>\n\t\t\t<span>Le pourboire est-il obligatoire ?<\/span>\n\t\t<\/a>\n\t\t<div id=\"accordion-4067590573-content\" class=\"accordion-inner\" aria-labelledby=\"accordion-4067590573-label\">\n\t\t\t\n<p>Bien que le pourboire soit une pratique courante en Tanzanie, nos prix de circuits ne d\u00e9pendent pas des gratifications. Il est enti\u00e8rement \u00e0 votre discr\u00e9tion de donner un pourboire \u00e0 nos guides-chauffeurs d\u00e9vou\u00e9s pour leur service exceptionnel. Soyez assur\u00e9 que notre \u00e9quipe est r\u00e9mun\u00e9r\u00e9e \u00e9quitablement, garantissant que votre exp\u00e9rience reste exceptionnelle, que vous choisissiez ou non de donner un pourboire.  <\/p>\n\t\t<\/div>\n\t<\/div>\n\t\n<\/div>\n\t\t<\/div>\n\t\t\t\t\t<\/div>\n\n\t\n<\/div>\n\t\t<\/div>\n\n\t\t\n<style>\n#section_1933411328 {\n  padding-top: 30px;\n  padding-bottom: 30px;\n}\n<\/style>\n\t<\/section>\n\t\n","protected":false},"excerpt":{"rendered":"","protected":false},"author":1,"featured_media":0,"parent":0,"menu_order":0,"comment_status":"closed","ping_status":"closed","template":"","meta":{"_acf_changed":false,"content-type":"","footnotes":""},"class_list":["post-3684","page","type-page","status-publish","hentry"],"acf":[],"_links":{"self":[{"href":"https:\/\/shemejisafari.com\/fr\/wp-json\/wp\/v2\/pages\/3684","targetHints":{"allow":["GET"]}}],"collection":[{"href":"https:\/\/shemejisafari.com\/fr\/wp-json\/wp\/v2\/pages"}],"about":[{"href":"https:\/\/shemejisafari.com\/fr\/wp-json\/wp\/v2\/types\/page"}],"author":[{"embeddable":true,"href":"https:\/\/shemejisafari.com\/fr\/wp-json\/wp\/v2\/users\/1"}],"replies":[{"embeddable":true,"href":"https:\/\/shemejisafari.com\/fr\/wp-json\/wp\/v2\/comments?post=3684"}],"version-history":[{"count":5,"href":"https:\/\/shemejisafari.com\/fr\/wp-json\/wp\/v2\/pages\/3684\/revisions"}],"predecessor-version":[{"id":6343,"href":"https:\/\/shemejisafari.com\/fr\/wp-json\/wp\/v2\/pages\/3684\/revisions\/6343"}],"wp:attachment":[{"href":"https:\/\/shemejisafari.com\/fr\/wp-json\/wp\/v2\/media?parent=3684"}],"curies":[{"name":"wp","href":"https:\/\/api.w.org\/{rel}","templated":true}]}}