{"id":3696,"date":"2025-07-22T16:07:27","date_gmt":"2025-07-22T14:07:27","guid":{"rendered":"https:\/\/shemejisafari.com\/grande-migration\/"},"modified":"2025-11-14T13:42:11","modified_gmt":"2025-11-14T12:42:11","slug":"grande-migration","status":"publish","type":"page","link":"https:\/\/shemejisafari.com\/fr\/grande-migration\/","title":{"rendered":"Grande migration"},"content":{"rendered":"\n\t<section class=\"section hero content-bottom dark\" id=\"section_1934460812\">\n\t\t<div class=\"section-bg fill\" >\n\t\t\t<img decoding=\"async\" width=\"2560\" height=\"939\" data-src=\"https:\/\/shemejisafari.com\/wp-content\/smush-webp\/2025\/10\/46661895244_aeef389983_o-scaled.jpg.webp\" class=\"bg attachment-original size-original lazyload\" alt=\"\" src=\"data:image\/svg+xml;base64,PHN2ZyB3aWR0aD0iMSIgaGVpZ2h0PSIxIiB4bWxucz0iaHR0cDovL3d3dy53My5vcmcvMjAwMC9zdmciPjwvc3ZnPg==\" style=\"--smush-placeholder-width: 2560px; --smush-placeholder-aspect-ratio: 2560\/939;\" data-srcset=\"https:\/\/shemejisafari.com\/wp-content\/smush-webp\/2025\/10\/46661895244_aeef389983_o-scaled.jpg.webp 2560w, https:\/\/shemejisafari.com\/wp-content\/smush-webp\/2025\/10\/46661895244_aeef389983_o-300x110.jpg.webp 300w, https:\/\/shemejisafari.com\/wp-content\/smush-webp\/2025\/10\/46661895244_aeef389983_o-1024x375.jpg.webp 1024w, https:\/\/shemejisafari.com\/wp-content\/smush-webp\/2025\/10\/46661895244_aeef389983_o-768x282.jpg.webp 768w, https:\/\/shemejisafari.com\/wp-content\/smush-webp\/2025\/10\/46661895244_aeef389983_o-1536x563.jpg.webp 1536w, https:\/\/shemejisafari.com\/wp-content\/smush-webp\/2025\/10\/46661895244_aeef389983_o-2048x751.jpg.webp 2048w\" data-sizes=\"auto\" data-original-sizes=\"(max-width: 2560px) 100vw, 2560px\" \/>\t\t\t\t\t\t<div class=\"section-bg-overlay absolute fill\"><\/div>\n\t\t\t\n\n\t\t<\/div>\n\n\t\t\n\n\t\t<div class=\"section-content relative\">\n\t\t\t\n<div class=\"row\"  id=\"row-516112084\">\n\n\t<div id=\"col-281083615\" class=\"col medium-6 small-12 large-6\"  >\n\t\t\t\t<div class=\"col-inner text-shadow-2\"  >\n\t\t\t\n\t\t\t\n<h1>Grande migration<\/h1>\n<p>La grande migration des gnous : une merveille naturelle en Tanzanie<\/p>\n\t\t<\/div>\n\t\t\t\t\t<\/div>\n\n\t\n<\/div>\n\t\t<\/div>\n\n\t\t\n<style>\n#section_1934460812 {\n  padding-top: 30px;\n  padding-bottom: 30px;\n  min-height: 400px;\n}\n#section_1934460812 .section-bg-overlay {\n  background-color: rgba(0, 0, 0, 0);\n}\n#section_1934460812 .section-bg img {\n  object-position: 50% 100%;\n}\n@media (min-width:550px) {\n  #section_1934460812 {\n    min-height: 600px;\n  }\n}\n<\/style>\n\t<\/section>\n\t\n\n\t<section class=\"section\" id=\"section_1213330208\">\n\t\t<div class=\"section-bg fill\" >\n\t\t\t\t\t\t\t\t\t\n\t\t\t\n\n\t\t<\/div>\n\n\t\t\n\n\t\t<div class=\"section-content relative\">\n\t\t\t\n<div class=\"row\"  id=\"row-2144871064\">\n\n\t<div id=\"col-1652390713\" class=\"col small-12 large-12\"  >\n\t\t\t\t<div class=\"col-inner\"  >\n\t\t\t\n\t\t\t\n\n\n\n\t\t<\/div>\n\t\t\t\t\t<\/div>\n\n\t\n<\/div>\n<div class=\"row align-middle\"  id=\"row-758677189\">\n\n\t<div id=\"col-791970466\" class=\"col medium-6 small-12 large-6\"  >\n\t\t\t\t<div class=\"col-inner\"  >\n\t\t\t\n\t\t\t\n<p>La Grande Migration des gnous en Tanzanie est l&rsquo;un des \u00e9v\u00e9nements fauniques les plus spectaculaires de la plan\u00e8te. Chaque ann\u00e9e, plus de 1,5 million de gnous, z\u00e8bres et gazelles traversent le Serengeti \u00e0 la recherche de nouveaux p\u00e2turages. Cette migration incroyable comprend des travers\u00e9es de rivi\u00e8res spectaculaires, des rencontres avec des pr\u00e9dateurs et des paysages \u00e0 couper le souffle. La meilleure p\u00e9riode pour observer ce ph\u00e9nom\u00e8ne naturel s&rsquo;\u00e9tend de juillet \u00e0 octobre, lorsque les gnous traversent la rivi\u00e8re Mara.   <\/p>\n<p>Nos h\u00e9bergements partenaires sont strat\u00e9giquement situ\u00e9s le long de la route migratoire, vous permettant de suivre les troupeaux tout au long de l&rsquo;ann\u00e9e. Depuis des points d&rsquo;observation privil\u00e9gi\u00e9s dans le Serengeti, vous pouvez vivre l&rsquo;\u00e9motion de la migration \u00e0 diff\u00e9rentes \u00e9tapes, faisant de chaque visite une aventure unique. Au-del\u00e0 de la migration elle-m\u00eame, le Serengeti offre une faune abondante, notamment des lions, gu\u00e9pards et \u00e9l\u00e9phants, ainsi que des couchers de soleil \u00e9poustouflants sur la vaste savane. Les safaris guid\u00e9s en v\u00e9hicule et les safaris en montgolfi\u00e8re offrent des perspectives inoubliables de ce paysage en perp\u00e9tuelle \u00e9volution.   <\/p>\n\t<div id=\"gap-532058295\" class=\"gap-element clearfix\" style=\"display:block; height:auto;\">\n\t\t\n<style>\n#gap-532058295 {\n  padding-top: 30px;\n}\n<\/style>\n\t<\/div>\n\t\n<a href=\"https:\/\/shemejisafari.com\/fr\/forfaits-shemeji\/forfaits-safari\/\" class=\"button success\" style=\"border-radius:99px;\">\n\t\t<span>voir nos forfaits safari<\/span>\n\t<\/a>\n\n\t\t<\/div>\n\t\t\t\t\t<\/div>\n\n\t\n\n\t<div id=\"col-1645782995\" class=\"col medium-6 small-12 large-6 small-col-first\"  >\n\t\t\t\t<div class=\"col-inner\"  >\n\t\t\t\n\t\t\t\n\n  <div class=\"banner has-hover overlay-brush\" id=\"banner-1912685196\">\n          <div class=\"banner-inner fill\">\n        <div class=\"banner-bg fill\" >\n            <img decoding=\"async\" width=\"1020\" height=\"765\" data-src=\"https:\/\/shemejisafari.com\/wp-content\/smush-webp\/2025\/10\/46696111354_469dbd3902_o-1024x768.jpg.webp\" class=\"bg attachment-large size-large lazyload\" alt=\"\" src=\"data:image\/svg+xml;base64,PHN2ZyB3aWR0aD0iMSIgaGVpZ2h0PSIxIiB4bWxucz0iaHR0cDovL3d3dy53My5vcmcvMjAwMC9zdmciPjwvc3ZnPg==\" style=\"--smush-placeholder-width: 1020px; --smush-placeholder-aspect-ratio: 1020\/765;\" data-srcset=\"https:\/\/shemejisafari.com\/wp-content\/smush-webp\/2025\/10\/46696111354_469dbd3902_o-1024x768.jpg.webp 1024w, https:\/\/shemejisafari.com\/wp-content\/smush-webp\/2025\/10\/46696111354_469dbd3902_o-300x225.jpg.webp 300w, https:\/\/shemejisafari.com\/wp-content\/smush-webp\/2025\/10\/46696111354_469dbd3902_o-768x576.jpg.webp 768w, https:\/\/shemejisafari.com\/wp-content\/smush-webp\/2025\/10\/46696111354_469dbd3902_o-1536x1152.jpg.webp 1536w, https:\/\/shemejisafari.com\/wp-content\/smush-webp\/2025\/10\/46696111354_469dbd3902_o-2048x1536.jpg.webp 2048w\" data-sizes=\"auto\" data-original-sizes=\"(max-width: 1020px) 100vw, 1020px\" \/>                        <div class=\"overlay\"><\/div>            \n                    <\/div>\n\t\t\n        <div class=\"banner-layers container\">\n            <div class=\"fill banner-link\"><\/div>            \n   <div id=\"text-box-84557713\" class=\"text-box banner-layer x50 md-x50 lg-x50 y50 md-y50 lg-y50 res-text\">\n                                <div class=\"text-box-content text dark\">\n              \n              <div class=\"text-inner text-center\">\n                  \n              <\/div>\n           <\/div>\n                            \n<style>\n#text-box-84557713 {\n  width: 60%;\n}\n#text-box-84557713 .text-box-content {\n  font-size: 100%;\n}\n@media (min-width:550px) {\n  #text-box-84557713 {\n    width: 60%;\n  }\n}\n<\/style>\n    <\/div>\n \n        <\/div>\n      <\/div>\n\n            \n<style>\n#banner-1912685196 {\n  padding-top: 250px;\n}\n#banner-1912685196 .overlay {\n  background-color: rgba(0, 0, 0, 0);\n}\n@media (min-width:550px) {\n  #banner-1912685196 {\n    padding-top: 500px;\n  }\n}\n<\/style>\n  <\/div>\n\n\n\t\t<\/div>\n\t\t\t\t\t<\/div>\n\n\t\n<\/div>\n\t\t<\/div>\n\n\t\t\n<style>\n#section_1213330208 {\n  padding-top: 30px;\n  padding-bottom: 30px;\n}\n<\/style>\n\t<\/section>\n\t\n","protected":false},"excerpt":{"rendered":"","protected":false},"author":1,"featured_media":0,"parent":0,"menu_order":0,"comment_status":"closed","ping_status":"closed","template":"","meta":{"_acf_changed":false,"content-type":"","footnotes":""},"class_list":["post-3696","page","type-page","status-publish","hentry"],"acf":[],"_links":{"self":[{"href":"https:\/\/shemejisafari.com\/fr\/wp-json\/wp\/v2\/pages\/3696","targetHints":{"allow":["GET"]}}],"collection":[{"href":"https:\/\/shemejisafari.com\/fr\/wp-json\/wp\/v2\/pages"}],"about":[{"href":"https:\/\/shemejisafari.com\/fr\/wp-json\/wp\/v2\/types\/page"}],"author":[{"embeddable":true,"href":"https:\/\/shemejisafari.com\/fr\/wp-json\/wp\/v2\/users\/1"}],"replies":[{"embeddable":true,"href":"https:\/\/shemejisafari.com\/fr\/wp-json\/wp\/v2\/comments?post=3696"}],"version-history":[{"count":8,"href":"https:\/\/shemejisafari.com\/fr\/wp-json\/wp\/v2\/pages\/3696\/revisions"}],"predecessor-version":[{"id":6311,"href":"https:\/\/shemejisafari.com\/fr\/wp-json\/wp\/v2\/pages\/3696\/revisions\/6311"}],"wp:attachment":[{"href":"https:\/\/shemejisafari.com\/fr\/wp-json\/wp\/v2\/media?parent=3696"}],"curies":[{"name":"wp","href":"https:\/\/api.w.org\/{rel}","templated":true}]}}