{"id":5167,"date":"2025-04-07T10:25:39","date_gmt":"2025-04-07T08:25:39","guid":{"rendered":"https:\/\/shemejisafari.com\/politique-de-confidentialite\/"},"modified":"2025-12-09T13:06:31","modified_gmt":"2025-12-09T12:06:31","slug":"politique-de-confidentialite","status":"publish","type":"page","link":"https:\/\/shemejisafari.com\/fr\/politique-de-confidentialite\/","title":{"rendered":"Politique de confidentialit\u00e9"},"content":{"rendered":"\n\t<section class=\"section hero content-bottom dark\" id=\"section_696983909\">\n\t\t<div class=\"section-bg fill\" >\n\t\t\t<img decoding=\"async\" width=\"1200\" height=\"800\" data-src=\"https:\/\/shemejisafari.com\/wp-content\/smush-webp\/2025\/06\/Africa-Safari-Nyerere-02.jpg.webp\" class=\"bg attachment-2048x2048 size-2048x2048 lazyload\" alt=\"\" src=\"data:image\/svg+xml;base64,PHN2ZyB3aWR0aD0iMSIgaGVpZ2h0PSIxIiB4bWxucz0iaHR0cDovL3d3dy53My5vcmcvMjAwMC9zdmciPjwvc3ZnPg==\" style=\"--smush-placeholder-width: 1200px; --smush-placeholder-aspect-ratio: 1200\/800;\" data-srcset=\"https:\/\/shemejisafari.com\/wp-content\/smush-webp\/2025\/06\/Africa-Safari-Nyerere-02.jpg.webp 1200w, https:\/\/shemejisafari.com\/wp-content\/smush-webp\/2025\/06\/Africa-Safari-Nyerere-02-300x200.jpg.webp 300w, https:\/\/shemejisafari.com\/wp-content\/smush-webp\/2025\/06\/Africa-Safari-Nyerere-02-1024x683.jpg.webp 1024w, https:\/\/shemejisafari.com\/wp-content\/smush-webp\/2025\/06\/Africa-Safari-Nyerere-02-768x512.jpg.webp 768w\" data-sizes=\"auto\" data-original-sizes=\"(max-width: 1200px) 100vw, 1200px\" \/>\t\t\t\t\t\t<div class=\"section-bg-overlay absolute fill\"><\/div>\n\t\t\t\n\n\t\t<\/div>\n\n\t\t\n\n\t\t<div class=\"section-content relative\">\n\t\t\t\n<div class=\"row\"  id=\"row-1549581762\">\n\n\t<div id=\"col-957655109\" class=\"col medium-7 small-12 large-7\"  >\n\t\t\t\t<div class=\"col-inner text-shadow-2\"  >\n\t\t\t\n\t\t\t\n<h1>Politique de confidentialit\u00e9<\/h1>\n\t\t<\/div>\n\t\t\t\t\t<\/div>\n\n\t\n<\/div>\n\t\t<\/div>\n\n\t\t\n<style>\n#section_696983909 {\n  padding-top: 30px;\n  padding-bottom: 30px;\n  min-height: 125px;\n}\n#section_696983909 .section-bg-overlay {\n  background-color: rgba(0, 0, 0, 0);\n}\n#section_696983909 .section-bg img {\n  object-position: 48% 93%;\n}\n@media (min-width:550px) {\n  #section_696983909 {\n    min-height: 250px;\n  }\n}\n@media (min-width:850px) {\n  #section_696983909 {\n    min-height: 325px;\n  }\n}\n<\/style>\n\t<\/section>\n\t\n\n\t<section class=\"section\" id=\"section_1896753763\">\n\t\t<div class=\"section-bg fill\" >\n\t\t\t\t\t\t\t\t\t\n\t\t\t\n\n\t\t<\/div>\n\n\t\t\n\n\t\t<div class=\"section-content relative\">\n\t\t\t\n<div class=\"row\"  id=\"row-1428232869\">\n\n\t<div id=\"col-573104102\" class=\"col small-12 large-12\"  >\n\t\t\t\t<div class=\"col-inner\"  >\n\t\t\t\n\t\t\t\n\n\n\n\t\t<\/div>\n\t\t\t\t\t<\/div>\n\n\t\n<\/div>\n<div class=\"row align-center\"  id=\"row-1119517710\">\n\n\t<div id=\"col-1895411629\" class=\"col small-12 large-12\"  >\n\t\t\t\t<div class=\"col-inner text-center\"  >\n\t\t\t\n\t\t\t\n\t<div id=\"text-4093149669\" class=\"text\">\n\t\t\n<p>Shemeji Safari (\u00ab nous \u00bb, \u00ab notre \u00bb, \u00ab nos \u00bb) s&rsquo;engage \u00e0 prot\u00e9ger votre vie priv\u00e9e et vos donn\u00e9es personnelles. Cette Politique de confidentialit\u00e9 explique comment nous collectons, utilisons, partageons et prot\u00e9geons vos informations personnelles en conformit\u00e9 avec le R\u00e8glement g\u00e9n\u00e9ral sur la protection des donn\u00e9es (RGPD) et autres lois applicables de l&rsquo;UE et de la Tanzanie en mati\u00e8re de protection des donn\u00e9es. <\/p>\n<h2>Responsable du traitement des donn\u00e9es<\/h2>\n<p>Shemeji Safari est le responsable du traitement de vos donn\u00e9es personnelles. Nos coordonn\u00e9es sont :<br \/>Shemeji Safari, <a href=\"mailto:contact@shemejisafari.com\"><strong>contact@shemejisafari.com<\/strong><\/a> <\/p>\n<h2>Donn\u00e9es personnelles que nous collectons<\/h2>\n<p>Nous pouvons collecter et traiter les cat\u00e9gories suivantes de donn\u00e9es personnelles :<\/p>\n<ul>\n<li>Informations de contact (nom, adresse e-mail, num\u00e9ro de t\u00e9l\u00e9phone)<\/li>\n<li>D\u00e9tails de r\u00e9servation (dates de voyage, pr\u00e9f\u00e9rences d&rsquo;h\u00e9bergement, exigences alimentaires)<\/li>\n<li>Informations de paiement<\/li>\n<li>Communications avec nous<\/li>\n<li>Donn\u00e9es d&rsquo;utilisation du site web (Les donn\u00e9es sont collect\u00e9es via Google Analytics et peuvent \u00eatre emp\u00each\u00e9es en d\u00e9sactivant les cookies dans le navigateur)<\/li>\n<\/ul>\n<h2>Comment nous utilisons vos donn\u00e9es personnelles<\/h2>\n<p>Nous traitons vos donn\u00e9es personnelles aux fins suivantes :<\/p>\n<ul>\n<li>Pour fournir nos services de safari (voyage) et r\u00e9pondre \u00e0 vos demandes de r\u00e9servation<\/li>\n<li>Pour communiquer avec vous concernant votre r\u00e9servation<\/li>\n<li>Pour traiter les paiements<\/li>\n<li>Pour am\u00e9liorer notre site web et nos services<\/li>\n<li>Pour nous conformer aux obligations l\u00e9gales<\/li>\n<\/ul>\n<p>Les bases l\u00e9gales pour le traitement de vos donn\u00e9es sont :<\/p>\n<ul>\n<li>L&rsquo;ex\u00e9cution d&rsquo;un contrat lorsque nous vous fournissons nos services<\/li>\n<li>Nos int\u00e9r\u00eats l\u00e9gitimes dans l&rsquo;exploitation et l&rsquo;am\u00e9lioration de notre entreprise<\/li>\n<li>Votre consentement, lorsque nous l&rsquo;avons demand\u00e9<\/li>\n<li>Le respect de nos obligations l\u00e9gales<\/li>\n<\/ul>\n<h2>Conservation des donn\u00e9es<\/h2>\n<p>Nous ne conserverons vos donn\u00e9es personnelles que le temps n\u00e9cessaire pour accomplir les finalit\u00e9s pour lesquelles nous les avons collect\u00e9es, y compris \u00e0 des fins l\u00e9gales, comptables, marketing ou d&rsquo;exigences de rapport.<\/p>\n<h2>Vos droits en mati\u00e8re de protection des donn\u00e9es<\/h2>\n<p>Sous le RGPD, vous disposez des droits suivants :<\/p>\n<ul>\n<li>Acc\u00e9der \u00e0 vos donn\u00e9es personnelles<\/li>\n<li>Corriger les donn\u00e9es personnelles inexactes<\/li>\n<li>Demander l&rsquo;effacement de vos donn\u00e9es personnelles<\/li>\n<li>Vous opposer au traitement de vos donn\u00e9es personnelles<\/li>\n<li>Demander la limitation du traitement de vos donn\u00e9es personnelles<\/li>\n<li>Demander le transfert de vos donn\u00e9es personnelles<\/li>\n<li>Retirer votre consentement<\/li>\n<\/ul>\n<p>Pour exercer l&rsquo;un de ces droits, veuillez nous contacter en utilisant les coordonn\u00e9es fournies ci-dessus.<\/p>\n<h2>Transferts internationaux<\/h2>\n<p>Nous pouvons transf\u00e9rer vos donn\u00e9es personnelles vers des pays en dehors de l&rsquo;Espace \u00e9conomique europ\u00e9en (EEE) et de la Tanzanie. Lorsque nous le faisons, nous nous assurons que des garanties appropri\u00e9es sont en place pour prot\u00e9ger vos donn\u00e9es. <\/p>\n<h2>S\u00e9curit\u00e9 des donn\u00e9es<\/h2>\n<p>Nous avons mis en place des mesures techniques et organisationnelles appropri\u00e9es pour prot\u00e9ger vos donn\u00e9es personnelles contre tout traitement non autoris\u00e9 ou ill\u00e9gal, toute perte accidentelle, destruction ou dommage.<\/p>\n<h2>Liens vers d&rsquo;autres sites web<\/h2>\n<p>Notre Service peut contenir des liens vers d&rsquo;autres sites web que nous n&rsquo;exploitons pas. Si vous cliquez sur un lien tiers, vous serez dirig\u00e9 vers le site de ce tiers. Nous vous conseillons vivement de consulter la Politique de confidentialit\u00e9 de chaque site que vous visitez.  <\/p>\n<p>Nous n&rsquo;avons aucun contr\u00f4le et n&rsquo;assumons aucune responsabilit\u00e9 concernant le contenu, les politiques de confidentialit\u00e9 ou les pratiques de tout site ou service tiers.<\/p>\n<h2>Modifications de cette Politique de confidentialit\u00e9<\/h2>\n<p>Nous pouvons mettre \u00e0 jour cette Politique de confidentialit\u00e9 de temps \u00e0 autre. Nous vous informerons de tout changement significatif en publiant la nouvelle Politique de confidentialit\u00e9 sur cette page. <\/p>\n<h2>Nous contacter<\/h2>\n<p>Si vous avez des questions concernant cette Politique de Confidentialit\u00e9, veuillez nous contacter \u00e0 : <a href=\"mailto:contact@shemejisafari.com\"><strong>contact@shemejisafari.com<\/strong><\/a><\/p>\n<p>Derni\u00e8re mise \u00e0 jour : 29\/10\/2024<\/p>\n\t\t\n<style>\n#text-4093149669 {\n  text-align: left;\n}\n<\/style>\n\t<\/div>\n\t\n\t\t<\/div>\n\t\t\t\t\t<\/div>\n\n\t\n<\/div>\n\t\t<\/div>\n\n\t\t\n<style>\n#section_1896753763 {\n  padding-top: 30px;\n  padding-bottom: 30px;\n}\n<\/style>\n\t<\/section>\n\t\n","protected":false},"excerpt":{"rendered":"","protected":false},"author":1,"featured_media":0,"parent":0,"menu_order":0,"comment_status":"closed","ping_status":"closed","template":"","meta":{"_acf_changed":false,"content-type":"","footnotes":""},"class_list":["post-5167","page","type-page","status-publish","hentry"],"acf":[],"_links":{"self":[{"href":"https:\/\/shemejisafari.com\/fr\/wp-json\/wp\/v2\/pages\/5167","targetHints":{"allow":["GET"]}}],"collection":[{"href":"https:\/\/shemejisafari.com\/fr\/wp-json\/wp\/v2\/pages"}],"about":[{"href":"https:\/\/shemejisafari.com\/fr\/wp-json\/wp\/v2\/types\/page"}],"author":[{"embeddable":true,"href":"https:\/\/shemejisafari.com\/fr\/wp-json\/wp\/v2\/users\/1"}],"replies":[{"embeddable":true,"href":"https:\/\/shemejisafari.com\/fr\/wp-json\/wp\/v2\/comments?post=5167"}],"version-history":[{"count":8,"href":"https:\/\/shemejisafari.com\/fr\/wp-json\/wp\/v2\/pages\/5167\/revisions"}],"predecessor-version":[{"id":6773,"href":"https:\/\/shemejisafari.com\/fr\/wp-json\/wp\/v2\/pages\/5167\/revisions\/6773"}],"wp:attachment":[{"href":"https:\/\/shemejisafari.com\/fr\/wp-json\/wp\/v2\/media?parent=5167"}],"curies":[{"name":"wp","href":"https:\/\/api.w.org\/{rel}","templated":true}]}}