{"id":3715,"date":"2025-07-22T16:11:05","date_gmt":"2025-07-22T14:11:05","guid":{"rendered":"https:\/\/shemejisafari.com\/recensioni-dei-viaggiatori\/"},"modified":"2025-11-14T13:43:18","modified_gmt":"2025-11-14T12:43:18","slug":"recensioni-dei-viaggiatori","status":"publish","type":"page","link":"https:\/\/shemejisafari.com\/it\/recensioni-dei-viaggiatori\/","title":{"rendered":"Recensioni dei viaggiatori"},"content":{"rendered":"\n\t<section class=\"section hero content-bottom dark\" id=\"section_579368457\">\n\t\t<div class=\"section-bg fill\" >\n\t\t\t<img decoding=\"async\" width=\"2560\" height=\"1920\" data-src=\"https:\/\/shemejisafari.com\/wp-content\/smush-webp\/2025\/10\/53914263135_0b49167903_o-scaled.jpg.webp\" class=\"bg attachment-original size-original lazyload\" alt=\"\" src=\"data:image\/svg+xml;base64,PHN2ZyB3aWR0aD0iMSIgaGVpZ2h0PSIxIiB4bWxucz0iaHR0cDovL3d3dy53My5vcmcvMjAwMC9zdmciPjwvc3ZnPg==\" style=\"--smush-placeholder-width: 2560px; --smush-placeholder-aspect-ratio: 2560\/1920;\" data-srcset=\"https:\/\/shemejisafari.com\/wp-content\/smush-webp\/2025\/10\/53914263135_0b49167903_o-scaled.jpg.webp 2560w, https:\/\/shemejisafari.com\/wp-content\/smush-webp\/2025\/10\/53914263135_0b49167903_o-300x225.jpg.webp 300w, https:\/\/shemejisafari.com\/wp-content\/smush-webp\/2025\/10\/53914263135_0b49167903_o-1024x768.jpg.webp 1024w, https:\/\/shemejisafari.com\/wp-content\/smush-webp\/2025\/10\/53914263135_0b49167903_o-768x576.jpg.webp 768w, https:\/\/shemejisafari.com\/wp-content\/smush-webp\/2025\/10\/53914263135_0b49167903_o-1536x1152.jpg.webp 1536w, https:\/\/shemejisafari.com\/wp-content\/smush-webp\/2025\/10\/53914263135_0b49167903_o-2048x1536.jpg.webp 2048w\" data-sizes=\"auto\" data-original-sizes=\"(max-width: 2560px) 100vw, 2560px\" \/>\t\t\t\t\t\t<div class=\"section-bg-overlay absolute fill\"><\/div>\n\t\t\t\n\n\t\t<\/div>\n\n\t\t\n\n\t\t<div class=\"section-content relative\">\n\t\t\t\n<div class=\"row\"  id=\"row-1403203440\">\n\n\t<div id=\"col-809475471\" class=\"col medium-6 small-12 large-6\"  >\n\t\t\t\t<div class=\"col-inner text-shadow-2\"  >\n\t\t\t\n\t\t\t\n<h1>Recensioni dei viaggiatori<\/h1>\n<p>Scopri cosa pensano di noi i nostri ospiti del safari<\/p>\n\t\t<\/div>\n\t\t\t\t\t<\/div>\n\n\t\n<\/div>\n\t\t<\/div>\n\n\t\t\n<style>\n#section_579368457 {\n  padding-top: 30px;\n  padding-bottom: 30px;\n  min-height: 400px;\n}\n#section_579368457 .section-bg-overlay {\n  background-color: rgba(0, 0, 0, 0);\n}\n#section_579368457 .section-bg img {\n  object-position: 48% 41%;\n}\n@media (min-width:550px) {\n  #section_579368457 {\n    min-height: 600px;\n  }\n}\n<\/style>\n\t<\/section>\n\t\n\n\t<section class=\"section\" id=\"section_1154108592\">\n\t\t<div class=\"section-bg fill\" >\n\t\t\t\t\t\t\t\t\t\n\t\t\t\n\n\t\t<\/div>\n\n\t\t\n\n\t\t<div class=\"section-content relative\">\n\t\t\t\n<div class=\"row\"  id=\"row-1073437418\">\n\n\t<div id=\"col-1926306578\" class=\"col small-12 large-12\"  >\n\t\t\t\t<div class=\"col-inner\"  >\n\t\t\t\n\t\t\t\n\n\n\n\t\t<\/div>\n\t\t\t\t\t<\/div>\n\n\t\n<\/div>\n<div class=\"row align-middle\"  id=\"row-1204221056\">\n\n\t<div id=\"col-1545985258\" class=\"col medium-5 small-12 large-5\"  >\n\t\t\t\t<div class=\"col-inner\"  >\n\t\t\t\n\t\t\t\n<p>Servizio personalizzato, safari di qualit\u00e0 e guide esperte. Per Shemeji Safari, questo \u00e8 fondamentale. Il nostro team olandese e tanzaniano \u00e8 formato per organizzare il miglior viaggio safari. Per fare quel qualcosa in pi\u00f9 per te. Ma non \u00e8 tutto. Alla Shemeji Safari ci teniamo alla nostra comunit\u00e0. Per questo doniamo una parte dei nostri profitti all&#8217;istruzione per le ragazze Maasai. Vieni a esplorare l&#8217;incredibile Serengeti e il cratere di Ngorongoro con Shemeji Safari!       <\/p>\n\t\t<\/div>\n\t\t\t\t\t<\/div>\n\n\t\n\n\t<div id=\"col-1553733233\" class=\"col medium-7 small-12 large-7 small-col-first\"  >\n\t\t\t\t<div class=\"col-inner\"  >\n\t\t\t\n\t\t\t\n\n<div id=\"TA_selfserveprop673\" class=\"TA_selfserveprop\" align=\"center\">\n<ul id=\"NJMqBb\" class=\"TA_links rfTfUUKk\">\n<li id=\"emwHWF4d\" class=\"f89K43qm\"><a href=\"https:\/\/www.tripadvisor.com\/Attraction_Review-g297913-d10224838-Reviews-Shemeji_Safari_Tanzania-Arusha_Arusha_Region.html\" target=\"_blank\" rel=\"noopener\"><img decoding=\"async\" data-src=\"https:\/\/www.tripadvisor.com\/img\/cdsi\/img2\/branding\/v2\/Tripadvisor_lockup_horizontal_secondary_registered-11900-2.svg\" alt=\"TripAdvisor\" src=\"data:image\/svg+xml;base64,PHN2ZyB3aWR0aD0iMSIgaGVpZ2h0PSIxIiB4bWxucz0iaHR0cDovL3d3dy53My5vcmcvMjAwMC9zdmciPjwvc3ZnPg==\" class=\"lazyload\"><\/a><\/li>\n<\/ul>\n<\/div>\n<p><script async=\"\" src=\"https:\/\/www.jscache.com\/wejs?wtype=selfserveprop&amp;uniq=673&amp;locationId=10224838&amp;lang=en_US&amp;rating=true&amp;nreviews=4&amp;writereviewlink=true&amp;popIdx=false&amp;iswide=true&amp;border=true&amp;display_version=2\" data-loadtrk=\"\" onload=\"this.loadtrk=true\"><\/script><br \/>\n\n\t\t<\/div>\n\t\t\t\t\t<\/div>\n\n\t\n<\/div>\n\t\t<\/div>\n\n\t\t\n<style>\n#section_1154108592 {\n  padding-top: 30px;\n  padding-bottom: 30px;\n}\n<\/style>\n\t<\/section>\n\t\n","protected":false},"excerpt":{"rendered":"","protected":false},"author":1,"featured_media":0,"parent":0,"menu_order":0,"comment_status":"closed","ping_status":"closed","template":"","meta":{"_acf_changed":false,"content-type":"","footnotes":""},"class_list":["post-3715","page","type-page","status-publish","hentry"],"acf":[],"_links":{"self":[{"href":"https:\/\/shemejisafari.com\/it\/wp-json\/wp\/v2\/pages\/3715","targetHints":{"allow":["GET"]}}],"collection":[{"href":"https:\/\/shemejisafari.com\/it\/wp-json\/wp\/v2\/pages"}],"about":[{"href":"https:\/\/shemejisafari.com\/it\/wp-json\/wp\/v2\/types\/page"}],"author":[{"embeddable":true,"href":"https:\/\/shemejisafari.com\/it\/wp-json\/wp\/v2\/users\/1"}],"replies":[{"embeddable":true,"href":"https:\/\/shemejisafari.com\/it\/wp-json\/wp\/v2\/comments?post=3715"}],"version-history":[{"count":5,"href":"https:\/\/shemejisafari.com\/it\/wp-json\/wp\/v2\/pages\/3715\/revisions"}],"predecessor-version":[{"id":6320,"href":"https:\/\/shemejisafari.com\/it\/wp-json\/wp\/v2\/pages\/3715\/revisions\/6320"}],"wp:attachment":[{"href":"https:\/\/shemejisafari.com\/it\/wp-json\/wp\/v2\/media?parent=3715"}],"curies":[{"name":"wp","href":"https:\/\/api.w.org\/{rel}","templated":true}]}}